{"id":9249,"date":"2025-09-17T12:25:24","date_gmt":"2025-09-17T10:25:24","guid":{"rendered":"https:\/\/boreait.com\/hu\/?post_type=product&#038;p=9249"},"modified":"2026-02-04T08:49:38","modified_gmt":"2026-02-04T07:49:38","slug":"fujitsu-lifebook-ah531-ah512-a531-alapburkolat-ajtopanel-cp515947-01-alkatresz","status":"publish","type":"product","link":"https:\/\/boreait.com\/hu\/termek\/fujitsu-lifebook-ah531-ah512-a531-alapburkolat-ajtopanel-cp515947-01-alkatresz\/","title":{"rendered":"Fujitsu LifeBook AH531 AH512 A531 alapburkolat ajt\u00f3panel CP515947-01 alkatr\u00e9sz"},"content":{"rendered":"<p>Alak\u00edtsa \u00e1t Fujitsu LifeBook AH531 AH512 A531 k\u00e9sz\u00fcl\u00e9k\u00e9t karcs\u00fa \u00e9s st\u00edlusos er\u0151m\u0171v\u00e9 ezzel az eredeti alapburkolati ajt\u00f3panellel. Ezt a t\u00f6k\u00e9letesre kidolgozott 3FFH5BDJT00 CP515947-01 cserealkatr\u00e9szt \u00fagy tervezt\u00e9k, hogy t\u00f6k\u00e9letesen illeszkedjen laptopj\u00e1hoz, \u00e9s hib\u00e1tlan megjelen\u00e9st biztos\u00edtson.<\/p>\n<p>Mondjon b\u00facs\u00fat a r\u00e9gi, elhaszn\u00e1l\u00f3dott paneleknek, \u00e9s k\u00f6sz\u00f6ntse a felfriss\u00fclt megjelen\u00e9st, amely professzionalizmust \u00e9s kifinomults\u00e1got \u00e1raszt. Kiv\u00e1l\u00f3 min\u0151s\u00e9g\u0171 anyagokb\u00f3l k\u00e9sz\u00fclt, ez az alapburkolat ajt\u00f3panel tart\u00f3ss\u00e1got \u00e9s hossz\u00fa \u00e9lettartamot garant\u00e1l, \u00edgy biztos lehet benne, hogy laptopja v\u00e9dett \u00e9s biztons\u00e1gos.<\/p>\n<p>Friss\u00edtse laptopja eszt\u00e9tikai megjelen\u00e9s\u00e9t \u00e9s funkcionalit\u00e1s\u00e1t ezzel az eredeti Fujitsu alapburkolat ajt\u00f3panellel. Legyen sz\u00f3 professzion\u00e1lis \u00fatk\u00f6zben vagy m\u0171szakilag j\u00e1rtas szem\u00e9lyr\u0151l, ez a cserealkatr\u00e9sz k\u00f6telez\u0151 mindenkinek, aki fejleszteni szeretn\u00e9 k\u00e9sz\u00fcl\u00e9k\u00e9t. Szerezze be a mag\u00e1\u00e9t, \u00e9s tapasztalja meg a k\u00fcl\u00f6nbs\u00e9get!<\/p>\n","protected":false},"excerpt":{"rendered":"<p>Friss\u00edtse Fujitsu LifeBook AH531 AH512 A531 k\u00e9sz\u00fcl\u00e9k\u00e9t ezzel az eredeti alapburkolati ajt\u00f3panellel. Ez a prec\u00edzen megszerkesztett \u00e9s t\u00f6k\u00e9letesre tervezett panel 3FFH5BDJT00 CP515947-01 cikksz\u00e1mmal z\u00f6kken\u0151mentes illeszked\u00e9st \u00e9s tart\u00f3s tart\u00f3ss\u00e1got biztos\u00edt. N\u00f6velje laptopja eszt\u00e9tik\u00e1j\u00e1t \u00e9s funkcionalit\u00e1s\u00e1t m\u00e9g ma!<\/p>\n","protected":false},"featured_media":9322,"template":"","meta":[],"product_brand":[],"product_cat":[16],"product_tag":[28],"class_list":{"0":"post-9249","1":"product","2":"type-product","3":"status-publish","4":"has-post-thumbnail","6":"product_cat-laptop-housing","7":"product_tag-fujitsu","9":"first","10":"instock","11":"taxable","12":"shipping-taxable","13":"purchasable","14":"product-type-simple"},"_links":{"self":[{"href":"https:\/\/boreait.com\/hu\/wp-json\/wp\/v2\/product\/9249","targetHints":{"allow":["GET"]}}],"collection":[{"href":"https:\/\/boreait.com\/hu\/wp-json\/wp\/v2\/product"}],"about":[{"href":"https:\/\/boreait.com\/hu\/wp-json\/wp\/v2\/types\/product"}],"wp:featuredmedia":[{"embeddable":true,"href":"https:\/\/boreait.com\/hu\/wp-json\/wp\/v2\/media\/9322"}],"wp:attachment":[{"href":"https:\/\/boreait.com\/hu\/wp-json\/wp\/v2\/media?parent=9249"}],"wp:term":[{"taxonomy":"product_brand","embeddable":true,"href":"https:\/\/boreait.com\/hu\/wp-json\/wp\/v2\/product_brand?post=9249"},{"taxonomy":"product_cat","embeddable":true,"href":"https:\/\/boreait.com\/hu\/wp-json\/wp\/v2\/product_cat?post=9249"},{"taxonomy":"product_tag","embeddable":true,"href":"https:\/\/boreait.com\/hu\/wp-json\/wp\/v2\/product_tag?post=9249"}],"curies":[{"name":"wp","href":"https:\/\/api.w.org\/{rel}","templated":true}]}}