{"id":9246,"date":"2025-09-17T12:25:23","date_gmt":"2025-09-17T10:25:23","guid":{"rendered":"https:\/\/boreait.com\/hu\/?post_type=product&#038;p=9246"},"modified":"2026-02-03T15:59:36","modified_gmt":"2026-02-03T14:59:36","slug":"intel-centrino-advanced-n-6205-wifi-kartya-thinkpad-t430s-x230-x220i-t530-60y3253-hoz","status":"publish","type":"product","link":"https:\/\/boreait.com\/hu\/termek\/intel-centrino-advanced-n-6205-wifi-kartya-thinkpad-t430s-x230-x220i-t530-60y3253-hoz\/","title":{"rendered":"Intel Centrino Advanced-N 6205 WiFi k\u00e1rtya Thinkpad T430S X230 X220i T530 60Y3253-hoz"},"content":{"rendered":"<p>B\u0151v\u00edtse laptopja vezet\u00e9k n\u00e9lk\u00fcli kapcsolat\u00e1t az Intel Centrino Advanced-N 6205 WiFi k\u00e1rty\u00e1val. Ez a kifejezetten a Thinkpad T430S, X230, X220i \u00e9s T530 modellekhez tervezett WiFi k\u00e1rtya z\u00f6kken\u0151mentes \u00e9s stabil internetkapcsolatot biztos\u00edt napi feladataihoz. Tapasztalja meg a gyorsabb let\u00f6lt\u00e9si \u00e9s felt\u00f6lt\u00e9si sebess\u00e9get, a g\u00f6rd\u00fcl\u00e9kenyebb streamel\u00e9st \u00e9s a tov\u00e1bbfejlesztett online j\u00e1t\u00e9kot ezzel a megb\u00edzhat\u00f3 \u00e9s nagy teljes\u00edtm\u00e9ny\u0171 WiFi-k\u00e1rty\u00e1val.<\/p>\n<p>Az Intel Centrino Advanced-N 6205 WiFi k\u00e1rty\u00e1val mondjon b\u00facs\u00fat a k\u00e9sleltetett internetkapcsolatoknak \u00e9s a jelkies\u00e9seknek. Fejlett technol\u00f3gi\u00e1ja jobb lefedetts\u00e9get \u00e9s nagyobb megb\u00edzhat\u00f3s\u00e1got biztos\u00edt, lehet\u0151v\u00e9 t\u00e9ve, hogy b\u00e1rhov\u00e1 is megy, kapcsolatban maradjon. Ak\u00e1r k\u00e1v\u00e9z\u00f3ban dolgozik, ak\u00e1r utazik, ak\u00e1r csak otthon, ez a WiFi k\u00e1rtya folyamatos \u00e9s gyors kapcsolatot garant\u00e1l.<\/p>\n<p>Ezzel a Wi-Fi-k\u00e1rty\u00e1val a telep\u00edt\u00e9s gyerekj\u00e1t\u00e9k, \u00edgy k\u00e9nyelmes \u00e9s k\u00f6lts\u00e9ghat\u00e9kony friss\u00edt\u00e9st tesz lehet\u0151v\u00e9 laptopj\u00e1hoz. Egyszer\u0171en telep\u00edtse a k\u00e1rty\u00e1t, t\u00f6ltse le az illeszt\u0151programokat, \u00e9s azonnal \u00e9lvezze a tov\u00e1bbfejlesztett vezet\u00e9k n\u00e9lk\u00fcli teljes\u00edtm\u00e9nyt. Ne hagyja, hogy a lass\u00fa vagy megb\u00edzhatatlan internetkapcsolat visszatartson \u2013 fektessen be az Intel Centrino Advanced-N 6205 WiFi k\u00e1rty\u00e1ba, \u00e9s \u00e9lvezze a z\u00f6kken\u0151mentes online \u00e9lm\u00e9nyt.<\/p>\n","protected":false},"excerpt":{"rendered":"<p>Fokozza laptopja csatlakoztathat\u00f3s\u00e1g\u00e1t az Intel Centrino Advanced-N 6205 WiFi k\u00e1rty\u00e1val. A Thinkpad T430S, X230, X220i, T530 \u00e9s m\u00e1s k\u00e1rty\u00e1kkal kompatibilis k\u00e1rtya gyorsabb \u00e9s megb\u00edzhat\u00f3bb vezet\u00e9k n\u00e9lk\u00fcli teljes\u00edtm\u00e9nyt biztos\u00edt. Maradjon z\u00f6kken\u0151mentesen kapcsolatban, \u00e9s \u00e9lvezze a g\u00f6rd\u00fcl\u00e9keny b\u00f6ng\u00e9sz\u00e9si \u00e9s streamel\u00e9si \u00e9lm\u00e9nyt. Friss\u00edtse eszk\u00f6z\u00e9t k\u00f6nnyed\u00e9n ezzel a kiv\u00e1l\u00f3 min\u0151s\u00e9g\u0171 WiFi-k\u00e1rty\u00e1val.<\/p>\n","protected":false},"featured_media":9312,"template":"","meta":[],"product_brand":[],"product_cat":[27],"product_tag":[26],"class_list":{"0":"post-9246","1":"product","2":"type-product","3":"status-publish","4":"has-post-thumbnail","6":"product_cat-motherboards-board-parts","7":"product_tag-lenovo","9":"first","10":"instock","11":"taxable","12":"shipping-taxable","13":"purchasable","14":"product-type-simple"},"_links":{"self":[{"href":"https:\/\/boreait.com\/hu\/wp-json\/wp\/v2\/product\/9246","targetHints":{"allow":["GET"]}}],"collection":[{"href":"https:\/\/boreait.com\/hu\/wp-json\/wp\/v2\/product"}],"about":[{"href":"https:\/\/boreait.com\/hu\/wp-json\/wp\/v2\/types\/product"}],"wp:featuredmedia":[{"embeddable":true,"href":"https:\/\/boreait.com\/hu\/wp-json\/wp\/v2\/media\/9312"}],"wp:attachment":[{"href":"https:\/\/boreait.com\/hu\/wp-json\/wp\/v2\/media?parent=9246"}],"wp:term":[{"taxonomy":"product_brand","embeddable":true,"href":"https:\/\/boreait.com\/hu\/wp-json\/wp\/v2\/product_brand?post=9246"},{"taxonomy":"product_cat","embeddable":true,"href":"https:\/\/boreait.com\/hu\/wp-json\/wp\/v2\/product_cat?post=9246"},{"taxonomy":"product_tag","embeddable":true,"href":"https:\/\/boreait.com\/hu\/wp-json\/wp\/v2\/product_tag?post=9246"}],"curies":[{"name":"wp","href":"https:\/\/api.w.org\/{rel}","templated":true}]}}