{"id":9234,"date":"2025-09-17T12:24:58","date_gmt":"2025-09-17T10:24:58","guid":{"rendered":"https:\/\/boreait.com\/hu\/?post_type=product&#038;p=9234"},"modified":"2026-02-03T15:58:49","modified_gmt":"2026-02-03T14:58:49","slug":"csere-25-huvelykes-hdd-caddy-fedel-ajtaja-thinkpad-x230i-p-n-60-4kh22-011","status":"publish","type":"product","link":"https:\/\/boreait.com\/hu\/termek\/csere-25-huvelykes-hdd-caddy-fedel-ajtaja-thinkpad-x230i-p-n-60-4kh22-011\/","title":{"rendered":"Csere 2,5 h\u00fcvelykes HDD Caddy fed\u00e9l ajtaja ThinkPad X230i P\/N 60.4KH22.011"},"content":{"rendered":"<p>Friss\u00edtse \u00e9s v\u00e9dje ThinkPad X230i k\u00e9sz\u00fcl\u00e9k\u00e9t ezzel a kiv\u00e1l\u00f3 min\u0151s\u00e9g\u0171, csavaros merevlemez-fed\u00e9llel. Kifejezetten a z\u00f6kken\u0151mentes illeszked\u00e9sre tervezve, ez a 2,5 h\u00fcvelykes merevlemezes burkolat ajtaja t\u00f6k\u00e9letes megold\u00e1s a merevlemez-meghajt\u00f3 biztons\u00e1gban tart\u00e1s\u00e1hoz. A P\/N 60.4KH22.011 biztos\u00edtja a kompatibilit\u00e1st \u00e9s az egyszer\u0171 telep\u00edt\u00e9st, lehet\u0151v\u00e9 t\u00e9ve a megl\u00e9v\u0151 fed\u00e9lajt\u00f3 egyszer\u0171 cser\u00e9j\u00e9t.<\/p>\n<p>Tart\u00f3s anyagokb\u00f3l k\u00e9sz\u00fclt, ez a fed\u0151ajt\u00f3 extra v\u00e9delmet ny\u00fajt a por, szennyez\u0151d\u00e9s \u00e9s egy\u00e9b lehets\u00e9ges s\u00e9r\u00fcl\u00e9sek ellen. A mell\u00e9kelt csavarok megk\u00f6nny\u00edtik a telep\u00edt\u00e9st, biztos\u00edtva a gyors \u00e9s probl\u00e9mamentes friss\u00edt\u00e9si folyamatot. Biztos lehet benne, hogy merevlemeze j\u00f3l v\u00e9dett \u00e9s optim\u00e1lisan m\u0171k\u00f6dik ezzel a megb\u00edzhat\u00f3 fed\u0151ajt\u00f3val.<\/p>\n<p>Mondjon b\u00facs\u00fat a merevlemez biztons\u00e1g\u00e1val \u00e9s m\u0171k\u00f6d\u00e9s\u00e9vel kapcsolatos aggodalmaknak. Fektessen be ebbe a csavarokkal ell\u00e1tott merevlemez-fed\u00e9lajt\u00f3ba m\u00e9g ma, \u00e9s \u00e9lvezze a nyugalmat, tudva, hogy \u00e9rt\u00e9kes adatai j\u00f3 kezekben vannak. Friss\u00edtse ThinkPad X230i k\u00e9sz\u00fcl\u00e9k\u00e9t ezzel az alapvet\u0151 tartoz\u00e9kkal, \u00e9s tapasztalja meg merevlemeze fokozott tart\u00f3ss\u00e1g\u00e1t \u00e9s v\u00e9delm\u00e9t.<\/p>\n","protected":false},"excerpt":{"rendered":"<p>Friss\u00edtse ThinkPad X230i k\u00e9sz\u00fcl\u00e9k\u00e9t ezzel a 2,5 h\u00fcvelykes HDD Caddy Cover Door ajt\u00f3val. A tart\u00f3s \u00e9s k\u00f6nnyen felszerelhet\u0151 fed\u0151ajt\u00f3 csavarokkal van felszerelve a biztons\u00e1gos r\u00f6gz\u00edt\u00e9s \u00e9rdek\u00e9ben. Mondjon b\u00facs\u00fat egy unalmas merevlemeznek, \u00e9s k\u00f6sz\u00f6nj\u00f6n egy st\u00edlusos t\u00e1rol\u00e1si megold\u00e1snak. Friss\u00edtse laptopj\u00e1t ezzel az eleg\u00e1ns \u00e9s funkcion\u00e1lis tartoz\u00e9kkal m\u00e9g ma!<\/p>\n","protected":false},"featured_media":9297,"template":"","meta":[],"product_brand":[],"product_cat":[16],"product_tag":[26],"class_list":{"0":"post-9234","1":"product","2":"type-product","3":"status-publish","4":"has-post-thumbnail","6":"product_cat-laptop-housing","7":"product_tag-lenovo","9":"first","10":"instock","11":"taxable","12":"shipping-taxable","13":"purchasable","14":"product-type-simple"},"_links":{"self":[{"href":"https:\/\/boreait.com\/hu\/wp-json\/wp\/v2\/product\/9234","targetHints":{"allow":["GET"]}}],"collection":[{"href":"https:\/\/boreait.com\/hu\/wp-json\/wp\/v2\/product"}],"about":[{"href":"https:\/\/boreait.com\/hu\/wp-json\/wp\/v2\/types\/product"}],"wp:featuredmedia":[{"embeddable":true,"href":"https:\/\/boreait.com\/hu\/wp-json\/wp\/v2\/media\/9297"}],"wp:attachment":[{"href":"https:\/\/boreait.com\/hu\/wp-json\/wp\/v2\/media?parent=9234"}],"wp:term":[{"taxonomy":"product_brand","embeddable":true,"href":"https:\/\/boreait.com\/hu\/wp-json\/wp\/v2\/product_brand?post=9234"},{"taxonomy":"product_cat","embeddable":true,"href":"https:\/\/boreait.com\/hu\/wp-json\/wp\/v2\/product_cat?post=9234"},{"taxonomy":"product_tag","embeddable":true,"href":"https:\/\/boreait.com\/hu\/wp-json\/wp\/v2\/product_tag?post=9234"}],"curies":[{"name":"wp","href":"https:\/\/api.w.org\/{rel}","templated":true}]}}