{"id":922,"date":"2025-09-17T09:46:28","date_gmt":"2025-09-17T07:46:28","guid":{"rendered":"https:\/\/boreait.com\/hu\/?post_type=product&#038;p=922"},"modified":"2026-01-07T10:05:20","modified_gmt":"2026-01-07T09:05:20","slug":"intel-core-i5-460m-slbzw-253-ghz-max-280-ghz-988-tus-pga-25-gts-processzor","status":"publish","type":"product","link":"https:\/\/boreait.com\/hu\/termek\/intel-core-i5-460m-slbzw-253-ghz-max-280-ghz-988-tus-pga-25-gts-processzor\/","title":{"rendered":"Intel Core i5-460M SLBZW 2,53 GHz (max. 2,80 GHz), 988 t\u0171s PGA 2,5 GTs processzor"},"content":{"rendered":"<p>Emelje sz\u00e1m\u00edt\u00f3g\u00e9pe teljes\u00edtm\u00e9ny\u00e9t a k\u00f6vetkez\u0151 szintre az Intel Core i5-460M SLBZW processzorral. A modern sz\u00e1m\u00edt\u00e1stechnikai ig\u00e9nyek kiel\u00e9g\u00edt\u00e9s\u00e9re tervezett CPU munk\u00e1hoz \u00e9s sz\u00f3rakoz\u00e1shoz egyar\u00e1nt t\u00f6k\u00e9letes.<\/p>\n<p>Az Intel Core i5-460M SLBZW 2,53 GHz-es alap \u00f3rajellel rendelkezik, amely gyors reag\u00e1l\u00e1st biztos\u00edt a mindennapi sz\u00e1m\u00edt\u00e1stechnikai feladatokhoz. Ezenk\u00edv\u00fcl Turbo Boost technol\u00f3gi\u00e1val is b\u00fcszk\u00e9lkedhet, amely lehet\u0151v\u00e9 teszi, hogy a processzor dinamikusan 2,80 GHz-ig \u00e1ll\u00edtsa frekvenci\u00e1j\u00e1t, ha extra teljes\u00edtm\u00e9nyre van sz\u00fcks\u00e9g. Ez ide\u00e1liss\u00e1 teszi az er\u0151forr\u00e1s-ig\u00e9nyes alkalmaz\u00e1sokhoz, p\u00e9ld\u00e1ul vide\u00f3szerkeszt\u00e9shez, j\u00e1t\u00e9kokhoz stb.<\/p>\n<p>A 2 magos \u00e9s 4 sz\u00e1las Intel Core i5-460M SLBZW kiv\u00e1l\u00f3 multitasking k\u00e9pess\u00e9geket k\u00edn\u00e1l. Egyszerre t\u00f6bb alkalmaz\u00e1st is futtathat k\u00e9s\u00e9s vagy lassul\u00e1s n\u00e9lk\u00fcl. A processzor Intel Hyper-Threading technol\u00f3gi\u00e1val is fel van szerelve, amely lehet\u0151v\u00e9 teszi, hogy minden mag egyszerre k\u00e9t feladatot kezeljen, tov\u00e1bb n\u00f6velve az \u00e1ltal\u00e1nos teljes\u00edtm\u00e9nyt.<\/p>\n<p>Az Intel Core i5-460M SLBZW 988 t\u0171s PGA-aljzatot haszn\u00e1l, \u00edgy kompatibilis az alaplapok sz\u00e9les sk\u00e1l\u00e1j\u00e1val. 2,5 GT\/s (Giga Transfers per second) rendszerbusz-sebess\u00e9ge biztos\u00edtja a gyors adat\u00e1tvitelt a processzor \u00e9s a t\u00f6bbi komponens k\u00f6z\u00f6tt, minimaliz\u00e1lja az adatforgalmi sz\u0171k keresztmetszeteket \u00e9s jav\u00edtja a rendszer v\u00e1laszk\u00e9szs\u00e9g\u00e9t.<\/p>\n<p>Ak\u00e1r \u00fczleti szakember, aki z\u00f6kken\u0151mentes t\u00f6bbfeladatos munkav\u00e9gz\u00e9sre van sz\u00fcks\u00e9ge, vagy j\u00e1t\u00e9kos, aki jobb j\u00e1t\u00e9k\u00e9lm\u00e9nyt keres, az Intel Core i5-460M SLBZW processzor gondoskodik r\u00f3la. Friss\u00edtse sz\u00e1m\u00edt\u00f3g\u00e9p\u00e9t ezzel a nagy teljes\u00edtm\u00e9ny\u0171 \u00e9s hat\u00e9kony CPU-val, \u00e9s \u00e9lvezze a gyorsabb teljes\u00edtm\u00e9nyt \u00e9s a jobb termel\u00e9kenys\u00e9get.<\/p>\n","protected":false},"excerpt":{"rendered":"<p>N\u00f6velje sz\u00e1m\u00edt\u00f3g\u00e9pe teljes\u00edtm\u00e9ny\u00e9t az Intel Core i5-460M SLBZW processzorral. Ez a nagy teljes\u00edtm\u00e9ny\u0171 CPU 2,53 GHz-es alap \u00f3rajelet k\u00edn\u00e1l, \u00e9s ak\u00e1r 2,80 GHz-re is k\u00e9pes n\u00f6velni az ig\u00e9nyes feladatokhoz. 2 magj\u00e1val \u00e9s 4 sz\u00e1l\u00e1val ez a processzor z\u00f6kken\u0151mentes t\u00f6bbfeladatos munkav\u00e9gz\u00e9st \u00e9s jobb \u00e1ltal\u00e1nos rendszerteljes\u00edtm\u00e9nyt biztos\u00edt.<\/p>\n","protected":false},"featured_media":991,"template":"","meta":[],"product_brand":[],"product_cat":[39],"product_tag":[],"class_list":{"0":"post-922","1":"product","2":"type-product","3":"status-publish","4":"has-post-thumbnail","6":"product_cat-processors-cpu","8":"first","9":"instock","10":"taxable","11":"shipping-taxable","12":"purchasable","13":"product-type-simple"},"_links":{"self":[{"href":"https:\/\/boreait.com\/hu\/wp-json\/wp\/v2\/product\/922","targetHints":{"allow":["GET"]}}],"collection":[{"href":"https:\/\/boreait.com\/hu\/wp-json\/wp\/v2\/product"}],"about":[{"href":"https:\/\/boreait.com\/hu\/wp-json\/wp\/v2\/types\/product"}],"wp:featuredmedia":[{"embeddable":true,"href":"https:\/\/boreait.com\/hu\/wp-json\/wp\/v2\/media\/991"}],"wp:attachment":[{"href":"https:\/\/boreait.com\/hu\/wp-json\/wp\/v2\/media?parent=922"}],"wp:term":[{"taxonomy":"product_brand","embeddable":true,"href":"https:\/\/boreait.com\/hu\/wp-json\/wp\/v2\/product_brand?post=922"},{"taxonomy":"product_cat","embeddable":true,"href":"https:\/\/boreait.com\/hu\/wp-json\/wp\/v2\/product_cat?post=922"},{"taxonomy":"product_tag","embeddable":true,"href":"https:\/\/boreait.com\/hu\/wp-json\/wp\/v2\/product_tag?post=922"}],"curies":[{"name":"wp","href":"https:\/\/api.w.org\/{rel}","templated":true}]}}