{"id":921,"date":"2025-09-17T09:46:28","date_gmt":"2025-09-17T07:46:28","guid":{"rendered":"https:\/\/boreait.com\/hu\/?post_type=product&#038;p=921"},"modified":"2026-01-14T08:37:56","modified_gmt":"2026-01-14T07:37:56","slug":"elite-x2-1012-g1-hallszenzor","status":"publish","type":"product","link":"https:\/\/boreait.com\/hu\/termek\/elite-x2-1012-g1-hallszenzor\/","title":{"rendered":"Elite X2 1012 G1 Hallszenzor"},"content":{"rendered":"<p>Fokozza HP Elite X2 1012 G1 t\u00e1blag\u00e9pe funkcionalit\u00e1s\u00e1t \u00e9s felhaszn\u00e1l\u00f3i \u00e9lm\u00e9ny\u00e9t a Hallsensor modullal. Ez az eredeti HP tartoz\u00e9k olyan intelligens funkci\u00f3kat tartalmaz, amelyek m\u00e9g k\u00e9nyelmesebb\u00e9 \u00e9s hat\u00e9konyabb\u00e1 teszik a t\u00e1blag\u00e9p haszn\u00e1lat\u00e1t.<\/p>\n<p>A Hallsensor modul lehet\u0151v\u00e9 teszi a k\u00e9perny\u0151 automatikus elforgat\u00e1s\u00e1t, biztos\u00edtva, hogy a kijelz\u0151 a t\u00e1blag\u00e9p helyzet\u00e9nek megfelel\u0151en \u00e1ll\u00edtsa be a t\u00e1jol\u00e1s\u00e1t. Ak\u00e1r fekv\u0151, ak\u00e1r \u00e1ll\u00f3 m\u00f3dban n\u00e9zi a tartalmat, a Hallsensor z\u00f6kken\u0151mentes \u00e1tmenetet biztos\u00edt, \u00e9s minden helyzetben optim\u00e1lis betekint\u00e9si sz\u00f6get biztos\u00edt.<\/p>\n<p>Emellett a Hallsensor modul megk\u00f6nny\u00edti az intelligens alv\u00e1si\/\u00e9brenl\u00e9ti funkci\u00f3kat. Amikor lecsukja a t\u00e1blag\u00e9p fedel\u00e9t, a Hallsensor jelzi a k\u00e9sz\u00fcl\u00e9knek, hogy automatikusan alv\u00f3 \u00fczemm\u00f3dba l\u00e9pjen, \u00edgy meg\u0151rzi az akkumul\u00e1tor \u00e9lettartam\u00e1t \u00e9s v\u00e9di adatait. Amikor kinyitja a fedelet, a t\u00e1blag\u00e9p azonnal fel\u00e9bred, \u00e9s k\u00e9szen \u00e1ll arra, hogy k\u00e9sedelem n\u00e9lk\u00fcl folytathassa a feladatokat.<\/p>\n<p>A Hallsensor modul telep\u00edt\u00e9se gyors \u00e9s probl\u00e9mamentes, k\u00f6sz\u00f6nhet\u0151en a HP Elite X2 1012 G1 t\u00e1blag\u00e9ppel val\u00f3 kompatibilit\u00e1snak. Ezzel a kieg\u00e9sz\u00edt\u0151vel egy felhaszn\u00e1l\u00f3bar\u00e1tabb t\u00e1blag\u00e9pes fel\u00fcletet tapasztalhat meg, amely alkalmazkodik az \u00d6n mozg\u00e1s\u00e1hoz, \u00e9s intelligensen energi\u00e1t takar\u00edt meg.<\/p>\n<p>Friss\u00edtse HP Elite X2 1012 G1 t\u00e1blag\u00e9p\u00e9t a Hallsensor modullal, \u00e9s \u00e9lvezze az intuit\u00edvabb \u00e9s hat\u00e9konyabb felhaszn\u00e1l\u00f3i \u00e9lm\u00e9nyt. Egyszer\u0171s\u00edtse t\u00e1blag\u00e9pe haszn\u00e1lat\u00e1t az automatikus k\u00e9perny\u0151forgat\u00e1ssal \u00e9s az intelligens alv\u00f3\/\u00e9breszt\u00e9si funkci\u00f3kkal. B\u00edzzon a HP eredeti tartoz\u00e9k\u00e1ban, amellyel jav\u00edthatja t\u00e1blag\u00e9pe k\u00e9pess\u00e9geit, \u00e9s sim\u00e1bb\u00e1 \u00e9s \u00e9lvezetesebb\u00e9 teheti a mindennapi feladatokat.<\/p>\n","protected":false},"excerpt":{"rendered":"<p>Friss\u00edtse HP Elite X2 1012 G1 t\u00e1blag\u00e9p\u00e9t a Hallsensor modullal a jobb funkcionalit\u00e1s \u00e9s k\u00e9nyelem \u00e9rdek\u00e9ben. Ez az eredeti HP-tartoz\u00e9k olyan intelligens funkci\u00f3kat tesz lehet\u0151v\u00e9, mint az automatikus k\u00e9perny\u0151forgat\u00e1s \u00e9s az intelligens alv\u00f3\/\u00e9breszt\u00e9si funkci\u00f3k. \u00c9lvezze a z\u00f6kken\u0151mentes felhaszn\u00e1l\u00f3i \u00e9lm\u00e9nyt ezzel az egyszer\u0171en telep\u00edthet\u0151 Hallsensor modullal.<\/p>\n","protected":false},"featured_media":989,"template":"","meta":[],"product_brand":[],"product_cat":[27],"product_tag":[25],"class_list":{"0":"post-921","1":"product","2":"type-product","3":"status-publish","4":"has-post-thumbnail","6":"product_cat-motherboards-board-parts","7":"product_tag-hp","9":"first","10":"instock","11":"taxable","12":"shipping-taxable","13":"purchasable","14":"product-type-simple"},"_links":{"self":[{"href":"https:\/\/boreait.com\/hu\/wp-json\/wp\/v2\/product\/921","targetHints":{"allow":["GET"]}}],"collection":[{"href":"https:\/\/boreait.com\/hu\/wp-json\/wp\/v2\/product"}],"about":[{"href":"https:\/\/boreait.com\/hu\/wp-json\/wp\/v2\/types\/product"}],"wp:featuredmedia":[{"embeddable":true,"href":"https:\/\/boreait.com\/hu\/wp-json\/wp\/v2\/media\/989"}],"wp:attachment":[{"href":"https:\/\/boreait.com\/hu\/wp-json\/wp\/v2\/media?parent=921"}],"wp:term":[{"taxonomy":"product_brand","embeddable":true,"href":"https:\/\/boreait.com\/hu\/wp-json\/wp\/v2\/product_brand?post=921"},{"taxonomy":"product_cat","embeddable":true,"href":"https:\/\/boreait.com\/hu\/wp-json\/wp\/v2\/product_cat?post=921"},{"taxonomy":"product_tag","embeddable":true,"href":"https:\/\/boreait.com\/hu\/wp-json\/wp\/v2\/product_tag?post=921"}],"curies":[{"name":"wp","href":"https:\/\/api.w.org\/{rel}","templated":true}]}}