{"id":9203,"date":"2025-09-17T12:24:05","date_gmt":"2025-09-17T10:24:05","guid":{"rendered":"https:\/\/boreait.com\/hu\/?post_type=product&#038;p=9203"},"modified":"2026-02-03T09:11:37","modified_gmt":"2026-02-03T08:11:37","slug":"lenovo-thinkpad-edge-15-bluetooth-modul-60y3199-csere","status":"publish","type":"product","link":"https:\/\/boreait.com\/hu\/termek\/lenovo-thinkpad-edge-15-bluetooth-modul-60y3199-csere\/","title":{"rendered":"Lenovo ThinkPad Edge 15 Bluetooth Modul 60Y3199 csere"},"content":{"rendered":"<h4>Term\u00e9k \u00e1ttekint\u00e9se<\/h4>\n<p>Fokozza Lenovo ThinkPad Edge 15 vezet\u00e9k n\u00e9lk\u00fcli kapcsolat\u00e1t ezzel az eredeti Bluetooth-modullal. A 60Y3199 cikksz\u00e1m biztos\u00edtja a z\u00f6kken\u0151mentes integr\u00e1ci\u00f3t \u00e9s az optim\u00e1lis teljes\u00edtm\u00e9nyt, lehet\u0151v\u00e9 t\u00e9ve a k\u00f6nny\u0171 csatlakoz\u00e1st Bluetooth-kompatibilis eszk\u00f6z\u00f6kh\u00f6z.<\/p>\n<h4>F\u0151bb jellemz\u0151k<\/h4>\n<ul>\n<li><strong>T\u00f6k\u00e9letes kompatibilit\u00e1s<\/strong>: Kifejezetten a Lenovo ThinkPad Edge 15-h\u00f6z tervezve, amely pontos illeszked\u00e9st \u00e9s optim\u00e1lis teljes\u00edtm\u00e9nyt biztos\u00edt.<\/li>\n<li><strong>Megb\u00edzhat\u00f3 kapcsolat<\/strong>: Stabil \u00e9s megb\u00edzhat\u00f3 Bluetooth-kapcsolatot biztos\u00edt, lehet\u0151v\u00e9 t\u00e9ve, hogy sz\u00e1mos Bluetooth-kompatibilis eszk\u00f6zh\u00f6z csatlakozzon, p\u00e9ld\u00e1ul fejhallgat\u00f3hoz, eg\u00e9rhez, billenty\u0171zethez \u00e9s egyebekhez.<\/li>\n<li><strong>Eredeti alkatr\u00e9sz<\/strong>: A 60Y3199-es eredeti Lenovo cikksz\u00e1m garant\u00e1lja a kompatibilit\u00e1st \u00e9s a megb\u00edzhat\u00f3s\u00e1got.<\/li>\n<li><strong>Egyszer\u0171 telep\u00edt\u00e9s<\/strong>: Egyszer\u0171 telep\u00edt\u00e9sre tervezt\u00e9k, lehet\u0151v\u00e9 t\u00e9ve, hogy minim\u00e1lis er\u0151fesz\u00edt\u00e9ssel friss\u00edtse laptopja Bluetooth-k\u00e9pess\u00e9g\u00e9t.<\/li>\n<\/ul>\n<h4>M\u0171szaki el\u0151\u00edr\u00e1sok<\/h4>\n<ul>\n<li><strong>Modell kompatibilit\u00e1s<\/strong>: Lenovo ThinkPad Edge 15 (Modell: 0301DFG)<\/li>\n<li><strong>Alkatr\u00e9szsz\u00e1m<\/strong>: 60Y3199<\/li>\n<li><strong>T\u00edpus<\/strong>: Bluetooth-modul<\/li>\n<li><strong>Vezet\u00e9k n\u00e9lk\u00fcli szabv\u00e1ny<\/strong>: Bluetooth<\/li>\n<li><strong>Interf\u00e9sz<\/strong>: bels\u0151 laptop csatlakoz\u00f3<\/li>\n<li><strong>Telep\u00edt\u00e9s<\/strong>: K\u00f6zvetlen csere, plug-and-play kialak\u00edt\u00e1s az egyszer\u0171 telep\u00edt\u00e9s \u00e9rdek\u00e9ben<\/li>\n<\/ul>\n<h4>A friss\u00edt\u00e9s el\u0151nyei<\/h4>\n<ul>\n<li><strong>Tov\u00e1bbfejlesztett kapcsolat<\/strong>: Megb\u00edzhat\u00f3 Bluetooth-kapcsolatot biztos\u00edt, lehet\u0151v\u00e9 t\u00e9ve a k\u00fcl\u00f6nb\u00f6z\u0151 Bluetooth-kompatibilis eszk\u00f6z\u00f6k z\u00f6kken\u0151mentes csatlakoz\u00e1s\u00e1t.<\/li>\n<li><strong>Jav\u00edtott termel\u00e9kenys\u00e9g<\/strong>: Lehet\u0151v\u00e9 teszi a vezet\u00e9k n\u00e9lk\u00fcli perif\u00e9ri\u00e1k haszn\u00e1lat\u00e1t, n\u00f6velve a termel\u00e9kenys\u00e9get \u00e9s a felhaszn\u00e1l\u00f3i \u00e9lm\u00e9nyt.<\/li>\n<li><strong>K\u00f6lts\u00e9ghat\u00e9kony friss\u00edt\u00e9s<\/strong>: megfizethet\u0151 m\u00f3dszer laptopja vezet\u00e9k n\u00e9lk\u00fcli k\u00e9pess\u00e9geinek b\u0151v\u00edt\u00e9s\u00e9re an\u00e9lk\u00fcl, hogy teljes cser\u00e9re lenne sz\u00fcks\u00e9ge.<\/li>\n<li><strong>Egyszer\u0171 telep\u00edt\u00e9s<\/strong>: Egyszer\u0171 telep\u00edt\u00e9sre tervezt\u00e9k, lehet\u0151v\u00e9 t\u00e9ve, hogy gyorsan \u00e9s minim\u00e1lis er\u0151fesz\u00edt\u00e9ssel friss\u00edtse laptopja Bluetooth-k\u00e9pess\u00e9g\u00e9t.<\/li>\n<\/ul>\n<h4>\u00dcgyf\u00e9lszolg\u00e1lat<\/h4>\n<p>\u00dcgyf\u00e9lszolg\u00e1lati csapatunk k\u00e9szs\u00e9ggel \u00e1ll rendelkez\u00e9s\u00e9re a kompatibilit\u00e1ssal vagy a telep\u00edt\u00e9ssel kapcsolatos k\u00e9rd\u00e9sekben. Elk\u00f6telezettek vagyunk abban, hogy \u00e1tfog\u00f3 t\u00e1mogat\u00e1st ny\u00fajtsunk annak \u00e9rdek\u00e9ben, hogy a friss\u00edt\u00e9si folyamat z\u00f6kken\u0151mentes \u00e9s sikeres legyen.<\/p>\n<h4>Megjegyz\u00e9s<\/h4>\n<p>V\u00e1s\u00e1rl\u00e1s el\u0151tt ellen\u0151rizze, hogy ez a Bluetooth-modul kompatibilis-e az \u00d6n Lenovo ThinkPad Edge 15 modellel. Ez a lista csak a Bluetooth modult tartalmazza; tov\u00e1bbi szersz\u00e1mok \u00e9s szerel\u00e9si tartoz\u00e9kok nem biztos\u00edtottak.<\/p>\n","protected":false},"excerpt":{"rendered":"<p>Friss\u00edtse Lenovo ThinkPad Edge 15 k\u00e9sz\u00fcl\u00e9k\u00e9t ezzel az eredeti, 60Y3199 cikksz\u00e1m\u00fa Bluetooth-modullal, amely megb\u00edzhat\u00f3 vezet\u00e9k n\u00e9lk\u00fcli kapcsolatot biztos\u00edt minden Bluetooth-kompatibilis eszk\u00f6z\u00e9hez.<\/p>\n","protected":false},"featured_media":9268,"template":"","meta":[],"product_brand":[],"product_cat":[27],"product_tag":[26],"class_list":{"0":"post-9203","1":"product","2":"type-product","3":"status-publish","4":"has-post-thumbnail","6":"product_cat-motherboards-board-parts","7":"product_tag-lenovo","9":"first","10":"instock","11":"taxable","12":"shipping-taxable","13":"purchasable","14":"product-type-simple"},"_links":{"self":[{"href":"https:\/\/boreait.com\/hu\/wp-json\/wp\/v2\/product\/9203","targetHints":{"allow":["GET"]}}],"collection":[{"href":"https:\/\/boreait.com\/hu\/wp-json\/wp\/v2\/product"}],"about":[{"href":"https:\/\/boreait.com\/hu\/wp-json\/wp\/v2\/types\/product"}],"wp:featuredmedia":[{"embeddable":true,"href":"https:\/\/boreait.com\/hu\/wp-json\/wp\/v2\/media\/9268"}],"wp:attachment":[{"href":"https:\/\/boreait.com\/hu\/wp-json\/wp\/v2\/media?parent=9203"}],"wp:term":[{"taxonomy":"product_brand","embeddable":true,"href":"https:\/\/boreait.com\/hu\/wp-json\/wp\/v2\/product_brand?post=9203"},{"taxonomy":"product_cat","embeddable":true,"href":"https:\/\/boreait.com\/hu\/wp-json\/wp\/v2\/product_cat?post=9203"},{"taxonomy":"product_tag","embeddable":true,"href":"https:\/\/boreait.com\/hu\/wp-json\/wp\/v2\/product_tag?post=9203"}],"curies":[{"name":"wp","href":"https:\/\/api.w.org\/{rel}","templated":true}]}}