{"id":920,"date":"2025-09-17T09:46:28","date_gmt":"2025-09-17T07:46:28","guid":{"rendered":"https:\/\/boreait.com\/hu\/?post_type=product&#038;p=920"},"modified":"2025-09-17T09:52:11","modified_gmt":"2025-09-17T07:52:11","slug":"hp-elite-x2-1012-g1-elolapi-webkamera-2mp-1080p-844882-001","status":"publish","type":"product","link":"https:\/\/boreait.com\/hu\/termek\/hp-elite-x2-1012-g1-elolapi-webkamera-2mp-1080p-844882-001\/","title":{"rendered":"HP Elite X2 1012 G1 el\u0151lapi webkamera 2MP (1080p) 844882-001"},"content":{"rendered":"<p>Maradjon kapcsolatban, \u00e9s vegyen r\u00e9szt z\u00f6kken\u0151mentes videokommunik\u00e1ci\u00f3ban a HP Elite X2 1012 G1 el\u0151lapi webkamer\u00e1val. Ez az eredeti HP webkamera, amelyet kiv\u00e9teles vide\u00f3min\u0151s\u00e9g biztos\u00edt\u00e1s\u00e1ra terveztek, t\u00f6k\u00e9letes kieg\u00e9sz\u00edt\u0151je k\u00e9sz\u00fcl\u00e9k\u00e9nek.<\/p>\n<p>A 2 MP-es \u00e9rz\u00e9kel\u0151j\u00e9vel \u00e9s 1080p felbont\u00e1s\u00e1val a HP Elite X2 1012 G1 el\u0151lapi webkamera biztos\u00edtja, hogy videoh\u00edv\u00e1sai krist\u00e1lytiszt\u00e1k, \u00e9lesek \u00e9s \u00e9l\u00e9nkek legyenek. \u00c9lvezze az \u00e9leth\u0171 interakci\u00f3kat bar\u00e1taival, csal\u00e1dj\u00e1val \u00e9s koll\u00e9g\u00e1ival, m\u00e9g akkor is, ha m\u00e9rf\u00f6ldekre van egym\u00e1st\u00f3l. Ak\u00e1r virtu\u00e1lis megbesz\u00e9l\u00e9seken vesz r\u00e9szt, szeretteivel tart tal\u00e1lkoz\u00f3t, ak\u00e1r projekteken vesz r\u00e9szt, ez a webkamera mag\u00e1val ragad\u00f3 videoh\u00edv\u00e1si \u00e9lm\u00e9nyt ny\u00fajt.<\/p>\n<p>A HP Elite X2 1012 G1 el\u0151lapi webkamera \u00fagy k\u00e9sz\u00fclt, hogy z\u00f6kken\u0151mentesen integr\u00e1lhat\u00f3 legyen az eszk\u00f6zzel, egyszer\u0171 telep\u00edt\u00e9st \u00e9s optim\u00e1lis teljes\u00edtm\u00e9nyt biztos\u00edtva. A plug-and-play funkci\u00f3 lehet\u0151v\u00e9 teszi a webkamera azonnali haszn\u00e1latba v\u00e9tel\u00e9t, minden bonyolult be\u00e1ll\u00edt\u00e1s n\u00e9lk\u00fcl.<\/p>\n<p>Ak\u00e1r \u00fczleti szakember, ak\u00e1r di\u00e1k, ak\u00e1r h\u00e9tk\u00f6znapi felhaszn\u00e1l\u00f3, ez a webkamera jav\u00edtja az online interakci\u00f3kat, \u00e9lvezetesebb\u00e9 \u00e9s produkt\u00edvabb\u00e1 t\u00e9ve azokat. A be\u00e9p\u00edtett mikrofon tov\u00e1bb eg\u00e9sz\u00edti ki a webkamera k\u00e9pess\u00e9geit, tiszta \u00e9s \u00e9les hangot biztos\u00edtva a videoh\u00edv\u00e1sokhoz.<\/p>\n<p>Tapasztalja meg a tov\u00e1bbfejlesztett videokommunik\u00e1ci\u00f3t, \u00e9s tegyen maradand\u00f3 benyom\u00e1st a HP Elite X2 1012 G1 el\u0151lapi webkamer\u00e1val. Friss\u00edtse eszk\u00f6z\u00e9t ezzel a megb\u00edzhat\u00f3 \u00e9s kiv\u00e1l\u00f3 min\u0151s\u00e9g\u0171 HP webkamer\u00e1val, \u00e9s emelje videoh\u00edv\u00e1si \u00e9lm\u00e9ny\u00e9t a k\u00f6vetkez\u0151 szintre. Maradjon kapcsolatban \u00e9s maradjon kapcsolatban a kiv\u00e1l\u00f3 vide\u00f3min\u0151s\u00e9ggel \u00e9s probl\u00e9mamentes teljes\u00edtm\u00e9nnyel.<\/p>\n","protected":false},"excerpt":{"rendered":"<p>R\u00f6gz\u00edtsen krist\u00e1lytiszta vide\u00f3t, \u00e9s \u00e9lvezze a z\u00f6kken\u0151mentes videoh\u00edv\u00e1sokat a HP Elite X2 1012 G1 el\u0151lapi webkamer\u00e1val. Ez a kiv\u00e1l\u00f3 min\u0151s\u00e9g\u0171 2 megapixeles webkamera \u00e9les \u00e9s \u00e9l\u00e9nk 1080p vide\u00f3t biztos\u00edt, lehet\u0151v\u00e9 t\u00e9ve, hogy kiv\u00e1l\u00f3 r\u00e9szletgazdags\u00e1ggal kapcsolatban maradjon bar\u00e1taival, csal\u00e1dj\u00e1val \u00e9s koll\u00e9g\u00e1ival. Friss\u00edtse eszk\u00f6z\u00e9t ezzel az eredeti HP webkamer\u00e1val, \u00e9s \u00e9lvezze a cs\u00facsmin\u0151s\u00e9g\u0171 videokommunik\u00e1ci\u00f3t.<\/p>\n","protected":false},"featured_media":988,"template":"","meta":[],"product_brand":[],"product_cat":[23],"product_tag":[25],"class_list":{"0":"post-920","1":"product","2":"type-product","3":"status-publish","4":"has-post-thumbnail","6":"product_cat-laptop-camera","7":"product_tag-hp","9":"first","10":"instock","11":"taxable","12":"shipping-taxable","13":"purchasable","14":"product-type-simple"},"_links":{"self":[{"href":"https:\/\/boreait.com\/hu\/wp-json\/wp\/v2\/product\/920","targetHints":{"allow":["GET"]}}],"collection":[{"href":"https:\/\/boreait.com\/hu\/wp-json\/wp\/v2\/product"}],"about":[{"href":"https:\/\/boreait.com\/hu\/wp-json\/wp\/v2\/types\/product"}],"wp:featuredmedia":[{"embeddable":true,"href":"https:\/\/boreait.com\/hu\/wp-json\/wp\/v2\/media\/988"}],"wp:attachment":[{"href":"https:\/\/boreait.com\/hu\/wp-json\/wp\/v2\/media?parent=920"}],"wp:term":[{"taxonomy":"product_brand","embeddable":true,"href":"https:\/\/boreait.com\/hu\/wp-json\/wp\/v2\/product_brand?post=920"},{"taxonomy":"product_cat","embeddable":true,"href":"https:\/\/boreait.com\/hu\/wp-json\/wp\/v2\/product_cat?post=920"},{"taxonomy":"product_tag","embeddable":true,"href":"https:\/\/boreait.com\/hu\/wp-json\/wp\/v2\/product_tag?post=920"}],"curies":[{"name":"wp","href":"https:\/\/api.w.org\/{rel}","templated":true}]}}