{"id":92,"date":"2025-09-17T09:21:19","date_gmt":"2025-09-17T07:21:19","guid":{"rendered":"https:\/\/boreait.com\/hu\/?post_type=product&#038;p=92"},"modified":"2025-10-05T10:34:09","modified_gmt":"2025-10-05T08:34:09","slug":"toshiba-satellite-l300-l3000d-eredeti-cpu-hutoventilator-v000120460","status":"publish","type":"product","link":"https:\/\/boreait.com\/hu\/termek\/toshiba-satellite-l300-l3000d-eredeti-cpu-hutoventilator-v000120460\/","title":{"rendered":"TOSHIBA SATELLITE L300 L3000D EREDETI CPU H\u0170T\u0150VENTIL\u00c1TOR V000120460"},"content":{"rendered":"<p>A Toshiba Satellite L300 L3000D eredeti CPU-h\u0171t\u0151ventil\u00e1tor V000120460 a laptop h\u0171t\u0151rendszer\u00e9nek egyik \u00f6sszetev\u0151je, amelyet kifejezetten a CPU t\u00falmeleged\u00e9s\u00e9nek megakad\u00e1lyoz\u00e1s\u00e1ra terveztek. Ez a ventil\u00e1tor eredeti Toshiba alkatr\u00e9sz, \u00e9s a Toshiba Satellite L300 vagy L3000D laptop hib\u00e1s vagy s\u00e9r\u00fclt h\u0171t\u0151ventil\u00e1tor\u00e1nak cser\u00e9j\u00e9re szolg\u00e1l. A ventil\u00e1tor kiv\u00e1l\u00f3 min\u0151s\u00e9g\u0171 anyagokb\u00f3l k\u00e9sz\u00fclt, \u00e9s \u00fagy tervezt\u00e9k, hogy megfeleljen a Toshiba szigor\u00fa min\u0151s\u00e9gi el\u0151\u00edr\u00e1sainak. Kompakt m\u00e9rete \u00e9s hat\u00e9kony kialak\u00edt\u00e1sa a laptopok h\u0171t\u0151rendszer\u00e9nek elengedhetetlen r\u00e9sz\u00e9v\u00e9 teszi, seg\u00edt fenntartani az optim\u00e1lis teljes\u00edtm\u00e9nyt \u00e9s megel\u0151zni a t\u00falmeleged\u00e9s okozta k\u00e1rokat.<\/p>\n","protected":false},"excerpt":{"rendered":"<p>A TOSHIBA SATELLITE L300 L3000D GENUINE CPU H\u0170T\u0150VENTIL\u00c1TOR V000120460 a laptopok h\u0171t\u0151rendszer\u00e9nek hiteles alkatr\u00e9sze, amely megakad\u00e1lyozza a CPU t\u00falmeleged\u00e9s\u00e9t. Ez egy kiv\u00e1l\u00f3 min\u0151s\u00e9g\u0171 \u00e9s hat\u00e9kony ventil\u00e1tor, amelyet \u00fagy terveztek, hogy megfeleljen a Toshiba szigor\u00fa min\u0151s\u00e9gi el\u0151\u00edr\u00e1sainak.<\/p>\n","protected":false},"featured_media":170,"template":"","meta":[],"product_brand":[],"product_cat":[33],"product_tag":[34],"class_list":{"0":"post-92","1":"product","2":"type-product","3":"status-publish","4":"has-post-thumbnail","6":"product_cat-cpu-fans-heatsinks","7":"product_tag-toshiba","9":"first","10":"instock","11":"taxable","12":"shipping-taxable","13":"purchasable","14":"product-type-simple"},"_links":{"self":[{"href":"https:\/\/boreait.com\/hu\/wp-json\/wp\/v2\/product\/92","targetHints":{"allow":["GET"]}}],"collection":[{"href":"https:\/\/boreait.com\/hu\/wp-json\/wp\/v2\/product"}],"about":[{"href":"https:\/\/boreait.com\/hu\/wp-json\/wp\/v2\/types\/product"}],"wp:featuredmedia":[{"embeddable":true,"href":"https:\/\/boreait.com\/hu\/wp-json\/wp\/v2\/media\/170"}],"wp:attachment":[{"href":"https:\/\/boreait.com\/hu\/wp-json\/wp\/v2\/media?parent=92"}],"wp:term":[{"taxonomy":"product_brand","embeddable":true,"href":"https:\/\/boreait.com\/hu\/wp-json\/wp\/v2\/product_brand?post=92"},{"taxonomy":"product_cat","embeddable":true,"href":"https:\/\/boreait.com\/hu\/wp-json\/wp\/v2\/product_cat?post=92"},{"taxonomy":"product_tag","embeddable":true,"href":"https:\/\/boreait.com\/hu\/wp-json\/wp\/v2\/product_tag?post=92"}],"curies":[{"name":"wp","href":"https:\/\/api.w.org\/{rel}","templated":true}]}}