{"id":918,"date":"2025-09-17T09:46:28","date_gmt":"2025-09-17T07:46:28","guid":{"rendered":"https:\/\/boreait.com\/hu\/?post_type=product&#038;p=918"},"modified":"2026-01-07T10:05:00","modified_gmt":"2026-01-07T09:05:00","slug":"hp-elite-x2-1012-g1-lr-hangszorokeszlet-6036b0161701","status":"publish","type":"product","link":"https:\/\/boreait.com\/hu\/termek\/hp-elite-x2-1012-g1-lr-hangszorokeszlet-6036b0161701\/","title":{"rendered":"HP Elite X2 1012 G1 Lr hangsz\u00f3r\u00f3k\u00e9szlet 6036B0161701"},"content":{"rendered":"<p>Tapasztalja meg a krist\u00e1lytiszta hangot \u00e9s a gazdag hangz\u00e1svil\u00e1got a HP Elite X2 1012 G1 k\u00e9sz\u00fcl\u00e9khez k\u00e9sz\u00fclt LR hangsz\u00f3r\u00f3k\u00e9szlettel. A kiv\u00e9teles hangmin\u0151s\u00e9g biztos\u00edt\u00e1s\u00e1ra tervezett hangsz\u00f3r\u00f3k fokozz\u00e1k a hallgat\u00e1si \u00e9lm\u00e9nyt, ak\u00e1r filmet n\u00e9z, j\u00e1tszik, ak\u00e1r zen\u00e9t hallgat.<\/p>\n<p>Az LR hangsz\u00f3r\u00f3k\u00e9szlet tartalmazza a bal \u00e9s a jobb oldali hangsz\u00f3r\u00f3t is, \u00edgy biztos\u00edtva a kiegyens\u00falyozott \u00e9s mag\u00e1val ragad\u00f3 hangkimenetet. Ezekkel a hangsz\u00f3r\u00f3kkal leny\u0171g\u00f6z\u0151 tisztas\u00e1ggal \u00e9s m\u00e9lys\u00e9ggel \u00e9lvezheti kedvenc tartalmait, \u00edgy m\u00e9g \u00e9lvezetesebb\u00e9 v\u00e1lik a sz\u00f3rakoz\u00e1s.<\/p>\n<p>A telep\u00edt\u00e9si folyamat egyszer\u0171, \u00e9s az LR hangsz\u00f3r\u00f3k\u00e9szlettel k\u00f6nnyed\u00e9n kicser\u00e9lheti a HP Elite X2 1012 G1 hib\u00e1s vagy s\u00e9r\u00fclt hangsz\u00f3r\u00f3it. A hangsz\u00f3r\u00f3kat prec\u00edzi\u00f3s tervez\u00e9ssel \u00fagy tervezt\u00e9k, hogy z\u00f6kken\u0151mentesen illeszkedjenek a k\u00e9sz\u00fcl\u00e9kbe, t\u00f6k\u00e9letes illeszked\u00e9st \u00e9s megb\u00edzhat\u00f3 teljes\u00edtm\u00e9nyt biztos\u00edtva.<\/p>\n<p>Ne k\u00f6ss\u00f6n kompromisszumot a hangmin\u0151s\u00e9g ter\u00e9n; szerelje fel HP Elite X2 1012 G1 k\u00e9sz\u00fcl\u00e9k\u00e9t a 6036B0161701 LR hangsz\u00f3r\u00f3k\u00e9szlettel, \u00e9s \u00e9lvezze az igaz\u00e1n mag\u00e1val ragad\u00f3 hang\u00e9lm\u00e9nyt. Ak\u00e1r munk\u00e1ra, ak\u00e1r j\u00e1t\u00e9kra haszn\u00e1lja k\u00e9sz\u00fcl\u00e9k\u00e9t, ezek a hangsz\u00f3r\u00f3k kiv\u00e9teles hangmin\u0151s\u00e9ggel keltik \u00e9letre a tartalmat.<\/p>\n","protected":false},"excerpt":{"rendered":"<p>Friss\u00edtse HP Elite X2 1012 G1 k\u00e9sz\u00fcl\u00e9k\u00e9t ezzel a kiv\u00e1l\u00f3 min\u0151s\u00e9g\u0171 LR hangsz\u00f3r\u00f3k\u00e9szlettel, cikksz\u00e1m: 6036B0161701. \u00c1ll\u00edtsa vissza k\u00e9sz\u00fcl\u00e9ke gazdag hangteljes\u00edtm\u00e9ny\u00e9t, \u00e9s \u00e9lvezze a mag\u00e1val ragad\u00f3 hangz\u00e1st minden multim\u00e9di\u00e1s ig\u00e9ny\u00e9nek kiel\u00e9g\u00edt\u00e9s\u00e9re.<\/p>\n","protected":false},"featured_media":986,"template":"","meta":[],"product_brand":[],"product_cat":[18],"product_tag":[25],"class_list":{"0":"post-918","1":"product","2":"type-product","3":"status-publish","4":"has-post-thumbnail","6":"product_cat-laptop-speakers","7":"product_tag-hp","9":"first","10":"instock","11":"taxable","12":"shipping-taxable","13":"purchasable","14":"product-type-simple"},"_links":{"self":[{"href":"https:\/\/boreait.com\/hu\/wp-json\/wp\/v2\/product\/918","targetHints":{"allow":["GET"]}}],"collection":[{"href":"https:\/\/boreait.com\/hu\/wp-json\/wp\/v2\/product"}],"about":[{"href":"https:\/\/boreait.com\/hu\/wp-json\/wp\/v2\/types\/product"}],"wp:featuredmedia":[{"embeddable":true,"href":"https:\/\/boreait.com\/hu\/wp-json\/wp\/v2\/media\/986"}],"wp:attachment":[{"href":"https:\/\/boreait.com\/hu\/wp-json\/wp\/v2\/media?parent=918"}],"wp:term":[{"taxonomy":"product_brand","embeddable":true,"href":"https:\/\/boreait.com\/hu\/wp-json\/wp\/v2\/product_brand?post=918"},{"taxonomy":"product_cat","embeddable":true,"href":"https:\/\/boreait.com\/hu\/wp-json\/wp\/v2\/product_cat?post=918"},{"taxonomy":"product_tag","embeddable":true,"href":"https:\/\/boreait.com\/hu\/wp-json\/wp\/v2\/product_tag?post=918"}],"curies":[{"name":"wp","href":"https:\/\/api.w.org\/{rel}","templated":true}]}}