{"id":917,"date":"2025-09-17T09:46:27","date_gmt":"2025-09-17T07:46:27","guid":{"rendered":"https:\/\/boreait.com\/hu\/?post_type=product&#038;p=917"},"modified":"2025-09-17T09:48:00","modified_gmt":"2025-09-17T07:48:00","slug":"hp-hez-eredeti-wwan-vezetek-nelkuli-kartya-813559-005","status":"publish","type":"product","link":"https:\/\/boreait.com\/hu\/termek\/hp-hez-eredeti-wwan-vezetek-nelkuli-kartya-813559-005\/","title":{"rendered":"HP-hez \u2013 Eredeti WWAN vezet\u00e9k n\u00e9lk\u00fcli k\u00e1rtya | 813559-005"},"content":{"rendered":"<p>Maradjon kapcsolatban, \u00e9s \u00e9lvezze a tov\u00e1bbfejlesztett mobilkapcsolatot a HP eredeti WWAN 813559-005 vezet\u00e9k n\u00e9lk\u00fcli k\u00e1rty\u00e1j\u00e1val. Ezt az eredeti HP-tartoz\u00e9kot \u00fagy tervezt\u00e9k, hogy z\u00f6kken\u0151mentes vezet\u00e9k n\u00e9lk\u00fcli kommunik\u00e1ci\u00f3t biztos\u00edtson a kompatibilis HP laptopokon, \u00edgy szabadon hozz\u00e1f\u00e9rhet a vezet\u00e9k n\u00e9lk\u00fcli h\u00e1l\u00f3zatokhoz, b\u00e1rhov\u00e1 is megy.<\/p>\n<p>A WWAN (Wireless Wide Area Network) k\u00e1rtya lehet\u0151v\u00e9 teszi, hogy laptopja mobilh\u00e1l\u00f3zatokhoz csatlakozzon, \u00edgy m\u00e9g olyan ter\u00fcleteken is hozz\u00e1f\u00e9rhet az internethez, ahol nincs Wi-Fi-lefedetts\u00e9g. Ez k\u00fcl\u00f6n\u00f6sen hasznos azoknak a szakembereknek, akik gyakran utaznak, vagy t\u00e1volr\u00f3l kell dolgozniuk. Ezzel a WWAN-k\u00e1rty\u00e1val k\u00f6nnyed\u00e9n hozz\u00e1f\u00e9rhet az internethez, ellen\u0151rizheti az e-maileket \u00e9s elv\u00e9gezheti az online feladatokat, tart\u00f3zkod\u00e1si hely\u00e9t\u0151l f\u00fcggetlen\u00fcl.<\/p>\n<p>A gyorsabb internetsebess\u00e9g \u00e9s megb\u00edzhat\u00f3 kapcsolatok biztos\u00edt\u00e1s\u00e1ra tervezett Eredeti WWAN 813559-005 vezet\u00e9k n\u00e9lk\u00fcli k\u00e1rtya kiv\u00e1l\u00f3 min\u0151s\u00e9g\u0171 HP term\u00e9k, amely megfelel a szigor\u00fa teljes\u00edtm\u00e9nyk\u00f6vetelm\u00e9nyeknek. Stabil \u00e9s biztons\u00e1gos vezet\u00e9k n\u00e9lk\u00fcli kommunik\u00e1ci\u00f3t biztos\u00edt, lehet\u0151v\u00e9 t\u00e9ve, hogy mozg\u00e1s k\u00f6zben is produkt\u00edv \u00e9s kapcsolatban maradjon.<\/p>\n<p>A WWAN-k\u00e1rtya beszerel\u00e9se egyszer\u0171 \u00e9s egy\u00e9rtelm\u0171, \u00e9s z\u00f6kken\u0151mentesen integr\u00e1lhat\u00f3 HP laptopja megl\u00e9v\u0151 vezet\u00e9k n\u00e9lk\u00fcli funkci\u00f3ival. Ak\u00e1r \u00fczleti \u00fat sor\u00e1n kell hozz\u00e1f\u00e9rnie az online forr\u00e1sokhoz, ak\u00e1r a napi ing\u00e1z\u00e1s sor\u00e1n kapcsolatban kell maradnia, az Eredeti WWAN 813559-005 vezet\u00e9k n\u00e9lk\u00fcli k\u00e1rtya \u00e9rt\u00e9kes kieg\u00e9sz\u00edt\u0151je HP laptopj\u00e1nak.<\/p>\n<p>Friss\u00edtse HP laptopj\u00e1t ezzel az eredeti HP-tartoz\u00e9kkal, \u00e9s \u00e9lvezze a tov\u00e1bbfejlesztett mobilkapcsolat ny\u00fajtotta k\u00e9nyelmet. Mondjon b\u00facs\u00fat a korl\u00e1tozott Wi-Fi-lefedetts\u00e9gnek, \u00e9s tapasztalja meg a megb\u00edzhat\u00f3 internet-hozz\u00e1f\u00e9r\u00e9st, b\u00e1rhol is van az Eredeti WWAN 813559-005 vezet\u00e9k n\u00e9lk\u00fcli k\u00e1rty\u00e1val. B\u00edzzon a HP min\u0151s\u00e9g \u00e9s teljes\u00edtm\u00e9ny ir\u00e1nti elk\u00f6telezetts\u00e9g\u00e9ben, \u00e9s maradjon kapcsolatban \u00fatk\u00f6zben ezzel a megb\u00edzhat\u00f3 WWAN-k\u00e1rty\u00e1val.<\/p>\n","protected":false},"excerpt":{"rendered":"<p>Friss\u00edtse HP laptopj\u00e1t az eredeti WWAN 813559-005 vezet\u00e9k n\u00e9lk\u00fcli k\u00e1rty\u00e1val a tov\u00e1bbfejlesztett mobilkapcsolat \u00e9rdek\u00e9ben. Ez az eredeti HP-tartoz\u00e9k lehet\u0151v\u00e9 teszi a vezet\u00e9k n\u00e9lk\u00fcli h\u00e1l\u00f3zatok el\u00e9r\u00e9s\u00e9t, \u00edgy \u00fatk\u00f6zben is kapcsolatban maradhat. \u00c9lvezze a gyorsabb internetsebess\u00e9get \u00e9s a megb\u00edzhat\u00f3 kapcsolatokat ezzel a kiv\u00e1l\u00f3 min\u0151s\u00e9g\u0171 WWAN-k\u00e1rty\u00e1val.<\/p>\n","protected":false},"featured_media":985,"template":"","meta":[],"product_brand":[],"product_cat":[27],"product_tag":[25],"class_list":{"0":"post-917","1":"product","2":"type-product","3":"status-publish","4":"has-post-thumbnail","6":"product_cat-motherboards-board-parts","7":"product_tag-hp","9":"first","10":"instock","11":"taxable","12":"shipping-taxable","13":"purchasable","14":"product-type-simple"},"_links":{"self":[{"href":"https:\/\/boreait.com\/hu\/wp-json\/wp\/v2\/product\/917","targetHints":{"allow":["GET"]}}],"collection":[{"href":"https:\/\/boreait.com\/hu\/wp-json\/wp\/v2\/product"}],"about":[{"href":"https:\/\/boreait.com\/hu\/wp-json\/wp\/v2\/types\/product"}],"wp:featuredmedia":[{"embeddable":true,"href":"https:\/\/boreait.com\/hu\/wp-json\/wp\/v2\/media\/985"}],"wp:attachment":[{"href":"https:\/\/boreait.com\/hu\/wp-json\/wp\/v2\/media?parent=917"}],"wp:term":[{"taxonomy":"product_brand","embeddable":true,"href":"https:\/\/boreait.com\/hu\/wp-json\/wp\/v2\/product_brand?post=917"},{"taxonomy":"product_cat","embeddable":true,"href":"https:\/\/boreait.com\/hu\/wp-json\/wp\/v2\/product_cat?post=917"},{"taxonomy":"product_tag","embeddable":true,"href":"https:\/\/boreait.com\/hu\/wp-json\/wp\/v2\/product_tag?post=917"}],"curies":[{"name":"wp","href":"https:\/\/api.w.org\/{rel}","templated":true}]}}