{"id":916,"date":"2025-09-17T09:46:27","date_gmt":"2025-09-17T07:46:27","guid":{"rendered":"https:\/\/boreait.com\/hu\/?post_type=product&#038;p=916"},"modified":"2026-01-14T08:37:39","modified_gmt":"2026-01-14T07:37:39","slug":"hp-elite-x2-g1-toltoallomas-hajlekony-kabel-kabel-6046b0071801","status":"publish","type":"product","link":"https:\/\/boreait.com\/hu\/termek\/hp-elite-x2-g1-toltoallomas-hajlekony-kabel-kabel-6046b0071801\/","title":{"rendered":"HP Elite x2 G1 t\u00f6lt\u0151\u00e1llom\u00e1s hajl\u00e9kony k\u00e1bel k\u00e1bel 6046B0071801"},"content":{"rendered":"<p>Ha probl\u00e9m\u00e1kat tapasztal a HP Elite x2 G1 t\u00e1blag\u00e9p t\u00f6lt\u00e9s\u00e9vel, akkor a t\u00f6lt\u0151\u00e1llom\u00e1s hib\u00e1s rugalmas k\u00e1bele lehet az oka. Ez az eredeti OEM cserek\u00e1bel, amelyet kifejezetten a HP Elite x2 G1-hez terveztek, megb\u00edzhat\u00f3 \u00e9s hat\u00e9kony t\u00f6lt\u00e9si kapcsolatot biztos\u00edt, \u00edgy k\u00e9nyelmesen t\u00f6ltheti fel t\u00e1blag\u00e9p\u00e9t.<\/p>\n<p>A t\u00f6lt\u0151\u00e1llom\u00e1s rugalmas k\u00e1bele (6046B0071801) \u00fagy lett kialak\u00edtva, hogy stabil \u00e9s biztons\u00e1gos kapcsolatot biztos\u00edtson a t\u00f6lt\u0151\u00e1llom\u00e1s \u00e9s a t\u00e1blag\u00e9p k\u00f6z\u00f6tt, lehet\u0151v\u00e9 t\u00e9ve a z\u00f6kken\u0151mentes, megszak\u00edt\u00e1s n\u00e9lk\u00fcli t\u00f6lt\u00e9st. Ezzel a cserek\u00e1bellel biztos\u00edthatja, hogy t\u00e1blag\u00e9pe akkumul\u00e1tora felt\u00f6lt\u00f6tt \u00e9s haszn\u00e1latra k\u00e9sz maradjon, ak\u00e1r fontos feladatokon dolgozik, ak\u00e1r videokonferenci\u00e1kon vesz r\u00e9szt, ak\u00e1r multim\u00e9di\u00e1s tartalmakat \u00e9lvez.<\/p>\n<p>A t\u00f6lt\u0151\u00e1llom\u00e1s flexibilis k\u00e1bel\u00e9nek felszerel\u00e9se egyszer\u0171, \u00e9s t\u00f6k\u00e9letesen illeszkedik HP Elite x2 G1 t\u00e1blag\u00e9p\u00e9hez. Az eredeti OEM alkatr\u00e9sz biztos\u00edtja a kompatibilit\u00e1st \u00e9s az optim\u00e1lis t\u00f6lt\u00e9si teljes\u00edtm\u00e9nyt, kik\u00fcsz\u00f6b\u00f6lve a t\u00f6lt\u00e9s megb\u00edzhat\u00f3s\u00e1g\u00e1val kapcsolatos aggodalmakat.<\/p>\n<p>Ne hagyja, hogy a hib\u00e1s t\u00f6lt\u0151\u00e1llom\u00e1s hajl\u00e9kony k\u00e1bele akad\u00e1lyozza a termel\u00e9kenys\u00e9get. Fektessen be ebbe az eredeti OEM-cserebe (6046B0071801-es k\u00e1bel), hogy biztos\u00edtsa HP Elite x2 G1 t\u00e1blag\u00e9p\u00e9nek egyenletes \u00e9s hat\u00e9kony t\u00f6lt\u00e9si \u00e9lm\u00e9ny\u00e9t. Ak\u00e1r az irod\u00e1ban, ak\u00e1r \u00fatk\u00f6zben vagy otthon haszn\u00e1lja, ez a k\u00e1bel garant\u00e1lja, hogy t\u00e1blag\u00e9pe mindig \u00e1ram alatt legyen, \u00e9s k\u00e9szen \u00e1lljon b\u00e1rmilyen feladatra.<\/p>\n<p>Gondoskodjon megb\u00edzhat\u00f3 \u00e9s hat\u00e9kony t\u00f6lt\u0151csatlakoz\u00e1sr\u00f3l t\u00e1blag\u00e9pe sz\u00e1m\u00e1ra ezzel az eredeti OEM t\u00f6lt\u0151\u00e1llom\u00e1s rugalmas k\u00e1bel\u00e9vel. Ennek a kiv\u00e1l\u00f3 min\u0151s\u00e9g\u0171 cserek\u00e1belnek k\u00f6sz\u00f6nhet\u0151en HP Elite x2 G1 t\u00e1blag\u00e9p\u00e9t folyamatosan \u00e1ram alatt tartja, \u00e9s k\u00e9szen \u00e1ll a haszn\u00e1latra.<\/p>\n","protected":false},"excerpt":{"rendered":"<p>Cser\u00e9lje ki a s\u00e9r\u00fclt vagy elhaszn\u00e1l\u00f3dott t\u00f6lt\u0151\u00e1llom\u00e1s hajl\u00e9kony k\u00e1bel\u00e9t a HP Elite x2 G1 t\u00e1blag\u00e9pen ezzel az eredeti OEM cser\u00e9vel. A k\u00e1bel (6046B0071801) megb\u00edzhat\u00f3 \u00e9s hat\u00e9kony t\u00f6lt\u00e9si kapcsolatot biztos\u00edt, lehet\u0151v\u00e9 t\u00e9ve a t\u00e1blag\u00e9p k\u00e9nyelmes bekapcsol\u00e1s\u00e1t.<\/p>\n","protected":false},"featured_media":984,"template":"","meta":[],"product_brand":[],"product_cat":[20],"product_tag":[25],"class_list":{"0":"post-916","1":"product","2":"type-product","3":"status-publish","4":"has-post-thumbnail","6":"product_cat-cables","7":"product_tag-hp","9":"first","10":"instock","11":"taxable","12":"shipping-taxable","13":"purchasable","14":"product-type-simple"},"_links":{"self":[{"href":"https:\/\/boreait.com\/hu\/wp-json\/wp\/v2\/product\/916","targetHints":{"allow":["GET"]}}],"collection":[{"href":"https:\/\/boreait.com\/hu\/wp-json\/wp\/v2\/product"}],"about":[{"href":"https:\/\/boreait.com\/hu\/wp-json\/wp\/v2\/types\/product"}],"wp:featuredmedia":[{"embeddable":true,"href":"https:\/\/boreait.com\/hu\/wp-json\/wp\/v2\/media\/984"}],"wp:attachment":[{"href":"https:\/\/boreait.com\/hu\/wp-json\/wp\/v2\/media?parent=916"}],"wp:term":[{"taxonomy":"product_brand","embeddable":true,"href":"https:\/\/boreait.com\/hu\/wp-json\/wp\/v2\/product_brand?post=916"},{"taxonomy":"product_cat","embeddable":true,"href":"https:\/\/boreait.com\/hu\/wp-json\/wp\/v2\/product_cat?post=916"},{"taxonomy":"product_tag","embeddable":true,"href":"https:\/\/boreait.com\/hu\/wp-json\/wp\/v2\/product_tag?post=916"}],"curies":[{"name":"wp","href":"https:\/\/api.w.org\/{rel}","templated":true}]}}