{"id":91,"date":"2025-09-17T09:21:19","date_gmt":"2025-09-17T07:21:19","guid":{"rendered":"https:\/\/boreait.com\/hu\/?post_type=product&#038;p=91"},"modified":"2026-01-14T08:02:25","modified_gmt":"2026-01-14T07:02:25","slug":"hp-15-ac-laptop-processzorhuto-ventilator-dfs470805cl0t-pgkb-dc28000gad0-sps-813946-001","status":"publish","type":"product","link":"https:\/\/boreait.com\/hu\/termek\/hp-15-ac-laptop-processzorhuto-ventilator-dfs470805cl0t-pgkb-dc28000gad0-sps-813946-001\/","title":{"rendered":"HP 15 AC laptop processzorh\u0171t\u0151 ventil\u00e1tor DFS470805CL0T PGKB DC28000GAD0 SPS-813946-001"},"content":{"rendered":"<p>A HP 15 AC laptop processzorh\u0171t\u0151 ventil\u00e1tora DFS470805CL0T PGKB DC28000GAD0 SPS-813946-001 cikksz\u00e1mmal egy kiv\u00e1l\u00f3 min\u0151s\u00e9g\u0171 csereventil\u00e1tor a HP 15 AC laptop CPU h\u0171t\u0151rendszer\u00e9hez. Ezt a h\u0171t\u0151ventil\u00e1tort \u00fagy tervezt\u00e9k, hogy seg\u00edtse a CPU h\u0151m\u00e9rs\u00e9klet\u00e9nek szab\u00e1lyoz\u00e1s\u00e1t, megel\u0151zve a t\u00falmeleged\u00e9st \u00e9s a rendszer k\u00e1rosod\u00e1s\u00e1t.<\/p>\n<p>A ventil\u00e1tor tart\u00f3s anyagokb\u00f3l k\u00e9sz\u00fclt, \u00e9s \u00fagy tervezt\u00e9k, hogy csendesen \u00e9s hat\u00e9konyan m\u0171k\u00f6dj\u00f6n. Egyed\u00fcl\u00e1ll\u00f3 kialak\u00edt\u00e1sa seg\u00edt maximaliz\u00e1lni a l\u00e9g\u00e1raml\u00e1st \u00e9s minimaliz\u00e1lni a zajt. Ez azt jelenti, hogy a ventil\u00e1tor hat\u00e9konyan h\u0171ti a laptopot an\u00e9lk\u00fcl, hogy t\u00falzott zajt vagy vibr\u00e1ci\u00f3t gener\u00e1lna.<\/p>\n<p>A HP 15 AC laptop processzorh\u0171t\u0151 ventil\u00e1tor telep\u00edt\u00e9se gyors \u00e9s egyszer\u0171 a plug-and-play kialak\u00edt\u00e1snak k\u00f6sz\u00f6nhet\u0151en. A telep\u00edt\u00e9st k\u00f6vet\u0151en a ventil\u00e1tor automatikusan m\u0171k\u00f6dik, hogy fenntartsa a laptop CPU-j\u00e1nak biztons\u00e1gos m\u0171k\u00f6d\u00e9si h\u0151m\u00e9rs\u00e9klet\u00e9t.<\/p>\n<p>\u00d6sszess\u00e9g\u00e9ben a DFS470805CL0T PGKB DC28000GAD0 SPS-813946-001 cikksz\u00e1m\u00fa HP 15 v\u00e1lt\u00f3\u00e1ram\u00fa laptop processzorh\u0171t\u0151 ventil\u00e1tor kiv\u00e1l\u00f3 v\u00e1laszt\u00e1s mindazok sz\u00e1m\u00e1ra, akik 15 v\u00e1ltakoz\u00f3 \u00e1ram\u00fa HP laptopjuk hib\u00e1s vagy s\u00e9r\u00fclt h\u0171t\u0151ventil\u00e1tor\u00e1t szeretn\u00e9k kicser\u00e9lni. Megb\u00edzhat\u00f3 teljes\u00edtm\u00e9nyt, csendes m\u0171k\u00f6d\u00e9st \u00e9s egyszer\u0171 telep\u00edt\u00e9st k\u00edn\u00e1l, mindezt megfizethet\u0151 \u00e1ron.<\/p>\n","protected":false},"excerpt":{"rendered":"<p>A DFS470805CL0T PGKB DC28000GAD0 SPS-813946-001 cikksz\u00e1m\u00fa HP 15 AC laptop processzorh\u0171t\u0151 ventil\u00e1tor a HP 15 AC laptop h\u0171t\u0151rendszer\u00e9nek csereventil\u00e1tora. \u00dagy tervezt\u00e9k, hogy szab\u00e1lyozza a CPU h\u0151m\u00e9rs\u00e9klet\u00e9t, biztos\u00edtva, hogy ne melegedjen t\u00fal \u00e9s ne k\u00e1ros\u00edtsa a rendszert. A ventil\u00e1tor tart\u00f3s, hat\u00e9kony \u00e9s k\u00f6nnyen telep\u00edthet\u0151, megb\u00edzhat\u00f3 teljes\u00edtm\u00e9nyt \u00e9s csendes m\u0171k\u00f6d\u00e9st biztos\u00edt megfizethet\u0151 \u00e1ron.<\/p>\n","protected":false},"featured_media":168,"template":"","meta":[],"product_brand":[],"product_cat":[33],"product_tag":[25],"class_list":{"0":"post-91","1":"product","2":"type-product","3":"status-publish","4":"has-post-thumbnail","6":"product_cat-cpu-fans-heatsinks","7":"product_tag-hp","9":"first","10":"instock","11":"taxable","12":"shipping-taxable","13":"purchasable","14":"product-type-simple"},"_links":{"self":[{"href":"https:\/\/boreait.com\/hu\/wp-json\/wp\/v2\/product\/91","targetHints":{"allow":["GET"]}}],"collection":[{"href":"https:\/\/boreait.com\/hu\/wp-json\/wp\/v2\/product"}],"about":[{"href":"https:\/\/boreait.com\/hu\/wp-json\/wp\/v2\/types\/product"}],"wp:featuredmedia":[{"embeddable":true,"href":"https:\/\/boreait.com\/hu\/wp-json\/wp\/v2\/media\/168"}],"wp:attachment":[{"href":"https:\/\/boreait.com\/hu\/wp-json\/wp\/v2\/media?parent=91"}],"wp:term":[{"taxonomy":"product_brand","embeddable":true,"href":"https:\/\/boreait.com\/hu\/wp-json\/wp\/v2\/product_brand?post=91"},{"taxonomy":"product_cat","embeddable":true,"href":"https:\/\/boreait.com\/hu\/wp-json\/wp\/v2\/product_cat?post=91"},{"taxonomy":"product_tag","embeddable":true,"href":"https:\/\/boreait.com\/hu\/wp-json\/wp\/v2\/product_tag?post=91"}],"curies":[{"name":"wp","href":"https:\/\/api.w.org\/{rel}","templated":true}]}}