{"id":9069,"date":"2025-09-17T12:20:38","date_gmt":"2025-09-17T10:20:38","guid":{"rendered":"https:\/\/boreait.com\/hu\/?post_type=product&#038;p=9069"},"modified":"2025-09-17T12:22:12","modified_gmt":"2025-09-17T10:22:12","slug":"dvd-iro-meghajto-gsa-t20n-rom-komp-fujitsu-esprimo-mobile-v5515-sokoldalu-media","status":"publish","type":"product","link":"https:\/\/boreait.com\/hu\/termek\/dvd-iro-meghajto-gsa-t20n-rom-komp-fujitsu-esprimo-mobile-v5515-sokoldalu-media\/","title":{"rendered":"DVD-\u00edr\u00f3 meghajt\u00f3 GSA-T20N ROM komp. Fujitsu Esprimo Mobile V5515 &#8211; Sokoldal\u00fa m\u00e9dia"},"content":{"rendered":"<p><strong>A term\u00e9k \u00e1ttekint\u00e9se<\/strong><\/p>\n<p>Friss\u00edtse Fujitsu Esprimo Mobile V5515 k\u00e9sz\u00fcl\u00e9k\u00e9t ezzel a nagy teljes\u00edtm\u00e9ny\u0171 GSA-T20N DVD-\u00edr\u00f3 meghajt\u00f3val PATA csatlakoz\u00f3val. Ezt a meghajt\u00f3t \u00fagy tervezt\u00e9k, hogy t\u00e1mogassa az optikai adathordoz\u00f3k sz\u00e9les sk\u00e1l\u00e1j\u00e1t, \u00edgy mind szem\u00e9lyes, mind professzion\u00e1lis haszn\u00e1latra elengedhetetlen kieg\u00e9sz\u00edt\u0151je laptopj\u00e1nak. Ak\u00e1r DVD-ket kell \u00edrnia, ak\u00e1r fontos adatokr\u00f3l biztons\u00e1gi m\u00e1solatot kell k\u00e9sz\u00edtenie, ez a sokoldal\u00fa meghajt\u00f3 mindenre k\u00e9pes.<\/p>\n<p><strong>F\u0151bb jellemz\u0151k<\/strong><\/p>\n<ul>\n<li><strong>Megb\u00edzhat\u00f3 teljes\u00edtm\u00e9ny<\/strong>: Nagy olvas\u00e1si \u00e9s \u00edr\u00e1si sebess\u00e9g\u00e9vel ez a meghajt\u00f3 gyors \u00e9s hat\u00e9kony adat\u00e1tvitelt \u00e9s m\u00e9dialej\u00e1tsz\u00e1st tesz lehet\u0151v\u00e9.<\/li>\n<li><strong>Egyszer\u0171 telep\u00edt\u00e9s<\/strong>: A Fujitsu Esprimo Mobile V5515 k\u00e9sz\u00fcl\u00e9kbe t\u00f6rt\u00e9n\u0151 egyszer\u0171 telep\u00edt\u00e9shez k\u00e9sz\u00fclt meghajt\u00f3 z\u00f6kken\u0151mentes friss\u00edt\u00e9st jelent laptopj\u00e1hoz.<\/li>\n<li><strong>Kompakt \u00e9s strapab\u00edr\u00f3<\/strong>: A karcs\u00fa forma garant\u00e1lja, hogy t\u00f6k\u00e9letesen illeszkedik a laptopj\u00e1ba, m\u00edg a robusztus fel\u00e9p\u00edt\u00e9s hossz\u00fa t\u00e1v\u00fa teljes\u00edtm\u00e9nyt garant\u00e1l.<\/li>\n<li><strong>Ide\u00e1lis multim\u00e9di\u00e1hoz<\/strong>: T\u00f6k\u00e9letes filmek n\u00e9z\u00e9s\u00e9hez, adatok biztons\u00e1gi ment\u00e9s\u00e9hez \u00e9s szoftverek telep\u00edt\u00e9s\u00e9hez, jav\u00edtva laptopja funkcionalit\u00e1s\u00e1t.<\/li>\n<\/ul>\n<p>&nbsp;<\/p>\n","protected":false},"excerpt":{"rendered":"<p>Fejlessze Fujitsu Esprimo Mobile V5515 k\u00e9sz\u00fcl\u00e9k\u00e9t ezzel a sokoldal\u00fa DVD-\u00edr\u00f3 meghajt\u00f3val. Ide\u00e1lis k\u00fcl\u00f6nf\u00e9le optikai adathordoz\u00f3 form\u00e1tumok olvas\u00e1s\u00e1hoz \u00e9s \u00edr\u00e1s\u00e1hoz.<\/p>\n","protected":false},"featured_media":9135,"template":"","meta":[],"product_brand":[],"product_cat":[27],"product_tag":[28],"class_list":{"0":"post-9069","1":"product","2":"type-product","3":"status-publish","4":"has-post-thumbnail","6":"product_cat-motherboards-board-parts","7":"product_tag-fujitsu","9":"first","10":"instock","11":"taxable","12":"shipping-taxable","13":"purchasable","14":"product-type-simple"},"_links":{"self":[{"href":"https:\/\/boreait.com\/hu\/wp-json\/wp\/v2\/product\/9069","targetHints":{"allow":["GET"]}}],"collection":[{"href":"https:\/\/boreait.com\/hu\/wp-json\/wp\/v2\/product"}],"about":[{"href":"https:\/\/boreait.com\/hu\/wp-json\/wp\/v2\/types\/product"}],"wp:featuredmedia":[{"embeddable":true,"href":"https:\/\/boreait.com\/hu\/wp-json\/wp\/v2\/media\/9135"}],"wp:attachment":[{"href":"https:\/\/boreait.com\/hu\/wp-json\/wp\/v2\/media?parent=9069"}],"wp:term":[{"taxonomy":"product_brand","embeddable":true,"href":"https:\/\/boreait.com\/hu\/wp-json\/wp\/v2\/product_brand?post=9069"},{"taxonomy":"product_cat","embeddable":true,"href":"https:\/\/boreait.com\/hu\/wp-json\/wp\/v2\/product_cat?post=9069"},{"taxonomy":"product_tag","embeddable":true,"href":"https:\/\/boreait.com\/hu\/wp-json\/wp\/v2\/product_tag?post=9069"}],"curies":[{"name":"wp","href":"https:\/\/api.w.org\/{rel}","templated":true}]}}