{"id":9066,"date":"2025-09-17T12:20:37","date_gmt":"2025-09-17T10:20:37","guid":{"rendered":"https:\/\/boreait.com\/hu\/?post_type=product&#038;p=9066"},"modified":"2026-02-01T10:28:17","modified_gmt":"2026-02-01T09:28:17","slug":"fujitsu-esprimo-mobile-v5515-merevlemez-fedolemez-eredeti-hdd-fedel","status":"publish","type":"product","link":"https:\/\/boreait.com\/hu\/termek\/fujitsu-esprimo-mobile-v5515-merevlemez-fedolemez-eredeti-hdd-fedel\/","title":{"rendered":"Fujitsu Esprimo Mobile V5515 merevlemez fed\u0151lemez &#8211; Eredeti HDD fed\u00e9l"},"content":{"rendered":"<p><strong>A term\u00e9k \u00e1ttekint\u00e9se<\/strong><\/p>\n<p>Fokozza meg Fujitsu Siemens Esprimo Mobile V5515 merevlemez\u00e9nek v\u00e9delm\u00e9t ezzel a merevlemez-meghajt\u00f3 fedlappal. \u00dagy tervezt\u00e9k, hogy meg\u00f3vja merevlemez\u00e9t a port\u00f3l, t\u00f6rmel\u00e9kt\u0151l \u00e9s fizikai s\u00e9r\u00fcl\u00e9sekt\u0151l, ez a fed\u0151lemez n\u00e9lk\u00fcl\u00f6zhetetlen eleme a laptop t\u00e1rol\u00f3j\u00e1nak megb\u00edzhat\u00f3s\u00e1g\u00e1nak \u00e9s hossz\u00fa \u00e9lettartam\u00e1nak meg\u0151rz\u00e9s\u00e9nek.<\/p>\n<p><strong>F\u0151bb jellemz\u0151k<\/strong><\/p>\n<ul>\n<li><strong>Modellkompatibilit\u00e1s<\/strong>: Kifejezetten a Fujitsu Siemens Esprimo Mobile V5515-h\u00f6z tervezve, t\u00f6k\u00e9letes illeszked\u00e9st \u00e9s egyszer\u0171 telep\u00edt\u00e9st biztos\u00edtva.<\/li>\n<li><strong>Tart\u00f3s v\u00e9delem<\/strong>: Er\u0151s v\u00e9delmet ny\u00fajt merevlemez\u00e9nek, meg\u00f3vva a port\u00f3l, t\u00f6rmel\u00e9kt\u0151l \u00e9s a lehets\u00e9ges fizikai behat\u00e1sokt\u00f3l.<\/li>\n<li><strong>OEM min\u0151s\u00e9g<\/strong>: Az eredeti berendez\u00e9s gy\u00e1rt\u00f3i szabv\u00e1nyainak megfelel\u0151en gy\u00e1rtva, biztos\u00edtva az \u00e1lland\u00f3 min\u0151s\u00e9get \u00e9s teljes\u00edtm\u00e9nyt.<\/li>\n<li><strong>Biztons\u00e1gos illeszked\u00e9s<\/strong>: Biztos\u00edtja, hogy merevlemeze biztons\u00e1gosan r\u00f6gz\u00edtve legyen a laptopban, cs\u00f6kkentve a s\u00e9r\u00fcl\u00e9s vagy adatveszt\u00e9s kock\u00e1zat\u00e1t.<\/li>\n<li><strong>Egyszer\u0171 telep\u00edt\u00e9s<\/strong>: Egyszer\u0171 telep\u00edt\u00e9sre tervezt\u00e9k, amely lehet\u0151v\u00e9 teszi a gyors \u00e9s probl\u00e9mamentes friss\u00edt\u00e9st vagy cser\u00e9t.<\/li>\n<\/ul>\n<p><strong>Mi\u00e9rt v\u00e1lassza a mi merevlemez-bor\u00edt\u00f3lemez\u00fcnket?<\/strong><\/p>\n<ul>\n<li><strong>Megb\u00edzhat\u00f3 v\u00e9delem<\/strong>: v\u00e9dve tartja merevlemez\u00e9t a k\u00f6rnyezeti vesz\u00e9lyekt\u0151l, meghosszabb\u00edtva a t\u00e1rol\u00f3eszk\u00f6z \u00e9lettartam\u00e1t.<\/li>\n<li><strong>Kiv\u00e1l\u00f3 min\u0151s\u00e9g\u0171 konstrukci\u00f3<\/strong>: Tart\u00f3s anyagokb\u00f3l k\u00e9sz\u00fclt, hogy ellen\u00e1lljon a kop\u00e1snak, \u00edgy biztos\u00edtva a hossz\u00fa t\u00e1v\u00fa v\u00e9delmet.<\/li>\n<li><strong>Z\u00f6kken\u0151mentes integr\u00e1ci\u00f3<\/strong>: T\u00f6k\u00e9letesen illeszkedik Fujitsu Siemens Esprimo Mobile V5515 k\u00e9sz\u00fcl\u00e9k\u00e9be, meg\u0151rizve laptopja eredeti eszt\u00e9tik\u00e1j\u00e1t \u00e9s funkcionalit\u00e1s\u00e1t.<\/li>\n<li><strong>Probl\u00e9mamentes telep\u00edt\u00e9s<\/strong>: A kialak\u00edt\u00e1s lehet\u0151v\u00e9 teszi az egyszer\u0171 r\u00f6gz\u00edt\u00e9st \u00e9s elt\u00e1vol\u00edt\u00e1st, \u00edgy gyorsan kicser\u00e9lheti r\u00e9gi vagy s\u00e9r\u00fclt fed\u0151lemez\u00e9t.<\/li>\n<\/ul>\n<p><strong>Haszn\u00e1lat<\/strong><\/p>\n<p>A merevlemez-meghajt\u00f3 fed\u0151lapj\u00e1nak felszerel\u00e9s\u00e9hez igaz\u00edtsa azt a Fujitsu Siemens Esprimo Mobile V5515 merevlemez-rekesz\u00e9hez, \u00e9s r\u00f6gz\u00edtse a megfelel\u0151 csavarokkal. Gy\u0151z\u0151dj\u00f6n meg arr\u00f3l, hogy a burkolat megfelel\u0151en van be\u00e1ll\u00edtva \u00e9s r\u00f6gz\u00edtve, hogy elker\u00fclje a mozg\u00e1st vagy a r\u00e9seket.<\/p>\n<p><strong>Tartsa biztons\u00e1gban merevlemez\u00e9t<\/strong><\/p>\n<p>Ne k\u00f6ss\u00f6n kompromisszumot laptopja merevlemez\u00e9nek biztons\u00e1ga ter\u00e9n. V\u00e9dje meg ezzel a Fujitsu Siemens Esprimo Mobile V5515 eredeti merevlemez-bor\u00edt\u00f3lemez\u00e9vel, amely biztons\u00e1gos \u00e9s megb\u00edzhat\u00f3 t\u00e1rol\u00e1st biztos\u00edt. Rendeljen most, \u00e9s \u0151rizze meg laptopja adatainak s\u00e9rtetlens\u00e9g\u00e9t.<\/p>\n","protected":false},"excerpt":{"rendered":"<p>V\u00e9dje merevlemez\u00e9t ezzel a Fujitsu Siemens Esprimo Mobile V5515-h\u00f6z k\u00e9sz\u00fclt eredeti merevlemez-bor\u00edt\u00f3lemezzel, amely biztons\u00e1gos \u00e9s megb\u00edzhat\u00f3 t\u00e1rol\u00e1st biztos\u00edt.<\/p>\n","protected":false},"featured_media":9130,"template":"","meta":[],"product_brand":[],"product_cat":[16],"product_tag":[28],"class_list":{"0":"post-9066","1":"product","2":"type-product","3":"status-publish","4":"has-post-thumbnail","6":"product_cat-laptop-housing","7":"product_tag-fujitsu","9":"first","10":"instock","11":"taxable","12":"shipping-taxable","13":"purchasable","14":"product-type-simple"},"_links":{"self":[{"href":"https:\/\/boreait.com\/hu\/wp-json\/wp\/v2\/product\/9066","targetHints":{"allow":["GET"]}}],"collection":[{"href":"https:\/\/boreait.com\/hu\/wp-json\/wp\/v2\/product"}],"about":[{"href":"https:\/\/boreait.com\/hu\/wp-json\/wp\/v2\/types\/product"}],"wp:featuredmedia":[{"embeddable":true,"href":"https:\/\/boreait.com\/hu\/wp-json\/wp\/v2\/media\/9130"}],"wp:attachment":[{"href":"https:\/\/boreait.com\/hu\/wp-json\/wp\/v2\/media?parent=9066"}],"wp:term":[{"taxonomy":"product_brand","embeddable":true,"href":"https:\/\/boreait.com\/hu\/wp-json\/wp\/v2\/product_brand?post=9066"},{"taxonomy":"product_cat","embeddable":true,"href":"https:\/\/boreait.com\/hu\/wp-json\/wp\/v2\/product_cat?post=9066"},{"taxonomy":"product_tag","embeddable":true,"href":"https:\/\/boreait.com\/hu\/wp-json\/wp\/v2\/product_tag?post=9066"}],"curies":[{"name":"wp","href":"https:\/\/api.w.org\/{rel}","templated":true}]}}