{"id":9048,"date":"2025-09-17T12:20:11","date_gmt":"2025-09-17T10:20:11","guid":{"rendered":"https:\/\/boreait.com\/hu\/?post_type=product&#038;p=9048"},"modified":"2026-02-01T10:26:22","modified_gmt":"2026-02-01T09:26:22","slug":"fujitsu-siemens-esprimo-v5515-wn6302a-wi-fi-kartya-megbizhato-vezetek-nelkuli-kapcsolat","status":"publish","type":"product","link":"https:\/\/boreait.com\/hu\/termek\/fujitsu-siemens-esprimo-v5515-wn6302a-wi-fi-kartya-megbizhato-vezetek-nelkuli-kapcsolat\/","title":{"rendered":"Fujitsu Siemens Esprimo V5515 WN6302A Wi-Fi k\u00e1rtya \u2013 Megb\u00edzhat\u00f3 vezet\u00e9k n\u00e9lk\u00fcli kapcsolat"},"content":{"rendered":"<p><strong>A term\u00e9k \u00e1ttekint\u00e9se<\/strong><\/p>\n<p>Friss\u00edtse Fujitsu Siemens Esprimo Mobile V5515 vezet\u00e9k n\u00e9lk\u00fcli k\u00e9pess\u00e9geit a WN6302A Wi-Fi k\u00e1rty\u00e1val. Ez a k\u00e1rtya megb\u00edzhat\u00f3 vezet\u00e9k n\u00e9lk\u00fcli kapcsolatot biztos\u00edt, lehet\u0151v\u00e9 t\u00e9ve, hogy b\u00e1rhov\u00e1 is megy, kapcsolatban maradjon.<\/p>\n<p><strong>F\u0151bb jellemz\u0151k<\/strong><\/p>\n<ul>\n<li><strong>Modellkompatibilit\u00e1s<\/strong>: Kifejezetten a Fujitsu Siemens Esprimo Mobile V5515-h\u00f6z tervezve, t\u00f6k\u00e9letes illeszked\u00e9st \u00e9s kompatibilit\u00e1st biztos\u00edtva.<\/li>\n<li><strong>Vezet\u00e9k n\u00e9lk\u00fcli kapcsolat<\/strong>: Megb\u00edzhat\u00f3 Wi-Fi-kapcsolatot biztos\u00edt a b\u00f6ng\u00e9sz\u00e9shez, streamel\u00e9shez \u00e9s let\u00f6lt\u00e9shez.<\/li>\n<li><strong>Egyszer\u0171 telep\u00edt\u00e9s<\/strong>: Plug-and-play telep\u00edt\u00e9s a gyors be\u00e1ll\u00edt\u00e1shoz, technikai probl\u00e9ma n\u00e9lk\u00fcl.<\/li>\n<li><strong>Tov\u00e1bbfejlesztett teljes\u00edtm\u00e9ny<\/strong>: \u00c9lvezze a stabil \u00e9s gyors vezet\u00e9k n\u00e9lk\u00fcli kapcsolatot a WN6302A Wi-Fi k\u00e1rty\u00e1val.<\/li>\n<li><strong>OEM min\u0151s\u00e9g<\/strong>: \u00dagy gy\u00e1rtott\u00e1k, hogy megfeleljen az eredeti berendez\u00e9s min\u0151s\u00e9gi \u00e9s teljes\u00edtm\u00e9nyi szabv\u00e1nyainak.<\/li>\n<\/ul>\n<p><strong>Mi\u00e9rt v\u00e1lassza a Wi-Fi-k\u00e1rty\u00e1nkat?<\/strong><\/p>\n<ul>\n<li><strong>Tov\u00e1bbfejlesztett kapcsol\u00f3d\u00e1si lehet\u0151s\u00e9gek<\/strong>: Maradjon kapcsolatban a z\u00f6kken\u0151mentes vezet\u00e9k n\u00e9lk\u00fcli teljes\u00edtm\u00e9nnyel.<\/li>\n<li><strong>Megb\u00edzhat\u00f3 m\u00e1rka<\/strong>: A Fujitsu Siemens Esprimo laptopokkal val\u00f3 megb\u00edzhat\u00f3s\u00e1gra \u00e9s kompatibilit\u00e1sra tervezt\u00e9k.<\/li>\n<li><strong>Egyszer\u0171 telep\u00edt\u00e9s<\/strong>: Az egyszer\u0171 be\u00e1ll\u00edt\u00e1s lehet\u0151v\u00e9 teszi laptopja Wi-Fi-k\u00e9pess\u00e9g\u00e9nek k\u00f6nnyed friss\u00edt\u00e9s\u00e9t.<\/li>\n<li><strong>\u00dcgyf\u00e9lszolg\u00e1lat<\/strong>: B\u00e1rmilyen telep\u00edt\u00e9si vagy kompatibilit\u00e1si k\u00e9rd\u00e9sben t\u00e1mogat\u00e1st ny\u00fajtunk.<\/li>\n<\/ul>\n<p><strong>Friss\u00edtse vezet\u00e9k n\u00e9lk\u00fcli \u00e9lm\u00e9ny\u00e9t<\/strong><\/p>\n<p>Friss\u00edtse Fujitsu Siemens Esprimo Mobile V5515 k\u00e9sz\u00fcl\u00e9k\u00e9t a WN6302A Wi-Fi k\u00e1rty\u00e1val a tov\u00e1bbfejlesztett vezet\u00e9k n\u00e9lk\u00fcli kapcsolat \u00e9rdek\u00e9ben. Rendeljen most, \u00e9s \u00e9lvezze a megb\u00edzhat\u00f3 internet-hozz\u00e1f\u00e9r\u00e9st laptopj\u00e1n.<\/p>\n","protected":false},"excerpt":{"rendered":"<p>N\u00f6velje Fujitsu Siemens Esprimo V5515 csatlakoztathat\u00f3s\u00e1g\u00e1t a WN6302A Wi-Fi k\u00e1rty\u00e1val a z\u00f6kken\u0151mentes vezet\u00e9k n\u00e9lk\u00fcli teljes\u00edtm\u00e9ny \u00e9rdek\u00e9ben.<\/p>\n","protected":false},"featured_media":9110,"template":"","meta":[],"product_brand":[],"product_cat":[27],"product_tag":[28],"class_list":{"0":"post-9048","1":"product","2":"type-product","3":"status-publish","4":"has-post-thumbnail","6":"product_cat-motherboards-board-parts","7":"product_tag-fujitsu","9":"first","10":"instock","11":"taxable","12":"shipping-taxable","13":"purchasable","14":"product-type-simple"},"_links":{"self":[{"href":"https:\/\/boreait.com\/hu\/wp-json\/wp\/v2\/product\/9048","targetHints":{"allow":["GET"]}}],"collection":[{"href":"https:\/\/boreait.com\/hu\/wp-json\/wp\/v2\/product"}],"about":[{"href":"https:\/\/boreait.com\/hu\/wp-json\/wp\/v2\/types\/product"}],"wp:featuredmedia":[{"embeddable":true,"href":"https:\/\/boreait.com\/hu\/wp-json\/wp\/v2\/media\/9110"}],"wp:attachment":[{"href":"https:\/\/boreait.com\/hu\/wp-json\/wp\/v2\/media?parent=9048"}],"wp:term":[{"taxonomy":"product_brand","embeddable":true,"href":"https:\/\/boreait.com\/hu\/wp-json\/wp\/v2\/product_brand?post=9048"},{"taxonomy":"product_cat","embeddable":true,"href":"https:\/\/boreait.com\/hu\/wp-json\/wp\/v2\/product_cat?post=9048"},{"taxonomy":"product_tag","embeddable":true,"href":"https:\/\/boreait.com\/hu\/wp-json\/wp\/v2\/product_tag?post=9048"}],"curies":[{"name":"wp","href":"https:\/\/api.w.org\/{rel}","templated":true}]}}