{"id":9047,"date":"2025-09-17T12:20:11","date_gmt":"2025-09-17T10:20:11","guid":{"rendered":"https:\/\/boreait.com\/hu\/?post_type=product&#038;p=9047"},"modified":"2026-02-01T10:26:04","modified_gmt":"2026-02-01T09:26:04","slug":"hynix-1-gb-pc2-5300s-555-12-memoriamodul-fujitsu-siemens-esprimo-v5515-hoz","status":"publish","type":"product","link":"https:\/\/boreait.com\/hu\/termek\/hynix-1-gb-pc2-5300s-555-12-memoriamodul-fujitsu-siemens-esprimo-v5515-hoz\/","title":{"rendered":"HYNIX 1 GB PC2-5300S-555-12 mem\u00f3riamodul Fujitsu Siemens Esprimo V5515-h\u00f6z"},"content":{"rendered":"<p><strong>A term\u00e9k \u00e1ttekint\u00e9se<\/strong><\/p>\n<p>Fokozza Fujitsu Siemens Esprimo V5515 teljes\u00edtm\u00e9ny\u00e9t a HYNIX 1 GB 2Rx8 PC2-5300S-555-12 mem\u00f3riamodullal. Ezt a modult \u00fagy tervezt\u00e9k, hogy megb\u00edzhat\u00f3 \u00e9s hat\u00e9kony mem\u00f3riab\u0151v\u00edt\u00e9st biztos\u00edtson, lehet\u0151v\u00e9 t\u00e9ve a sim\u00e1bb t\u00f6bbfeladatos munkav\u00e9gz\u00e9st \u00e9s a rendszer \u00e1ltal\u00e1nos v\u00e1laszk\u00e9szs\u00e9g\u00e9nek jav\u00edt\u00e1s\u00e1t.<\/p>\n<p><strong>F\u0151bb jellemz\u0151k<\/strong><\/p>\n<ul>\n<li><strong>Modellkompatibilit\u00e1s<\/strong>: Kifejezetten a Fujitsu Siemens Esprimo V5515-h\u00f6z tervezve, t\u00f6k\u00e9letes illeszked\u00e9st \u00e9s optim\u00e1lis teljes\u00edtm\u00e9nyt biztos\u00edtva.<\/li>\n<li><strong>Mem\u00f3riakapacit\u00e1s<\/strong>: 1 GB DDR2 mem\u00f3ri\u00e1t k\u00edn\u00e1l, amely ide\u00e1lis laptopja t\u00f6bbfeladatos k\u00e9pess\u00e9geinek n\u00f6vel\u00e9s\u00e9re.<\/li>\n<li><strong>Sebess\u00e9g \u00e9s hat\u00e9konys\u00e1g<\/strong>: PC2-5300S-555-12 specifik\u00e1ci\u00f3 szerint m\u0171k\u00f6dik, megfelel\u0151 sebess\u00e9get biztos\u00edtva k\u00fcl\u00f6nf\u00e9le sz\u00e1m\u00edt\u00e1si feladatokhoz.<\/li>\n<li><strong>Tov\u00e1bbfejlesztett teljes\u00edtm\u00e9ny<\/strong>: Jav\u00edtja a rendszer v\u00e1laszk\u00e9szs\u00e9g\u00e9t \u00e9s \u00e1ltal\u00e1nos teljes\u00edtm\u00e9ny\u00e9t, \u00edgy ide\u00e1lis a napi sz\u00e1m\u00edt\u00e1si ig\u00e9nyekhez.<\/li>\n<li><strong>Plug-and-Play telep\u00edt\u00e9s<\/strong>: K\u00f6nnyen telep\u00edthet\u0151, \u00edgy gyorsan \u00e9s probl\u00e9mamentesen b\u0151v\u00edtheti laptopja mem\u00f3ri\u00e1j\u00e1t.<\/li>\n<li><strong>Min\u0151s\u00e9gbiztos\u00edt\u00e1s<\/strong>: a HYNIX, egy megb\u00edzhat\u00f3 m\u00e1rka gy\u00e1rtja, amely kiv\u00e1l\u00f3 min\u0151s\u00e9g\u0171 mem\u00f3riamodulok gy\u00e1rt\u00e1s\u00e1r\u00f3l ismert.<\/li>\n<\/ul>\n<p><strong>Mi\u00e9rt v\u00e1lassza a mem\u00f3riamodulunkat?<\/strong><\/p>\n<ul>\n<li><strong>Megn\u00f6velt termel\u00e9kenys\u00e9g<\/strong>: Sim\u00e1bb t\u00f6bbfeladatos munkav\u00e9gz\u00e9st \u00e9s jobb alkalmaz\u00e1steljes\u00edtm\u00e9nyt tesz lehet\u0151v\u00e9.<\/li>\n<li><strong>Megb\u00edzhat\u00f3 m\u00e1rka<\/strong>: A HYNIX minden mem\u00f3riamoduln\u00e1l min\u0151s\u00e9get \u00e9s megb\u00edzhat\u00f3s\u00e1got biztos\u00edt.<\/li>\n<li><strong>Egyszer\u0171 friss\u00edt\u00e9s<\/strong>: Egyszer\u0171 telep\u00edt\u00e9si folyamat, alapvet\u0151 m\u0171szaki ismeretekkel rendelkez\u0151 felhaszn\u00e1l\u00f3k sz\u00e1m\u00e1ra.<\/li>\n<li><strong>OEM-kompatibilit\u00e1s<\/strong>: Megfelel az eredeti berendez\u00e9s gy\u00e1rt\u00f3j\u00e1nak specifik\u00e1ci\u00f3inak a garant\u00e1lt kompatibilit\u00e1s \u00e9rdek\u00e9ben.<\/li>\n<li><strong>\u00dcgyf\u00e9lszolg\u00e1lat<\/strong>: Teljes k\u00f6r\u0171 t\u00e1mogat\u00e1st ny\u00fajtunk minden telep\u00edt\u00e9si vagy kompatibilit\u00e1si k\u00e9rd\u00e9shez.<\/li>\n<\/ul>\n<p><strong>B\u0151v\u00edtse laptopja mem\u00f3ri\u00e1j\u00e1t<\/strong><\/p>\n<p>N\u00f6velje Fujitsu Siemens Esprimo V5515 teljes\u00edtm\u00e9ny\u00e9t a HYNIX 1 GB 2Rx8 PC2-5300S-555-12 mem\u00f3riamodullal. Rendeljen most, \u00e9s \u00e9lvezze a tov\u00e1bbfejlesztett t\u00f6bbfeladatos k\u00e9pess\u00e9geket \u00e9s a rendszer jobb v\u00e1laszk\u00e9szs\u00e9g\u00e9t.<\/p>\n","protected":false},"excerpt":{"rendered":"<p>Friss\u00edtse Fujitsu Siemens Esprimo V5515 k\u00e9sz\u00fcl\u00e9k\u00e9t ezzel az 1 GB-os HYNIX mem\u00f3riamodullal a nagyobb teljes\u00edtm\u00e9ny \u00e9s t\u00f6bbfeladatos munkav\u00e9gz\u00e9s \u00e9rdek\u00e9ben.<\/p>\n","protected":false},"featured_media":9109,"template":"","meta":[],"product_brand":[],"product_cat":[41,36],"product_tag":[68],"class_list":{"0":"post-9047","1":"product","2":"type-product","3":"status-publish","4":"has-post-thumbnail","6":"product_cat-ddr2","7":"product_cat-ram-memory","8":"product_tag-hynix","10":"first","11":"instock","12":"taxable","13":"shipping-taxable","14":"purchasable","15":"product-type-simple"},"_links":{"self":[{"href":"https:\/\/boreait.com\/hu\/wp-json\/wp\/v2\/product\/9047","targetHints":{"allow":["GET"]}}],"collection":[{"href":"https:\/\/boreait.com\/hu\/wp-json\/wp\/v2\/product"}],"about":[{"href":"https:\/\/boreait.com\/hu\/wp-json\/wp\/v2\/types\/product"}],"wp:featuredmedia":[{"embeddable":true,"href":"https:\/\/boreait.com\/hu\/wp-json\/wp\/v2\/media\/9109"}],"wp:attachment":[{"href":"https:\/\/boreait.com\/hu\/wp-json\/wp\/v2\/media?parent=9047"}],"wp:term":[{"taxonomy":"product_brand","embeddable":true,"href":"https:\/\/boreait.com\/hu\/wp-json\/wp\/v2\/product_brand?post=9047"},{"taxonomy":"product_cat","embeddable":true,"href":"https:\/\/boreait.com\/hu\/wp-json\/wp\/v2\/product_cat?post=9047"},{"taxonomy":"product_tag","embeddable":true,"href":"https:\/\/boreait.com\/hu\/wp-json\/wp\/v2\/product_tag?post=9047"}],"curies":[{"name":"wp","href":"https:\/\/api.w.org\/{rel}","templated":true}]}}