{"id":9045,"date":"2025-09-17T12:20:10","date_gmt":"2025-09-17T10:20:10","guid":{"rendered":"https:\/\/boreait.com\/hu\/?post_type=product&#038;p=9045"},"modified":"2026-02-01T10:24:19","modified_gmt":"2026-02-01T09:24:19","slug":"fujitsu-siemens-esprimo-v5515-modem-rj11-aljzatkabel-megbizhato-csatlakozas","status":"publish","type":"product","link":"https:\/\/boreait.com\/hu\/termek\/fujitsu-siemens-esprimo-v5515-modem-rj11-aljzatkabel-megbizhato-csatlakozas\/","title":{"rendered":"Fujitsu Siemens Esprimo V5515 Modem RJ11 aljzatk\u00e1bel &#8211; Megb\u00edzhat\u00f3 csatlakoz\u00e1s"},"content":{"rendered":"<p><strong>A term\u00e9k \u00e1ttekint\u00e9se<\/strong><\/p>\n<p>Fokozza a Fujitsu Siemens Esprimo Mobile V5515 modem csatlakoztathat\u00f3s\u00e1g\u00e1t ezzel a pr\u00e9mium modem RJ11 aljzatk\u00e1bellel. Az optim\u00e1lis teljes\u00edtm\u00e9nyre tervezett k\u00e1bel stabil \u00e9s megb\u00edzhat\u00f3 csatlakoz\u00e1st biztos\u00edt, \u00edgy t\u00f6k\u00e9letes helyettes\u00edt\u0151je a r\u00e9gi vagy s\u00e9r\u00fclt modemk\u00e1belnek.<\/p>\n<p><strong>F\u0151bb jellemz\u0151k<\/strong><\/p>\n<ul>\n<li><strong>Modellkompatibilit\u00e1s<\/strong>: Kifejezetten a Fujitsu Siemens Esprimo Mobile V5515-h\u00f6z szabva, t\u00f6k\u00e9letes illeszked\u00e9st \u00e9s z\u00f6kken\u0151mentes integr\u00e1ci\u00f3t garant\u00e1lva.<\/li>\n<li><strong>Megb\u00edzhat\u00f3 kapcsolat<\/strong>: Stabil \u00e9s megb\u00edzhat\u00f3 modemkapcsolatokat biztos\u00edt, biztos\u00edtva a hat\u00e9kony adat\u00e1tvitelt.<\/li>\n<li><strong>Kiv\u00e1l\u00f3 min\u0151s\u00e9g\u0171 konstrukci\u00f3<\/strong>: Tart\u00f3s anyagokb\u00f3l k\u00e9sz\u00fclt a tart\u00f3s haszn\u00e1lat \u00e9s a megb\u00edzhat\u00f3 teljes\u00edtm\u00e9ny \u00e9rdek\u00e9ben.<\/li>\n<li><strong>Stabil kapcsolat<\/strong>: Konzisztens kapcsolatot biztos\u00edt a megb\u00edzhat\u00f3 modemteljes\u00edtm\u00e9ny \u00e9rdek\u00e9ben, megszak\u00edt\u00e1sokt\u00f3l mentesen.<\/li>\n<li><strong>Egyszer\u0171 telep\u00edt\u00e9s<\/strong>: Egyszer\u0171 cser\u00e9re tervezt\u00e9k, ami gyors \u00e9s probl\u00e9mamentes telep\u00edt\u00e9st tesz lehet\u0151v\u00e9.<\/li>\n<li><strong>OEM-szabv\u00e1nyok<\/strong>: Megfelel az eredeti berendez\u00e9sek gy\u00e1rt\u00f3i szabv\u00e1nyainak, \u00edgy kiv\u00e1l\u00f3 min\u0151s\u00e9get \u00e9s t\u00f6k\u00e9letes kompatibilit\u00e1st biztos\u00edt.<\/li>\n<\/ul>\n<p><strong>Mi\u00e9rt v\u00e1lassza a modem RJ11 aljzatk\u00e1bel\u00fcnket?<\/strong><\/p>\n<ul>\n<li><strong>T\u00f6k\u00e9letes kompatibilit\u00e1s<\/strong>: Egyedi tervez\u00e9s\u0171 Fujitsu Siemens Esprimo Mobile V5515-h\u00f6z, amely biztos\u00edtja a pontos illeszked\u00e9st \u00e9s funkcionalit\u00e1st.<\/li>\n<li><strong>Megb\u00edzhat\u00f3 teljes\u00edtm\u00e9ny<\/strong>: Stabil modemkapcsolatokat biztos\u00edt a k\u00f6vetkezetes \u00e9s megb\u00edzhat\u00f3 adat\u00e1tvitel \u00e9rdek\u00e9ben.<\/li>\n<li><strong>Kiv\u00e1l\u00f3 min\u0151s\u00e9g\u0171 anyagok<\/strong>: robusztus anyagokb\u00f3l k\u00e9sz\u00fclt a tart\u00f3ss\u00e1g \u00e9s a megb\u00edzhat\u00f3 teljes\u00edtm\u00e9ny \u00e9rdek\u00e9ben.<\/li>\n<li><strong>K\u00f6nny\u0171 csere<\/strong>: Egyszer\u0171 \u00e9s gyors telep\u00edt\u00e9s, ami megk\u00f6nny\u00edti a r\u00e9gi vagy s\u00e9r\u00fclt modemk\u00e1bel cser\u00e9j\u00e9t.<\/li>\n<li><strong>OEM-min\u0151s\u00e9g<\/strong>: megfelel az OEM-el\u0151\u00edr\u00e1soknak, garant\u00e1lva a t\u00f6k\u00e9letes illeszked\u00e9st \u00e9s az optim\u00e1lis teljes\u00edtm\u00e9nyt.<\/li>\n<li><strong>\u00dcgyf\u00e9lt\u00e1mogat\u00e1s<\/strong>: \u00c1tfog\u00f3 t\u00e1mogat\u00e1st ny\u00fajtunk minden telep\u00edt\u00e9si \u00e9s term\u00e9kkel kapcsolatos k\u00e9rd\u00e9s eset\u00e9n.<\/li>\n<\/ul>\n<p><strong>Friss\u00edtse modemkapcsolat\u00e1t<\/strong><\/p>\n<p>Cser\u00e9lje ki r\u00e9gi vagy s\u00e9r\u00fclt modemk\u00e1bel\u00e9t erre a kiv\u00e1l\u00f3 min\u0151s\u00e9g\u0171 Modem RJ11 aljzatk\u00e1bellel a Fujitsu Siemens Esprimo Mobile V5515 k\u00e9sz\u00fcl\u00e9khez. Rendelje meg most a gyors sz\u00e1ll\u00edt\u00e1s\u00e9rt, \u00e9s biztos\u00edtson megb\u00edzhat\u00f3 modemcsatlakoz\u00e1st laptopj\u00e1hoz.<\/p>\n","protected":false},"excerpt":{"rendered":"<p>Biztos\u00edtson megb\u00edzhat\u00f3 modemcsatlakoz\u00e1st Fujitsu Siemens Esprimo Mobile V5515 k\u00e9sz\u00fcl\u00e9k\u00e9hez ezzel a kiv\u00e1l\u00f3 min\u0151s\u00e9g\u0171 RJ11 aljzatk\u00e1bellel, amely stabil \u00e9s hat\u00e9kony teljes\u00edtm\u00e9nyt biztos\u00edt.<\/p>\n","protected":false},"featured_media":9099,"template":"","meta":[],"product_brand":[],"product_cat":[20],"product_tag":[28],"class_list":{"0":"post-9045","1":"product","2":"type-product","3":"status-publish","4":"has-post-thumbnail","6":"product_cat-cables","7":"product_tag-fujitsu","9":"first","10":"instock","11":"taxable","12":"shipping-taxable","13":"purchasable","14":"product-type-simple"},"_links":{"self":[{"href":"https:\/\/boreait.com\/hu\/wp-json\/wp\/v2\/product\/9045","targetHints":{"allow":["GET"]}}],"collection":[{"href":"https:\/\/boreait.com\/hu\/wp-json\/wp\/v2\/product"}],"about":[{"href":"https:\/\/boreait.com\/hu\/wp-json\/wp\/v2\/types\/product"}],"wp:featuredmedia":[{"embeddable":true,"href":"https:\/\/boreait.com\/hu\/wp-json\/wp\/v2\/media\/9099"}],"wp:attachment":[{"href":"https:\/\/boreait.com\/hu\/wp-json\/wp\/v2\/media?parent=9045"}],"wp:term":[{"taxonomy":"product_brand","embeddable":true,"href":"https:\/\/boreait.com\/hu\/wp-json\/wp\/v2\/product_brand?post=9045"},{"taxonomy":"product_cat","embeddable":true,"href":"https:\/\/boreait.com\/hu\/wp-json\/wp\/v2\/product_cat?post=9045"},{"taxonomy":"product_tag","embeddable":true,"href":"https:\/\/boreait.com\/hu\/wp-json\/wp\/v2\/product_tag?post=9045"}],"curies":[{"name":"wp","href":"https:\/\/api.w.org\/{rel}","templated":true}]}}