{"id":8993,"date":"2025-09-17T12:18:52","date_gmt":"2025-09-17T10:18:52","guid":{"rendered":"https:\/\/boreait.com\/hu\/?post_type=product&#038;p=8993"},"modified":"2026-02-01T10:11:25","modified_gmt":"2026-02-01T09:11:25","slug":"wwan-ericsson-f3507g-kartya-fru-43y6513","status":"publish","type":"product","link":"https:\/\/boreait.com\/hu\/termek\/wwan-ericsson-f3507g-kartya-fru-43y6513\/","title":{"rendered":"WWAN Ericsson F3507g k\u00e1rtya FRU 43Y6513"},"content":{"rendered":"<p><strong>A term\u00e9k \u00e1ttekint\u00e9se<\/strong><\/p>\n<p>Friss\u00edtse Lenovo ThinkPad T400 vagy T500 k\u00e9sz\u00fcl\u00e9k\u00e9t a WWAN Ericsson F3507g k\u00e1rty\u00e1val (FRU: 43Y6513) a megb\u00edzhat\u00f3 mobil sz\u00e9less\u00e1v\u00fa kapcsolat \u00e9rdek\u00e9ben. Ez a k\u00e1rtya lehet\u0151v\u00e9 teszi, hogy \u00fatk\u00f6zben is kapcsolatban maradjon, \u00edgy mindenhol produkt\u00edv marad.<\/p>\n<p><strong>F\u0151bb jellemz\u0151k<\/strong><\/p>\n<ul>\n<li><strong>Modell kompatibilit\u00e1s<\/strong>: Kompatibilis a Lenovo ThinkPad T400 \u00e9s T500 modellekkel.<\/li>\n<li><strong>FRU-sz\u00e1m<\/strong>: Az FRU 43Y6513 biztos\u00edtja a kompatibilit\u00e1st, \u00e9s megfelel az OEM-szabv\u00e1nyoknak.<\/li>\n<li><strong>Mobil sz\u00e9less\u00e1v\u00fa kapcsolat<\/strong>: WWAN-on (Wireless Wide Area Network) kereszt\u00fcl nagy sebess\u00e9g\u0171 internet-hozz\u00e1f\u00e9r\u00e9st biztos\u00edt.<\/li>\n<li><strong>Egyszer\u0171 telep\u00edt\u00e9s<\/strong>: Egyszer\u0171 telep\u00edt\u00e9sre tervezt\u00e9k, minimaliz\u00e1lva az \u00e1ll\u00e1sid\u0151t.<\/li>\n<li><strong>Megb\u00edzhat\u00f3 teljes\u00edtm\u00e9ny<\/strong>: Stabil \u00e9s megb\u00edzhat\u00f3 kapcsolatot k\u00edn\u00e1l a z\u00f6kken\u0151mentes b\u00f6ng\u00e9sz\u00e9shez \u00e9s h\u00e1l\u00f3zat\u00e9p\u00edt\u00e9shez.<\/li>\n<\/ul>\n<p><strong>Mi\u00e9rt v\u00e1lassza a WWAN-k\u00e1rty\u00e1nkat?<\/strong><\/p>\n<ul>\n<li><strong>Tov\u00e1bbfejlesztett mobilit\u00e1s<\/strong>: Maradjon kapcsolatban megb\u00edzhat\u00f3 mobil sz\u00e9less\u00e1v\u00fa kapcsolattal.<\/li>\n<li><strong>Egyszer\u0171 integr\u00e1ci\u00f3<\/strong>: Tov\u00e1bbi m\u00f3dos\u00edt\u00e1sok n\u00e9lk\u00fcl kompatibilis a Lenovo ThinkPaddel.<\/li>\n<li><strong>\u00dcgyf\u00e9lszolg\u00e1lat<\/strong>: \u00c1tfog\u00f3 t\u00e1mogat\u00e1st ny\u00fajtunk a telep\u00edt\u00e9shez \u00e9s a term\u00e9kkel kapcsolatos k\u00e9rd\u00e9sekhez.<\/li>\n<\/ul>\n<p><strong>Friss\u00edtse mobilkapcsolat\u00e1t<\/strong><\/p>\n<p>B\u0151v\u00edtse Lenovo ThinkPad T400 vagy T500 k\u00e9sz\u00fcl\u00e9k\u00e9t a WWAN Ericsson F3507g k\u00e1rty\u00e1val a tov\u00e1bbfejlesztett mobil sz\u00e9less\u00e1v\u00fa kapcsolat \u00e9rdek\u00e9ben. Rendelje meg most a gyors sz\u00e1ll\u00edt\u00e1s\u00e9rt, \u00e9s \u00e9lvezze a z\u00f6kken\u0151mentes internet-hozz\u00e1f\u00e9r\u00e9st \u00fatk\u00f6zben.<\/p>\n","protected":false},"excerpt":{"rendered":"<p>Friss\u00edtse Lenovo ThinkPad T400 vagy T500 k\u00e9sz\u00fcl\u00e9k\u00e9t a WWAN Ericsson F3507g k\u00e1rty\u00e1val a tov\u00e1bbfejlesztett mobil sz\u00e9less\u00e1v\u00fa kapcsolat \u00e9rdek\u00e9ben.<\/p>\n","protected":false},"featured_media":9042,"template":"","meta":[],"product_brand":[],"product_cat":[27],"product_tag":[26],"class_list":{"0":"post-8993","1":"product","2":"type-product","3":"status-publish","4":"has-post-thumbnail","6":"product_cat-motherboards-board-parts","7":"product_tag-lenovo","9":"first","10":"instock","11":"taxable","12":"shipping-taxable","13":"purchasable","14":"product-type-simple"},"_links":{"self":[{"href":"https:\/\/boreait.com\/hu\/wp-json\/wp\/v2\/product\/8993","targetHints":{"allow":["GET"]}}],"collection":[{"href":"https:\/\/boreait.com\/hu\/wp-json\/wp\/v2\/product"}],"about":[{"href":"https:\/\/boreait.com\/hu\/wp-json\/wp\/v2\/types\/product"}],"wp:featuredmedia":[{"embeddable":true,"href":"https:\/\/boreait.com\/hu\/wp-json\/wp\/v2\/media\/9042"}],"wp:attachment":[{"href":"https:\/\/boreait.com\/hu\/wp-json\/wp\/v2\/media?parent=8993"}],"wp:term":[{"taxonomy":"product_brand","embeddable":true,"href":"https:\/\/boreait.com\/hu\/wp-json\/wp\/v2\/product_brand?post=8993"},{"taxonomy":"product_cat","embeddable":true,"href":"https:\/\/boreait.com\/hu\/wp-json\/wp\/v2\/product_cat?post=8993"},{"taxonomy":"product_tag","embeddable":true,"href":"https:\/\/boreait.com\/hu\/wp-json\/wp\/v2\/product_tag?post=8993"}],"curies":[{"name":"wp","href":"https:\/\/api.w.org\/{rel}","templated":true}]}}