{"id":899,"date":"2025-09-17T09:46:04","date_gmt":"2025-09-17T07:46:04","guid":{"rendered":"https:\/\/boreait.com\/hu\/?post_type=product&#038;p=899"},"modified":"2026-01-07T10:04:27","modified_gmt":"2026-01-07T09:04:27","slug":"hp-elite-x2-12-1012-g1-oem-mikrofonkartya-6035b0134301-kabellel","status":"publish","type":"product","link":"https:\/\/boreait.com\/hu\/termek\/hp-elite-x2-12-1012-g1-oem-mikrofonkartya-6035b0134301-kabellel\/","title":{"rendered":"HP Elite x2 12 1012 G1 OEM mikrofonk\u00e1rtya 6035B0134301 k\u00e1bellel"},"content":{"rendered":"<p>Ha a HP Elite x2 1012 G1 mikrofonja nem m\u0171k\u00f6dik megfelel\u0151en, vagy nem tiszta hangot ad, ideje kicser\u00e9lni a mikrofonk\u00e1rty\u00e1t. Ez az OEM mikrofonk\u00e1rtya a sz\u00fcks\u00e9ges k\u00e1bellel (6035B0134301) kieg\u00e9sz\u00edtve megb\u00edzhat\u00f3 \u00e9s z\u00f6kken\u0151mentes cser\u00e9t k\u00edn\u00e1l eszk\u00f6z\u00e9hez.<\/p>\n<p>Fenntarthatja HP \u200b\u200bElite x2 1012 G1 kiv\u00e1l\u00f3 min\u0151s\u00e9g\u0171 hangteljes\u00edtm\u00e9ny\u00e9t ezzel az eredeti mikrofonk\u00e1rty\u00e1val. Az OEM r\u00e9sz biztos\u00edtja a kompatibilit\u00e1st \u00e9s az optim\u00e1lis funkcionalit\u00e1st, lehet\u0151v\u00e9 t\u00e9ve, hogy krist\u00e1lytiszta hangot \u00e9lvezhessen videoh\u00edv\u00e1sok, online \u00e9rtekezletek \u00e9s hangfelv\u00e9telek k\u00f6zben.<\/p>\n<p>A mikrofonk\u00e1rtya beszerel\u00e9se probl\u00e9mamentes a mell\u00e9kelt k\u00e1bellel, a pontos illeszked\u00e9s pedig biztons\u00e1gos csatlakoz\u00e1st biztos\u00edt. Biztos lehet benne, hogy megb\u00edzhat\u00f3 cserealkatr\u00e9szt kap, amely megfelel az eredeti alkatr\u00e9sznek megfelel\u0151 szabv\u00e1nyoknak.<\/p>\n<p>Ezzel a HP Elite x2 1012 G1 mikrofonk\u00e1rty\u00e1val vissza\u00e1ll\u00edthatja t\u00e1blag\u00e9pe hangk\u00e9pess\u00e9g\u00e9t, \u00e9s \u00fajra \u00fagy m\u0171k\u00f6dik, mint az \u00faj. Mondjon b\u00facs\u00fat a tompa vagy torz hangz\u00e1snak, \u00e9s k\u00f6sz\u00f6nj\u00f6n a tiszta \u00e9s \u00e9les hangz\u00e1s\u00e9rt ennek az OEM mikrofonk\u00e1rty\u00e1nak \u00e9s k\u00e1belnek k\u00f6sz\u00f6nhet\u0151en.<\/p>\n<p>Ha meg\u0151rizheti HP Elite x2 1012 G1 teljes\u00edtm\u00e9ny\u00e9t \u00e9s funkcionalit\u00e1s\u00e1t, fektessen be az eredeti OEM-mikrofonk\u00e1rty\u00e1ba k\u00e1bellel (6035B0134301). \u00c9lvezze a megszak\u00edt\u00e1s n\u00e9lk\u00fcli \u00e9s kiv\u00e1l\u00f3 min\u0151s\u00e9g\u0171 hangot fontos videokonferenci\u00e1i \u00e9s multim\u00e9di\u00e1s feladatai sor\u00e1n ezzel a megb\u00edzhat\u00f3 cserealkatr\u00e9szrel.<\/p>\n","protected":false},"excerpt":{"rendered":"<p>Cser\u00e9lje ki a hib\u00e1s vagy s\u00e9r\u00fclt HP Elite x2 1012 G1 mikrofonk\u00e1rty\u00e1t erre az eredeti OEM cser\u00e9re. Az alaplaphoz tartozik a sz\u00fcks\u00e9ges k\u00e1bel az egyszer\u0171 telep\u00edt\u00e9shez, amely optim\u00e1lis teljes\u00edtm\u00e9nyt \u00e9s tiszta hangot biztos\u00edt videoh\u00edv\u00e1sok \u00e9s felv\u00e9telek k\u00f6zben.<\/p>\n","protected":false},"featured_media":971,"template":"","meta":[],"product_brand":[],"product_cat":[27],"product_tag":[25],"class_list":{"0":"post-899","1":"product","2":"type-product","3":"status-publish","4":"has-post-thumbnail","6":"product_cat-motherboards-board-parts","7":"product_tag-hp","9":"first","10":"instock","11":"taxable","12":"shipping-taxable","13":"purchasable","14":"product-type-simple"},"_links":{"self":[{"href":"https:\/\/boreait.com\/hu\/wp-json\/wp\/v2\/product\/899","targetHints":{"allow":["GET"]}}],"collection":[{"href":"https:\/\/boreait.com\/hu\/wp-json\/wp\/v2\/product"}],"about":[{"href":"https:\/\/boreait.com\/hu\/wp-json\/wp\/v2\/types\/product"}],"wp:featuredmedia":[{"embeddable":true,"href":"https:\/\/boreait.com\/hu\/wp-json\/wp\/v2\/media\/971"}],"wp:attachment":[{"href":"https:\/\/boreait.com\/hu\/wp-json\/wp\/v2\/media?parent=899"}],"wp:term":[{"taxonomy":"product_brand","embeddable":true,"href":"https:\/\/boreait.com\/hu\/wp-json\/wp\/v2\/product_brand?post=899"},{"taxonomy":"product_cat","embeddable":true,"href":"https:\/\/boreait.com\/hu\/wp-json\/wp\/v2\/product_cat?post=899"},{"taxonomy":"product_tag","embeddable":true,"href":"https:\/\/boreait.com\/hu\/wp-json\/wp\/v2\/product_tag?post=899"}],"curies":[{"name":"wp","href":"https:\/\/api.w.org\/{rel}","templated":true}]}}