{"id":898,"date":"2025-09-17T09:46:03","date_gmt":"2025-09-17T07:46:03","guid":{"rendered":"https:\/\/boreait.com\/hu\/?post_type=product&#038;p=898"},"modified":"2025-09-17T09:47:47","modified_gmt":"2025-09-17T07:47:47","slug":"a-hp-elite-x2-1012-g1-a-hejhoz-844871-001-felso-fedel-hatso-borito","status":"publish","type":"product","link":"https:\/\/boreait.com\/hu\/termek\/a-hp-elite-x2-1012-g1-a-hejhoz-844871-001-felso-fedel-hatso-borito\/","title":{"rendered":"A HP Elite X2 1012 G1 A h\u00e9jhoz 844871-001 Fels\u0151 fed\u00e9l H\u00e1ts\u00f3 bor\u00edt\u00f3"},"content":{"rendered":"<p>Friss\u00edtse \u00e9s v\u00e9dje meg HP Elite X2 1012 G1 k\u00e9sz\u00fcl\u00e9k\u00e9t az eredeti HP 844871-001 A h\u00e9j fels\u0151 fed\u00e9l h\u00e1tlapj\u00e1val. Ezt a csereburkolatot \u00fagy tervezt\u00e9k, hogy t\u00f6k\u00e9letesen illeszkedjen az Elite X2 1012 G1-hez, z\u00f6kken\u0151mentes \u00e9s professzion\u00e1lis megjelen\u00e9st biztos\u00edtva.<\/p>\n<p>A kiv\u00e1l\u00f3 min\u0151s\u00e9g\u0171 anyagokb\u00f3l k\u00e9sz\u00fclt 844871-001 A shell h\u00e1tlap tart\u00f3ss\u00e1got \u00e9s hossz\u00fa \u00e9lettartamot biztos\u00edt. Megb\u00edzhat\u00f3 v\u00e9delmet ny\u00fajt k\u00e9sz\u00fcl\u00e9ke bels\u0151 alkatr\u00e9szeinek, mik\u00f6zben friss \u00e9s st\u00edlusos megjelen\u00e9st k\u00f6lcs\u00f6n\u00f6z neki.<\/p>\n<p>A h\u00e1tlap prec\u00edz kiv\u00e1g\u00e1sokkal \u00e9s hozz\u00e1f\u00e9r\u00e9si pontokkal rendelkezik, amelyek lehet\u0151v\u00e9 teszik az Elite X2 1012 G1 \u00f6sszes portj\u00e1nak, gombj\u00e1nak \u00e9s funkci\u00f3j\u00e1nak k\u00f6nny\u0171 el\u00e9r\u00e9s\u00e9t. Tov\u00e1bbra is haszn\u00e1lhatja t\u00e1blag\u00e9p\u00e9t minden kellemetlens\u00e9g n\u00e9lk\u00fcl.<\/p>\n<p>Ak\u00e1r egy s\u00e9r\u00fclt h\u00e1tlapot szeretne cser\u00e9lni, vagy egyszer\u0171en csak felfriss\u00edteni szeretn\u00e9 HP Elite X2 1012 G1 megjelen\u00e9s\u00e9t, a 844871-001 A h\u00e9jas fels\u0151 fed\u00e9l h\u00e1tlapja az ide\u00e1lis megold\u00e1s. Ez egy eredeti HP alkatr\u00e9sz, amely biztos\u00edtja a kompatibilit\u00e1st \u00e9s a megb\u00edzhat\u00f3 teljes\u00edtm\u00e9nyt.<\/p>\n<p>A telep\u00edt\u00e9s egyszer\u0171, \u00e9s ennek a csereh\u00e1tlapnak a t\u00f6k\u00e9letes illeszked\u00e9s\u00e9vel Elite X2 1012 G1-ed pillanatok alatt \u00fajra \u00fajnak t\u0171nik. Adja meg k\u00e9sz\u00fcl\u00e9k\u00e9nek azt a v\u00e9delmet \u00e9s professzion\u00e1lis megjelen\u00e9st, amelyet meg\u00e9rdemel a HP 844871-001 A h\u00e9jas fels\u0151 fed\u00e9l h\u00e1tlapj\u00e1val.<\/p>\n","protected":false},"excerpt":{"rendered":"<p>Fokozza HP Elite X2 1012 G1 megjelen\u00e9s\u00e9t \u00e9s v\u00e9delm\u00e9t a 844871-001 A h\u00e9j fels\u0151 fed\u00e9l h\u00e1tlapj\u00e1val. Ez az eredeti HP alkatr\u00e9sz t\u00f6k\u00e9letes illeszked\u00e9st \u00e9s kiv\u00e1l\u00f3 min\u0151s\u00e9g\u0171 konstrukci\u00f3t k\u00edn\u00e1l, amely tart\u00f3ss\u00e1got \u00e9s professzion\u00e1lis megjelen\u00e9st biztos\u00edt k\u00e9sz\u00fcl\u00e9k\u00e9nek.<\/p>\n","protected":false},"featured_media":968,"template":"","meta":[],"product_brand":[],"product_cat":[16],"product_tag":[25],"class_list":{"0":"post-898","1":"product","2":"type-product","3":"status-publish","4":"has-post-thumbnail","6":"product_cat-laptop-housing","7":"product_tag-hp","9":"first","10":"instock","11":"taxable","12":"shipping-taxable","13":"purchasable","14":"product-type-simple"},"_links":{"self":[{"href":"https:\/\/boreait.com\/hu\/wp-json\/wp\/v2\/product\/898","targetHints":{"allow":["GET"]}}],"collection":[{"href":"https:\/\/boreait.com\/hu\/wp-json\/wp\/v2\/product"}],"about":[{"href":"https:\/\/boreait.com\/hu\/wp-json\/wp\/v2\/types\/product"}],"wp:featuredmedia":[{"embeddable":true,"href":"https:\/\/boreait.com\/hu\/wp-json\/wp\/v2\/media\/968"}],"wp:attachment":[{"href":"https:\/\/boreait.com\/hu\/wp-json\/wp\/v2\/media?parent=898"}],"wp:term":[{"taxonomy":"product_brand","embeddable":true,"href":"https:\/\/boreait.com\/hu\/wp-json\/wp\/v2\/product_brand?post=898"},{"taxonomy":"product_cat","embeddable":true,"href":"https:\/\/boreait.com\/hu\/wp-json\/wp\/v2\/product_cat?post=898"},{"taxonomy":"product_tag","embeddable":true,"href":"https:\/\/boreait.com\/hu\/wp-json\/wp\/v2\/product_tag?post=898"}],"curies":[{"name":"wp","href":"https:\/\/api.w.org\/{rel}","templated":true}]}}