{"id":8970,"date":"2025-09-17T12:18:28","date_gmt":"2025-09-17T10:18:28","guid":{"rendered":"https:\/\/boreait.com\/hu\/?post_type=product&#038;p=8970"},"modified":"2025-09-17T12:19:55","modified_gmt":"2025-09-17T10:19:55","slug":"lenovo-thinkpad-t400-r400-cpu-huto-hutoborda-es-amp-ventilator-45n6143","status":"publish","type":"product","link":"https:\/\/boreait.com\/hu\/termek\/lenovo-thinkpad-t400-r400-cpu-huto-hutoborda-es-amp-ventilator-45n6143\/","title":{"rendered":"Lenovo ThinkPad T400 R400 CPU h\u0171t\u0151 h\u0171t\u0151borda \u00e9s amp; Ventil\u00e1tor 45N6143"},"content":{"rendered":"<p><strong>A term\u00e9k \u00e1ttekint\u00e9se<\/strong><\/p>\n<p>Friss\u00edtse vagy cser\u00e9lje ki a Lenovo ThinkPad T400 R400 CPU h\u0171t\u0151bord\u00e1j\u00e1t \u00e9s ventil\u00e1tor szerelv\u00e9ny\u00e9t ezzel a kiv\u00e1l\u00f3 min\u0151s\u00e9g\u0171 alkatr\u00e9szrel. A h\u0171t\u0151borda \u00e9s a ventil\u00e1tor (cikksz\u00e1m: 45N6143, ventil\u00e1tor cikksz\u00e1m: 45N642) hat\u00e9konyan vezeti el a h\u0151t a CPU-b\u00f3l, \u00edgy biztos\u00edtva az optim\u00e1lis teljes\u00edtm\u00e9nyt \u00e9s h\u0151m\u00e9rs\u00e9klet-szab\u00e1lyoz\u00e1st.<\/p>\n<p><strong>F\u0151bb jellemz\u0151k<\/strong><\/p>\n<ul>\n<li><strong>Modellkompatibilit\u00e1s<\/strong>: Kifejezetten a Lenovo ThinkPad T400 R400-hoz tervezve, amely biztos\u00edtja a kompatibilit\u00e1st \u00e9s a t\u00f6k\u00e9letes illeszked\u00e9st.<\/li>\n<li><strong>Alkatr\u00e9szsz\u00e1mok<\/strong>: A 45N6143 \u00e9s a 45N642 ventil\u00e1torsz\u00e1m garant\u00e1lja a kompatibilit\u00e1st, \u00e9s megfelel az OEM szabv\u00e1nyoknak a megb\u00edzhat\u00f3 teljes\u00edtm\u00e9ny \u00e9rdek\u00e9ben.<\/li>\n<li><strong>Hat\u00e9kony h\u0171t\u00e9s<\/strong>: Hat\u00e9kony h\u0151elvezet\u00e9st biztos\u00edt a CPU h\u0151m\u00e9rs\u00e9klet optim\u00e1lis szinten tart\u00e1sa \u00e9rdek\u00e9ben.<\/li>\n<li><strong>Tart\u00f3s fel\u00e9p\u00edt\u00e9s<\/strong>: Kiv\u00e1l\u00f3 min\u0151s\u00e9g\u0171 anyagokb\u00f3l k\u00e9sz\u00fclt a tart\u00f3ss\u00e1g \u00e9s a megb\u00edzhat\u00f3 h\u0171t\u00e9si teljes\u00edtm\u00e9ny biztos\u00edt\u00e1sa \u00e9rdek\u00e9ben.<\/li>\n<li><strong>K\u00f6nny\u0171 telep\u00edt\u00e9s<\/strong>: Egyszer\u0171 telep\u00edt\u00e9sre tervezt\u00e9k, minimaliz\u00e1lja az \u00e1ll\u00e1sid\u0151t \u00e9s biztos\u00edtja a probl\u00e9mamentes cser\u00e9t.<\/li>\n<\/ul>\n<p><strong>Mi\u00e9rt v\u00e1lassza CPU-h\u0171t\u0151 h\u0171t\u0151bord\u00e1nkat &amp; Rajong\u00f3<\/strong>t<\/p>\n<ul>\n<li><strong>Tov\u00e1bbfejlesztett teljes\u00edtm\u00e9ny<\/strong>: Fenntartja az optim\u00e1lis CPU-teljes\u00edtm\u00e9nyt hat\u00e9kony h\u0151elvezet\u00e9ssel.<\/li>\n<li><strong>Megb\u00edzhat\u00f3 h\u0171t\u00e9s<\/strong>: Biztos\u00edtsa Lenovo ThinkPad T400 R400 stabil \u00e9s megb\u00edzhat\u00f3 m\u0171k\u00f6d\u00e9s\u00e9t az OEM-kompatibilis h\u0171t\u0151bord\u00e1nkkal \u00e9s ventil\u00e1torunkkal.<\/li>\n<li><strong>\u00dcgyf\u00e9lt\u00e1mogat\u00e1s<\/strong>: \u00c1tfog\u00f3 t\u00e1mogat\u00e1st ny\u00fajtunk a telep\u00edt\u00e9ssel vagy a term\u00e9kkel kapcsolatos k\u00e9rd\u00e9sekben.<\/li>\n<\/ul>\n<p><strong>Fokozza laptopja h\u0171t\u0151rendszer\u00e9t<\/strong><\/p>\n<p>Friss\u00edtse Lenovo ThinkPad T400 R400 k\u00e9sz\u00fcl\u00e9k\u00e9t CPU-h\u0171t\u0151 h\u0171t\u0151bord\u00e1nkkal \u00e9s ventil\u00e1torunkkal a jobb teljes\u00edtm\u00e9ny \u00e9s h\u0151m\u00e9rs\u00e9klet-szab\u00e1lyoz\u00e1s \u00e9rdek\u00e9ben. Rendelje meg most a gyors sz\u00e1ll\u00edt\u00e1s\u00e9rt, \u00e9s tartsa z\u00f6kken\u0151mentesen laptopj\u00e1t.<\/p>\n","protected":false},"excerpt":{"rendered":"<p>Cser\u00e9lje ki Lenovo ThinkPad T400 R400 CPU h\u0171t\u0151bord\u00e1j\u00e1t \u00e9s ventil\u00e1tor\u00e1t a 45N6143 cikksz\u00e1mmal.<\/p>\n","protected":false},"featured_media":9033,"template":"","meta":[],"product_brand":[],"product_cat":[33],"product_tag":[26],"class_list":{"0":"post-8970","1":"product","2":"type-product","3":"status-publish","4":"has-post-thumbnail","6":"product_cat-cpu-fans-heatsinks","7":"product_tag-lenovo","9":"first","10":"instock","11":"taxable","12":"shipping-taxable","13":"purchasable","14":"product-type-simple"},"_links":{"self":[{"href":"https:\/\/boreait.com\/hu\/wp-json\/wp\/v2\/product\/8970","targetHints":{"allow":["GET"]}}],"collection":[{"href":"https:\/\/boreait.com\/hu\/wp-json\/wp\/v2\/product"}],"about":[{"href":"https:\/\/boreait.com\/hu\/wp-json\/wp\/v2\/types\/product"}],"wp:featuredmedia":[{"embeddable":true,"href":"https:\/\/boreait.com\/hu\/wp-json\/wp\/v2\/media\/9033"}],"wp:attachment":[{"href":"https:\/\/boreait.com\/hu\/wp-json\/wp\/v2\/media?parent=8970"}],"wp:term":[{"taxonomy":"product_brand","embeddable":true,"href":"https:\/\/boreait.com\/hu\/wp-json\/wp\/v2\/product_brand?post=8970"},{"taxonomy":"product_cat","embeddable":true,"href":"https:\/\/boreait.com\/hu\/wp-json\/wp\/v2\/product_cat?post=8970"},{"taxonomy":"product_tag","embeddable":true,"href":"https:\/\/boreait.com\/hu\/wp-json\/wp\/v2\/product_tag?post=8970"}],"curies":[{"name":"wp","href":"https:\/\/api.w.org\/{rel}","templated":true}]}}