{"id":897,"date":"2025-09-17T09:46:03","date_gmt":"2025-09-17T07:46:03","guid":{"rendered":"https:\/\/boreait.com\/hu\/?post_type=product&#038;p=897"},"modified":"2026-01-07T10:04:10","modified_gmt":"2026-01-07T09:04:10","slug":"765816-1h5-eredeti-hp-lcd-kijelzo-webkamera-elitebook-840-g2","status":"publish","type":"product","link":"https:\/\/boreait.com\/hu\/termek\/765816-1h5-eredeti-hp-lcd-kijelzo-webkamera-elitebook-840-g2\/","title":{"rendered":"765816-1H5 EREDETI HP LCD KIJELZ\u0150 WEBKAMERA ELITEBOOK 840 G2"},"content":{"rendered":"<p>A 765816-1H5 egy hiteles HP LCD kijelz\u0151s webkamera, amelyet az EliteBook 840 G2 laptophoz szabtak. Ez a webkamera a videokommunik\u00e1ci\u00f3 kulcsfontoss\u00e1g\u00fa elemek\u00e9nt szolg\u00e1l, lehet\u0151v\u00e9 t\u00e9ve a felhaszn\u00e1l\u00f3k sz\u00e1m\u00e1ra, hogy rendk\u00edv\u00fcli tisztas\u00e1ggal \u00e9s felbont\u00e1ssal vegyenek r\u00e9szt videokonferenci\u00e1kban, virtu\u00e1lis megbesz\u00e9l\u00e9sekben \u00e9s videoh\u00edv\u00e1sokban.<\/p>\n<p>Az EliteBook 840 G2 kijelz\u0151j\u00e9vel z\u00f6kken\u0151mentesen integr\u00e1lhat\u00f3 webkamera k\u00e9nyelmes \u00e9s felhaszn\u00e1l\u00f3bar\u00e1t megold\u00e1st k\u00edn\u00e1l k\u00e9pek k\u00e9sz\u00edt\u00e9s\u00e9re, vide\u00f3k r\u00f6gz\u00edt\u00e9s\u00e9re \u00e9s online interakci\u00f3kban val\u00f3 r\u00e9szv\u00e9telre. Kiv\u00e1l\u00f3 min\u0151s\u00e9g\u0171 k\u00e9palkot\u00e1si k\u00e9pess\u00e9geivel a felhaszn\u00e1l\u00f3k kiv\u00e1l\u00f3 vizu\u00e1lis \u00e9lm\u00e9nyt \u00e9lvezhetnek, \u00e9s m\u00e9g mag\u00e1val ragad\u00f3bb \u00e9s vonz\u00f3bb m\u00f3don l\u00e9phetnek kapcsolatba m\u00e1sokkal.<\/p>\n<p>Legyen sz\u00f3 professzion\u00e1lis haszn\u00e1latr\u00f3l vagy szem\u00e9lyes kommunik\u00e1ci\u00f3r\u00f3l, a 765816-1H5 biztos\u00edtja, hogy minden videoh\u00edv\u00e1s vagy megbesz\u00e9l\u00e9s tiszta, \u00e9l\u00e9nk \u00e9s torz\u00edt\u00e1smentes legyen. Fejlett technol\u00f3gi\u00e1ja \u00e9s prec\u00edz tervez\u00e9se megb\u00edzhat\u00f3 teljes\u00edtm\u00e9nyt garant\u00e1l, \u00edgy ide\u00e1lis csere a hib\u00e1san m\u0171k\u00f6d\u0151 vagy t\u00f6r\u00f6tt webkamera eset\u00e9n.<\/p>\n<p>A 765816-1H5 telep\u00edt\u00e9se egyszer\u0171 \u00e9s probl\u00e9mamentes, \u00edgy el\u00e9rhet\u0151v\u00e9 v\u00e1lik mind a technik\u00e1ban j\u00e1rtas, mind a laptop-\u00f6sszetev\u0151ket kev\u00e9sb\u00e9 ismer\u0151k sz\u00e1m\u00e1ra. Azok a felhaszn\u00e1l\u00f3k, akik szeretn\u00e9k vissza\u00e1ll\u00edtani EliteBook 840 G2 laptopjuk funkcionalit\u00e1s\u00e1t vagy friss\u00edteni megl\u00e9v\u0151 webkamer\u00e1jukat, ez az eredeti HP webkamera kiv\u00e1l\u00f3 megold\u00e1st k\u00edn\u00e1l.<\/p>\n<p>A 765816-1H5 be\u00e9p\u00edt\u00e9se az EliteBook 840 G2-be nem csak a laptop teljes\u00edtm\u00e9ny\u00e9t jav\u00edtja, hanem azt is biztos\u00edtja, hogy a felhaszn\u00e1l\u00f3k teljes m\u00e9rt\u00e9kben kihaszn\u00e1lhass\u00e1k a laptop kommunik\u00e1ci\u00f3s, egy\u00fcttm\u0171k\u00f6d\u00e9si \u00e9s kreativit\u00e1si k\u00e9pess\u00e9geit. Ak\u00e1r \u00fczleti, ak\u00e1r oktat\u00e1si vagy szem\u00e9lyes c\u00e9lokra haszn\u00e1lj\u00e1k, ez a webkamera jav\u00edtja az \u00e1ltal\u00e1nos \u00e9lm\u00e9nyt, \u00e9s megk\u00f6nny\u00edti a z\u00f6kken\u0151mentes interakci\u00f3t koll\u00e9g\u00e1kkal, bar\u00e1tokkal \u00e9s csal\u00e1ddal.<\/p>\n<p>A HP kiv\u00e1l\u00f3 min\u0151s\u00e9g\u0171 laptop-alkatr\u00e9szek gy\u00e1rt\u00e1s\u00e1r\u00f3l h\u00edres, \u00e9s ez al\u00f3l a 765816-1H5 sem kiv\u00e9tel. A HP innov\u00e1ci\u00f3 \u00e9s v\u00e1s\u00e1rl\u00f3i el\u00e9gedetts\u00e9g ir\u00e1nti elk\u00f6telezetts\u00e9ge r\u00e9v\u00e9n a felhaszn\u00e1l\u00f3k b\u00edzhatnak abban, hogy ez a webkamera kiv\u00e9teles teljes\u00edtm\u00e9nyt \u00e9s megb\u00edzhat\u00f3s\u00e1got fog ny\u00fajtani.<\/p>\n<p>Azok a felhaszn\u00e1l\u00f3k, akik EliteBook 840 G2-j\u00fcket cs\u00facsmin\u0151s\u00e9g\u0171 webkamer\u00e1val szeretn\u00e9k felszerelni, a 765816-1H5 kiv\u00e1l\u00f3 lehet\u0151s\u00e9get k\u00edn\u00e1l. Z\u00f6kken\u0151mentes integr\u00e1ci\u00f3j\u00e1val, tiszta k\u00e9palkot\u00e1s\u00e1val \u00e9s egyszer\u0171 telep\u00edt\u00e9s\u00e9vel ez az eredeti HP LCD kijelz\u0151s webkamera jav\u00edtja a laptopok \u00e1ltal\u00e1nos \u00e9lm\u00e9ny\u00e9t, \u00e9s lehet\u0151v\u00e9 teszi a felhaszn\u00e1l\u00f3k sz\u00e1m\u00e1ra, hogy kapcsolatban maradjanak \u00e9s produkt\u00edvak maradjanak a mai digit\u00e1lis vil\u00e1gban.<\/p>\n","protected":false},"excerpt":{"rendered":"<p>A 765816-1H5 egy eredeti HP LCD kijelz\u0151s webkamera, amelyet kifejezetten az EliteBook 840 G2 laptophoz terveztek. Ez a kiv\u00e1l\u00f3 min\u0151s\u00e9g\u0171 kamera lehet\u0151v\u00e9 teszi a felhaszn\u00e1l\u00f3k sz\u00e1m\u00e1ra, hogy videokonferenci\u00e1kon, online tal\u00e1lkoz\u00f3kon vegyenek r\u00e9szt, valamint tiszta \u00e9s prec\u00edz k\u00e9peket k\u00e9sz\u00edtsenek. Z\u00f6kken\u0151mentesen integr\u00e1lhat\u00f3 a laptop kijelz\u0151j\u00e9be, \u00edgy t\u00f6k\u00e9letes helyettes\u00edt\u0151je a s\u00e9r\u00fclt vagy nem m\u0171k\u00f6d\u0151 webkamer\u00e1nak.<\/p>\n","protected":false},"featured_media":967,"template":"","meta":[],"product_brand":[],"product_cat":[23],"product_tag":[25],"class_list":{"0":"post-897","1":"product","2":"type-product","3":"status-publish","4":"has-post-thumbnail","6":"product_cat-laptop-camera","7":"product_tag-hp","9":"first","10":"instock","11":"taxable","12":"shipping-taxable","13":"purchasable","14":"product-type-simple"},"_links":{"self":[{"href":"https:\/\/boreait.com\/hu\/wp-json\/wp\/v2\/product\/897","targetHints":{"allow":["GET"]}}],"collection":[{"href":"https:\/\/boreait.com\/hu\/wp-json\/wp\/v2\/product"}],"about":[{"href":"https:\/\/boreait.com\/hu\/wp-json\/wp\/v2\/types\/product"}],"wp:featuredmedia":[{"embeddable":true,"href":"https:\/\/boreait.com\/hu\/wp-json\/wp\/v2\/media\/967"}],"wp:attachment":[{"href":"https:\/\/boreait.com\/hu\/wp-json\/wp\/v2\/media?parent=897"}],"wp:term":[{"taxonomy":"product_brand","embeddable":true,"href":"https:\/\/boreait.com\/hu\/wp-json\/wp\/v2\/product_brand?post=897"},{"taxonomy":"product_cat","embeddable":true,"href":"https:\/\/boreait.com\/hu\/wp-json\/wp\/v2\/product_cat?post=897"},{"taxonomy":"product_tag","embeddable":true,"href":"https:\/\/boreait.com\/hu\/wp-json\/wp\/v2\/product_tag?post=897"}],"curies":[{"name":"wp","href":"https:\/\/api.w.org\/{rel}","templated":true}]}}