{"id":8932,"date":"2025-09-17T12:17:39","date_gmt":"2025-09-17T10:17:39","guid":{"rendered":"https:\/\/boreait.com\/hu\/?post_type=product&#038;p=8932"},"modified":"2026-01-31T07:46:32","modified_gmt":"2026-01-31T06:46:32","slug":"atheros-ar5bxb63-wi-fi-modul-fujitsu-esprimo-v6535-hoz","status":"publish","type":"product","link":"https:\/\/boreait.com\/hu\/termek\/atheros-ar5bxb63-wi-fi-modul-fujitsu-esprimo-v6535-hoz\/","title":{"rendered":"Atheros AR5BXB63 Wi-Fi modul Fujitsu Esprimo V6535-h\u00f6z"},"content":{"rendered":"<p><strong>A term\u00e9k \u00e1ttekint\u00e9se<\/strong><\/p>\n<p>Fejlessze Fujitsu Esprimo Mobile V6535 k\u00e9sz\u00fcl\u00e9k\u00e9t az Atheros AR5BXB63 Mini PCI Express Wi-Fi modullal. Ezt a modult \u00fagy tervezt\u00e9k, hogy megb\u00edzhat\u00f3 vezet\u00e9k n\u00e9lk\u00fcli kapcsolatot biztos\u00edtson, lehet\u0151v\u00e9 t\u00e9ve, hogy b\u00e1rhov\u00e1 is megy, kapcsolatban maradjon.<\/p>\n<p><strong>F\u0151bb jellemz\u0151k<\/strong><\/p>\n<ul>\n<li><strong>Modellkompatibilit\u00e1s<\/strong>: Kompatibilis a Fujitsu Esprimo Mobile V6535 laptopokkal.<\/li>\n<li><strong>Vezet\u00e9k n\u00e9lk\u00fcli kapcsolat<\/strong>: T\u00e1mogatja a Wi-Fi-kapcsolatot, biztos\u00edtva a z\u00f6kken\u0151mentes internet-hozz\u00e1f\u00e9r\u00e9st.<\/li>\n<li><strong>Mini PCI Express interf\u00e9sz<\/strong>: Kompakt kialak\u00edt\u00e1s az egyszer\u0171 telep\u00edt\u00e9s \u00e9s integr\u00e1ci\u00f3 \u00e9rdek\u00e9ben.<\/li>\n<li><strong>Megb\u00edzhat\u00f3 teljes\u00edtm\u00e9ny<\/strong>: Az Atheros m\u00e1rka magas min\u0151s\u00e9gi szabv\u00e1nyokat \u00e9s megb\u00edzhat\u00f3 teljes\u00edtm\u00e9nyt biztos\u00edt.<\/li>\n<li><strong>Egyszer\u0171 telep\u00edt\u00e9s<\/strong>: Egyszer\u0171en telep\u00edthet\u0151, \u00edgy gyorsan friss\u00edtheti laptopja Wi-Fi k\u00e9pess\u00e9geit.<\/li>\n<\/ul>\n<p><strong>Mi\u00e9rt v\u00e1lassza Atheros AR5BXB63 Wi-Fi modulunkat?<\/strong><\/p>\n<ul>\n<li><strong>Tov\u00e1bbfejlesztett kapcsolat<\/strong>: Maradjon kapcsolatban megb\u00edzhat\u00f3 Wi-Fi-kapcsolattal b\u00f6ng\u00e9sz\u00e9shez, adatfolyamokhoz \u00e9s egyebekhez.<\/li>\n<li><strong>Min\u0151s\u00e9gbiztos\u00edt\u00e1s<\/strong>: Az Atheros AR5BXB63 min\u0151s\u00e9g\u00e9r\u0151l \u00e9s teljes\u00edtm\u00e9ny\u00e9r\u0151l ismert.<\/li>\n<li><strong>\u00dcgyf\u00e9lszolg\u00e1lat<\/strong>: Elk\u00f6telezettek vagyunk a kiv\u00e1l\u00f3 \u00fcgyf\u00e9lszolg\u00e1lat mellett. B\u00e1rmilyen k\u00e9rd\u00e9ssel vagy seg\u00edts\u00e9ggel kapcsolatban forduljon hozz\u00e1nk.<\/li>\n<\/ul>\n<p><strong>Friss\u00edtse laptopja Wi-Fi kapcsolat\u00e1t<\/strong><\/p>\n<p>Friss\u00edtse Fujitsu Esprimo Mobile V6535 k\u00e9sz\u00fcl\u00e9k\u00e9t az Atheros AR5BXB63 Mini PCI Express Wi-Fi modullal, \u00e9s \u00e9lvezze a tov\u00e1bbfejlesztett vezet\u00e9k n\u00e9lk\u00fcli kapcsolatot. Rendelje meg most a gyors sz\u00e1ll\u00edt\u00e1s \u00e9s a megb\u00edzhat\u00f3 teljes\u00edtm\u00e9nyn\u00f6vel\u00e9s \u00e9rdek\u00e9ben.<\/p>\n","protected":false},"excerpt":{"rendered":"<p>Friss\u00edtse Fujitsu Esprimo Mobile V6535 k\u00e9sz\u00fcl\u00e9k\u00e9t az Atheros AR5BXB63 Mini PCI Express Wi-Fi modullal.<\/p>\n","protected":false},"featured_media":8985,"template":"","meta":[],"product_brand":[],"product_cat":[27],"product_tag":[28],"class_list":{"0":"post-8932","1":"product","2":"type-product","3":"status-publish","4":"has-post-thumbnail","6":"product_cat-motherboards-board-parts","7":"product_tag-fujitsu","9":"first","10":"instock","11":"taxable","12":"shipping-taxable","13":"purchasable","14":"product-type-simple"},"_links":{"self":[{"href":"https:\/\/boreait.com\/hu\/wp-json\/wp\/v2\/product\/8932","targetHints":{"allow":["GET"]}}],"collection":[{"href":"https:\/\/boreait.com\/hu\/wp-json\/wp\/v2\/product"}],"about":[{"href":"https:\/\/boreait.com\/hu\/wp-json\/wp\/v2\/types\/product"}],"wp:featuredmedia":[{"embeddable":true,"href":"https:\/\/boreait.com\/hu\/wp-json\/wp\/v2\/media\/8985"}],"wp:attachment":[{"href":"https:\/\/boreait.com\/hu\/wp-json\/wp\/v2\/media?parent=8932"}],"wp:term":[{"taxonomy":"product_brand","embeddable":true,"href":"https:\/\/boreait.com\/hu\/wp-json\/wp\/v2\/product_brand?post=8932"},{"taxonomy":"product_cat","embeddable":true,"href":"https:\/\/boreait.com\/hu\/wp-json\/wp\/v2\/product_cat?post=8932"},{"taxonomy":"product_tag","embeddable":true,"href":"https:\/\/boreait.com\/hu\/wp-json\/wp\/v2\/product_tag?post=8932"}],"curies":[{"name":"wp","href":"https:\/\/api.w.org\/{rel}","templated":true}]}}