{"id":8907,"date":"2025-09-17T12:17:14","date_gmt":"2025-09-17T10:17:14","guid":{"rendered":"https:\/\/boreait.com\/hu\/?post_type=product&#038;p=8907"},"modified":"2026-01-31T07:06:02","modified_gmt":"2026-01-31T06:06:02","slug":"seagate-momentus-5400-6-250-gb-25-hdd-5400-rpm-100-health-part-9hh132-532","status":"publish","type":"product","link":"https:\/\/boreait.com\/hu\/termek\/seagate-momentus-5400-6-250-gb-25-hdd-5400-rpm-100-health-part-9hh132-532\/","title":{"rendered":"Seagate Momentus 5400.6 250 GB 2,5&#8243; HDD &#8211; 5400 RPM, 100% Health, Part 9HH132-532"},"content":{"rendered":"<p><strong>A term\u00e9k \u00e1ttekint\u00e9se<\/strong><\/p>\n<p>N\u00f6velje laptopja t\u00e1rol\u00f3kapacit\u00e1s\u00e1t a Seagate Momentus 5400.6 250 GB-os bels\u0151 merevlemezzel. Ez a megb\u00edzhat\u00f3s\u00e1g\u00e1r\u00f3l \u00e9s teljes\u00edtm\u00e9ny\u00e9r\u0151l ismert merevlemez t\u00f6k\u00e9letes azoknak a felhaszn\u00e1l\u00f3knak, akik megl\u00e9v\u0151 t\u00e1rhely\u00fcket b\u0151v\u00edteni szeretn\u00e9k, vagy hib\u00e1s meghajt\u00f3t szeretn\u00e9nek kicser\u00e9lni. 2,5 h\u00fcvelykes form\u00e1j\u00e1val \u00e9s 5400 fordulat\/perc sebess\u00e9g\u00e9vel egyens\u00falyt biztos\u00edt a sebess\u00e9g \u00e9s a kapacit\u00e1s k\u00f6z\u00f6tt a mindennapi sz\u00e1m\u00edt\u00e1stechnikai ig\u00e9nyekhez.<\/p>\n<p><strong>F\u0151bb jellemz\u0151k<\/strong><\/p>\n<ul>\n<li><strong>Modellkompatibilit\u00e1s<\/strong>: 2,5&#8243;-es SATA merevlemezeket t\u00e1mogat\u00f3 laptopokhoz \u00e9s notebookokhoz alkalmas, z\u00f6kken\u0151mentes friss\u00edt\u00e9st vagy cser\u00e9t k\u00edn\u00e1lva.<\/li>\n<li><strong>Alkatr\u00e9szsz\u00e1m<\/strong>: 9HH132-532 \u2013 Az egyszer\u0171 azonos\u00edt\u00e1s \u00e9s kompatibilit\u00e1s \u00e9rdek\u00e9ben megegyezik az eredeti cikksz\u00e1mmal.<\/li>\n<li><strong>Sorozatsz\u00e1m<\/strong>: 5vc49a45 \u2013 Egyedi azonos\u00edt\u00f3 ehhez a merevlemezhez.<\/li>\n<li><strong>T\u00e1rol\u00f3kapacit\u00e1s<\/strong>: 250 GB \u2013 B\u0151s\u00e9ges hely dokumentumok, m\u00e9diaf\u00e1jlok, alkalmaz\u00e1sok \u00e9s egyebek t\u00e1rol\u00e1s\u00e1ra.<\/li>\n<li><strong>Teljes\u00edtm\u00e9ny<\/strong>: 5400 RPM \u2013 J\u00f3 egyens\u00falyt biztos\u00edt a sebess\u00e9g \u00e9s az energiahat\u00e9konys\u00e1g k\u00f6z\u00f6tt az \u00e1ltal\u00e1nos sz\u00e1m\u00edt\u00e1si feladatokhoz.<\/li>\n<li><strong>Eg\u00e9szs\u00e9g\u00fcgyi \u00e1llapot<\/strong>: 100% eg\u00e9szs\u00e9g \u2013 Biztos\u00edtja, hogy a meghajt\u00f3 kiv\u00e1l\u00f3 \u00e1llapotban legyen \u00e9s haszn\u00e1latra k\u00e9sz.<\/li>\n<li><strong>Form t\u00e9nyez\u0151<\/strong>: 2,5&#8243; \u2013 Kompakt m\u00e9ret, amely laptopokhoz, notebookokhoz \u00e9s n\u00e9h\u00e1ny kis m\u00e9ret\u0171 asztali sz\u00e1m\u00edt\u00f3g\u00e9phez is alkalmas.<\/li>\n<li><strong>Megb\u00edzhat\u00f3 m\u00e1rka<\/strong>: A Seagate megb\u00edzhat\u00f3 t\u00e1rol\u00e1si megold\u00e1sair\u00f3l ismert, \u00edgy ez a meghajt\u00f3 megb\u00edzhat\u00f3 v\u00e1laszt\u00e1s az adatsz\u00fcks\u00e9gleteihez.<\/li>\n<\/ul>\n<p><strong>Mi\u00e9rt v\u00e1lassza a Seagate Momentus 5400.6 250 GB-os bels\u0151 merevlemez\u00fcnket?<\/strong><\/p>\n<ul>\n<li><strong>Megb\u00edzhat\u00f3 teljes\u00edtm\u00e9ny<\/strong>: Konzisztens \u00e9s megb\u00edzhat\u00f3 teljes\u00edtm\u00e9nyt k\u00edn\u00e1l a mindennapi feladatokhoz, a dokumentumszerkeszt\u00e9st\u0151l a m\u00e9dialej\u00e1tsz\u00e1sig.<\/li>\n<li><strong>Egyszer\u0171 telep\u00edt\u00e9s<\/strong>: Egyszer\u0171 telep\u00edt\u00e9sre tervezt\u00e9k, lehet\u0151v\u00e9 t\u00e9ve a laptop merevlemez\u00e9nek friss\u00edt\u00e9s\u00e9t vagy cser\u00e9j\u00e9t minim\u00e1lis er\u0151fesz\u00edt\u00e9ssel.<\/li>\n<li><strong>Kiv\u00e1l\u00f3 eg\u00e9szs\u00e9g<\/strong>: 100%-os eg\u00e9szs\u00e9get teszteltek, ami garant\u00e1lja, hogy a meghajt\u00f3 optim\u00e1lis m\u0171k\u00f6d\u00e9si \u00e1llapotban van, \u00e9s k\u00e9szen \u00e1ll az adatok biztons\u00e1gos t\u00e1rol\u00e1s\u00e1ra.<\/li>\n<li><strong>K\u00f6lts\u00e9ghat\u00e9kony t\u00e1rol\u00e1si megold\u00e1s<\/strong>: Jelent\u0151s t\u00e1rhelyb\u0151v\u00edt\u00e9st biztos\u00edt megfizethet\u0151 \u00e1ron, \u00edgy gazdas\u00e1gos v\u00e1laszt\u00e1ss\u00e1 teszi azokat a felhaszn\u00e1l\u00f3kat, akik laptopjuk t\u00e1rol\u00f3kapacit\u00e1s\u00e1t szeretn\u00e9k b\u0151v\u00edteni.<\/li>\n<li><strong>\u00dcgyf\u00e9lszolg\u00e1lat<\/strong>: Ha b\u00e1rmilyen k\u00e9rd\u00e9se van, vagy seg\u00edts\u00e9gre van sz\u00fcks\u00e9ge, csapatunk k\u00e9szs\u00e9ggel \u00e1ll rendelkez\u00e9s\u00e9re. Egyszer\u0171en \u00edrjon nek\u00fcnk t\u00e1mogat\u00e1s\u00e9rt.<\/li>\n<li><strong>Gyors \u00e9s biztons\u00e1gos sz\u00e1ll\u00edt\u00e1s<\/strong>: Megb\u00edzhat\u00f3 sz\u00e1ll\u00edt\u00e1si lehet\u0151s\u00e9geket k\u00edn\u00e1lunk Eur\u00f3p\u00e1ba \u00e9s vil\u00e1gszerte, \u00edgy biztos\u00edtva, hogy gyorsan \u00e9s biztons\u00e1gosan megkapja merevlemez\u00e9t.<\/li>\n<\/ul>\n<p><strong>B\u0151v\u00edtse t\u00e1rhely\u00e9t m\u00e9g ma<\/strong><\/p>\n<p>Adja hozz\u00e1 a Seagate Momentus 5400.6 250 GB-os bels\u0151 merevlemezt laptopj\u00e1hoz a t\u00e1rol\u00f3kapacit\u00e1s \u00e9s a megb\u00edzhat\u00f3 teljes\u00edtm\u00e9ny n\u00f6vel\u00e9se \u00e9rdek\u00e9ben. Rendeljen most, \u00e9s \u00e9lvezze a z\u00f6kken\u0151mentes friss\u00edt\u00e9st gyors sz\u00e1ll\u00edt\u00e1sunkkal \u00e9s kiv\u00e1l\u00f3 \u00fcgyf\u00e9lszolg\u00e1latunkkal, amely biztos\u00edtja, hogy laptopja hat\u00e9konyan \u00e9s minden t\u00e1rol\u00e1si ig\u00e9ny\u00e9re k\u00e9szen \u00e1lljon.<\/p>\n","protected":false},"excerpt":{"rendered":"<p>Friss\u00edtse laptopj\u00e1t a megb\u00edzhat\u00f3 Seagate Momentus 5400.6 250 GB-os bels\u0151 merevlemezzel. A 2,5 h\u00fcvelykes form\u00e1j\u00fa \u00e9s 5400 fordulat\/perc fordulatsz\u00e1mmal rendelkez\u0151 meghajt\u00f3 kiv\u00e1l\u00f3 teljes\u00edtm\u00e9nyt \u00e9s 100%-os eg\u00e9szs\u00e9get k\u00edn\u00e1l. Gy\u00e1ri sz\u00e1m: 5VC49A45, cikksz\u00e1m: 9HH132-532.<\/p>\n","protected":false},"featured_media":8973,"template":"","meta":[],"product_brand":[],"product_cat":[61,31],"product_tag":[78],"class_list":{"0":"post-8907","1":"product","2":"type-product","3":"status-publish","4":"has-post-thumbnail","6":"product_cat-2-5-hdd","7":"product_cat-ssd-hdd-drives","8":"product_tag-seagate","10":"first","11":"instock","12":"taxable","13":"shipping-taxable","14":"purchasable","15":"product-type-simple"},"_links":{"self":[{"href":"https:\/\/boreait.com\/hu\/wp-json\/wp\/v2\/product\/8907","targetHints":{"allow":["GET"]}}],"collection":[{"href":"https:\/\/boreait.com\/hu\/wp-json\/wp\/v2\/product"}],"about":[{"href":"https:\/\/boreait.com\/hu\/wp-json\/wp\/v2\/types\/product"}],"wp:featuredmedia":[{"embeddable":true,"href":"https:\/\/boreait.com\/hu\/wp-json\/wp\/v2\/media\/8973"}],"wp:attachment":[{"href":"https:\/\/boreait.com\/hu\/wp-json\/wp\/v2\/media?parent=8907"}],"wp:term":[{"taxonomy":"product_brand","embeddable":true,"href":"https:\/\/boreait.com\/hu\/wp-json\/wp\/v2\/product_brand?post=8907"},{"taxonomy":"product_cat","embeddable":true,"href":"https:\/\/boreait.com\/hu\/wp-json\/wp\/v2\/product_cat?post=8907"},{"taxonomy":"product_tag","embeddable":true,"href":"https:\/\/boreait.com\/hu\/wp-json\/wp\/v2\/product_tag?post=8907"}],"curies":[{"name":"wp","href":"https:\/\/api.w.org\/{rel}","templated":true}]}}