{"id":8873,"date":"2025-09-17T12:16:28","date_gmt":"2025-09-17T10:16:28","guid":{"rendered":"https:\/\/boreait.com\/hu\/?post_type=product&#038;p=8873"},"modified":"2025-09-17T12:17:51","modified_gmt":"2025-09-17T10:17:51","slug":"eredeti-fujitsu-lifebook-ah531-a531-cover-matrix-cp515924-01-laptop-alkatreszek","status":"publish","type":"product","link":"https:\/\/boreait.com\/hu\/termek\/eredeti-fujitsu-lifebook-ah531-a531-cover-matrix-cp515924-01-laptop-alkatreszek\/","title":{"rendered":"Eredeti Fujitsu Lifebook AH531 A531 Cover Matrix CP515924-01 laptop alkatr\u00e9szek"},"content":{"rendered":"<p>N\u00f6velje Fujitsu Lifebook AH531 vagy A531 teljes\u00edtm\u00e9ny\u00e9t \u00e9s megjelen\u00e9s\u00e9t az eredeti Fujitsu Lifebook AH531 A531 bor\u00edt\u00f3m\u00e1trix CP515924-01 seg\u00edts\u00e9g\u00e9vel. A legmagasabb min\u0151s\u00e9gi \u00e9s kompatibilit\u00e1si k\u00f6vetelm\u00e9nyeknek megfelel\u0151en kialak\u00edtott cserebor\u00edt\u00f3 m\u00e1trix \u00fagy lett kialak\u00edtva, hogy t\u00f6k\u00e9letesen illeszkedjen laptopj\u00e1hoz, biztos\u00edtva a z\u00f6kken\u0151mentes integr\u00e1ci\u00f3t \u00e9s az eleg\u00e1ns megjelen\u00e9st.<\/p>\n<p>Ak\u00e1r megs\u00e9r\u00fclt a jelenlegi burkolata, ak\u00e1r friss\u00edteni szeretn\u00e9, ez az eredeti Fujitsu alkatr\u00e9sz biztos\u00edtja a sz\u00fcks\u00e9ges tart\u00f3ss\u00e1got \u00e9s megb\u00edzhat\u00f3s\u00e1got. A kiv\u00e1l\u00f3 min\u0151s\u00e9g\u0171 anyagokb\u00f3l k\u00e9sz\u00fclt CP515924-01 bor\u00edt\u00f3m\u00e1trix tart\u00f3snak k\u00e9sz\u00fclt, hossz\u00fa t\u00e1v\u00fa v\u00e9delmet biztos\u00edt laptopj\u00e1nak, \u00e9s meg\u0151rzi eredeti \u00e1llapot\u00e1t.<\/p>\n<p>A telep\u00edt\u00e9s egyszer\u0171, \u00edgy k\u00f6nnyen lecser\u00e9lhet\u0151 a r\u00e9gi burkolat erre az eredeti alkatr\u00e9szre. Prec\u00edz kialak\u00edt\u00e1s\u00e1nak \u00e9s robusztus fel\u00e9p\u00edt\u00e9s\u00e9nek k\u00f6sz\u00f6nhet\u0151en biztos lehet benne, hogy Fujitsu Lifebook AH531 vagy A531 \u00fagy n\u00e9z ki \u00e9s m\u0171k\u00f6dik, mint az \u00faj.<\/p>\n<p>Tapasztalja meg az eredeti Fujitsu alkatr\u00e9szek haszn\u00e1lat\u00e1nak el\u0151nyeit, \u00e9s tartsa laptopj\u00e1t kiv\u00e1l\u00f3 \u00e1llapotban a Fujitsu Lifebook AH531 A531 Cover Matrix CP515924-01 seg\u00edts\u00e9g\u00e9vel. Rendelje meg saj\u00e1tj\u00e1t m\u00e9g ma, \u00e9s adja meg laptopj\u00e1nak a meg\u00e9rdemelt min\u0151s\u00e9gi friss\u00edt\u00e9st.<\/p>\n","protected":false},"excerpt":{"rendered":"<p>\u00c1ll\u00edtsa helyre Fujitsu Lifebook AH531 vagy A531 k\u00e9sz\u00fcl\u00e9k\u00e9t ezzel az eredeti CP515924-01 bor\u00edt\u00f3m\u00e1trixszal. A t\u00f6k\u00e9letes illeszked\u00e9sre \u00e9s z\u00f6kken\u0151mentes integr\u00e1ci\u00f3ra tervezett kiv\u00e1l\u00f3 min\u0151s\u00e9g\u0171 cserealkatr\u00e9sz tart\u00f3ss\u00e1got \u00e9s megb\u00edzhat\u00f3s\u00e1got biztos\u00edt laptopja sz\u00e1m\u00e1ra.<\/p>\n","protected":false},"featured_media":8941,"template":"","meta":[],"product_brand":[],"product_cat":[16],"product_tag":[],"class_list":{"0":"post-8873","1":"product","2":"type-product","3":"status-publish","4":"has-post-thumbnail","6":"product_cat-laptop-housing","8":"first","9":"instock","10":"taxable","11":"shipping-taxable","12":"purchasable","13":"product-type-simple"},"_links":{"self":[{"href":"https:\/\/boreait.com\/hu\/wp-json\/wp\/v2\/product\/8873","targetHints":{"allow":["GET"]}}],"collection":[{"href":"https:\/\/boreait.com\/hu\/wp-json\/wp\/v2\/product"}],"about":[{"href":"https:\/\/boreait.com\/hu\/wp-json\/wp\/v2\/types\/product"}],"wp:featuredmedia":[{"embeddable":true,"href":"https:\/\/boreait.com\/hu\/wp-json\/wp\/v2\/media\/8941"}],"wp:attachment":[{"href":"https:\/\/boreait.com\/hu\/wp-json\/wp\/v2\/media?parent=8873"}],"wp:term":[{"taxonomy":"product_brand","embeddable":true,"href":"https:\/\/boreait.com\/hu\/wp-json\/wp\/v2\/product_brand?post=8873"},{"taxonomy":"product_cat","embeddable":true,"href":"https:\/\/boreait.com\/hu\/wp-json\/wp\/v2\/product_cat?post=8873"},{"taxonomy":"product_tag","embeddable":true,"href":"https:\/\/boreait.com\/hu\/wp-json\/wp\/v2\/product_tag?post=8873"}],"curies":[{"name":"wp","href":"https:\/\/api.w.org\/{rel}","templated":true}]}}