{"id":8870,"date":"2025-09-17T12:16:28","date_gmt":"2025-09-17T10:16:28","guid":{"rendered":"https:\/\/boreait.com\/hu\/?post_type=product&#038;p=8870"},"modified":"2025-09-17T12:17:42","modified_gmt":"2025-09-17T10:17:42","slug":"eredeti-hp-chromebook-14-g5-csuklotamasz-elulso-egyseg-laptop-alkatreszek","status":"publish","type":"product","link":"https:\/\/boreait.com\/hu\/termek\/eredeti-hp-chromebook-14-g5-csuklotamasz-elulso-egyseg-laptop-alkatreszek\/","title":{"rendered":"Eredeti HP Chromebook 14 G5 csukl\u00f3t\u00e1masz el\u00fcls\u0151 egys\u00e9g \u2013 laptop alkatr\u00e9szek"},"content":{"rendered":"<p>\u00c1ll\u00edtsa vissza HP Chromebook 14 G5 k\u00e9sz\u00fcl\u00e9k\u00e9t eredeti \u00e1llapot\u00e1ba az Eredeti HP Chromebook 14 G5 csukl\u00f3t\u00e1masz el\u00fcls\u0151 egys\u00e9ggel. Ezt a kiv\u00e1l\u00f3 min\u0151s\u00e9g\u0171 cserealkatr\u00e9szt apr\u00f3l\u00e9kosan \u00fagy tervezt\u00e9k, hogy pontosan megfeleljen HP Chromebookj\u00e1nak specifik\u00e1ci\u00f3inak, \u00edgy t\u00f6k\u00e9letes illeszked\u00e9st \u00e9s z\u00f6kken\u0151mentes megjelen\u00e9st biztos\u00edt.<\/p>\n<p>A tart\u00f3s anyagokb\u00f3l k\u00e9sz\u00fclt, ez a csukl\u00f3t\u00e1masz el\u00fcls\u0151 szerelv\u00e9ny nemcsak eszt\u00e9tikai megjelen\u00e9s\u00e9t er\u0151s\u00edti, hanem a sz\u00fcks\u00e9ges t\u00e1mogat\u00e1st \u00e9s k\u00e9nyelmet is biztos\u00edtja a mindennapi haszn\u00e1lathoz. F\u00fcggetlen\u00fcl att\u00f3l, hogy jelenlegi csukl\u00f3t\u00e1masza elhaszn\u00e1l\u00f3dott vagy s\u00e9r\u00fclt, ez az eredeti HP cserealkatr\u00e9sz vissza\u00e1ll\u00edtja laptopja eredeti megjelen\u00e9s\u00e9t \u00e9s hangulat\u00e1t.<\/p>\n<p>K\u00f6nnyen telep\u00edthet\u0151, ez az el\u00fcls\u0151 csukl\u00f3t\u00e1masz probl\u00e9mamentes megold\u00e1st k\u00edn\u00e1l Chromebookja jav\u00edt\u00e1si ig\u00e9nyeire. Egyszer\u0171en k\u00f6vesse az egyszer\u0171 telep\u00edt\u00e9si folyamatot, hogy k\u00e9sz\u00fcl\u00e9ke friss, \u00faj megjelen\u00e9st \u00e9s jobb funkcionalit\u00e1st kapjon.<\/p>\n<p>Tapasztalja meg az eredeti HP alkatr\u00e9szek min\u0151s\u00e9g\u00e9t \u00e9s megb\u00edzhat\u00f3s\u00e1g\u00e1t. Rendelje meg az Eredeti HP Chromebook 14 G5 csukl\u00f3t\u00e1masz el\u00fcls\u0151 \u00f6ssze\u00e1ll\u00edt\u00e1st m\u00e9g ma, \u00e9s \u00e9lvezze a teljesen fel\u00faj\u00edtott laptop el\u0151nyeit, amely \u00fagy n\u00e9z ki, mint az \u00faj.<\/p>\n","protected":false},"excerpt":{"rendered":"<p>\u00c1ll\u00edtsa helyre HP Chromebook 14 G5 k\u00e9sz\u00fcl\u00e9k\u00e9t ezzel az eredeti csukl\u00f3t\u00e1masz el\u00fcls\u0151 szerelv\u00e9nnyel. A t\u00f6k\u00e9letes illeszked\u00e9sre \u00e9s kivitelre tervezett cserealkatr\u00e9sz gondoskodik arr\u00f3l, hogy Chromebookja \u00fajszer\u0171 megjelen\u00e9st \u00e9s \u00e9rzetet keltsen. K\u00f6nnyen telep\u00edthet\u0151, ide\u00e1lis megold\u00e1s laptopja jav\u00edt\u00e1si ig\u00e9nyeire.<\/p>\n","protected":false},"featured_media":8937,"template":"","meta":[],"product_brand":[],"product_cat":[16],"product_tag":[],"class_list":{"0":"post-8870","1":"product","2":"type-product","3":"status-publish","4":"has-post-thumbnail","6":"product_cat-laptop-housing","8":"first","9":"instock","10":"taxable","11":"shipping-taxable","12":"purchasable","13":"product-type-simple"},"_links":{"self":[{"href":"https:\/\/boreait.com\/hu\/wp-json\/wp\/v2\/product\/8870","targetHints":{"allow":["GET"]}}],"collection":[{"href":"https:\/\/boreait.com\/hu\/wp-json\/wp\/v2\/product"}],"about":[{"href":"https:\/\/boreait.com\/hu\/wp-json\/wp\/v2\/types\/product"}],"wp:featuredmedia":[{"embeddable":true,"href":"https:\/\/boreait.com\/hu\/wp-json\/wp\/v2\/media\/8937"}],"wp:attachment":[{"href":"https:\/\/boreait.com\/hu\/wp-json\/wp\/v2\/media?parent=8870"}],"wp:term":[{"taxonomy":"product_brand","embeddable":true,"href":"https:\/\/boreait.com\/hu\/wp-json\/wp\/v2\/product_brand?post=8870"},{"taxonomy":"product_cat","embeddable":true,"href":"https:\/\/boreait.com\/hu\/wp-json\/wp\/v2\/product_cat?post=8870"},{"taxonomy":"product_tag","embeddable":true,"href":"https:\/\/boreait.com\/hu\/wp-json\/wp\/v2\/product_tag?post=8870"}],"curies":[{"name":"wp","href":"https:\/\/api.w.org\/{rel}","templated":true}]}}