{"id":8868,"date":"2025-09-17T12:16:27","date_gmt":"2025-09-17T10:16:27","guid":{"rendered":"https:\/\/boreait.com\/hu\/?post_type=product&#038;p=8868"},"modified":"2025-09-17T12:17:32","modified_gmt":"2025-09-17T10:17:32","slug":"oem-hp-chromebook-11-g8-ee-laptop-csuklotamasz-billentyuzet-cserealkatreszei","status":"publish","type":"product","link":"https:\/\/boreait.com\/hu\/termek\/oem-hp-chromebook-11-g8-ee-laptop-csuklotamasz-billentyuzet-cserealkatreszei\/","title":{"rendered":"OEM HP Chromebook 11 G8 EE laptop csukl\u00f3t\u00e1masz-billenty\u0171zet cserealkatr\u00e9szei"},"content":{"rendered":"<p>Fokozza HP Chromebook 11 G8 EE laptopja haszn\u00e1lhat\u00f3s\u00e1g\u00e1t \u00e9s megjelen\u00e9s\u00e9t az OEM HP Chromebook 11 G8 EE laptop csukl\u00f3t\u00e1masz-billenty\u0171zet cserealkatr\u00e9szeivel. A pontoss\u00e1g \u00e9s a tart\u00f3ss\u00e1g szem el\u0151tt tart\u00e1s\u00e1val k\u00e9sz\u00fclt ez az eredeti HP csere csukl\u00f3t\u00e1masz \u00e9s billenty\u0171zet kombin\u00e1ci\u00f3t \u00fagy tervezt\u00e9k, hogy z\u00f6kken\u0151mentesen illeszkedjen az \u00d6n k\u00e9sz\u00fcl\u00e9k\u00e9hez, t\u00f6k\u00e9letes illeszked\u00e9st \u00e9s megb\u00edzhat\u00f3 teljes\u00edtm\u00e9nyt biztos\u00edtva.<\/p>\n<p>Ak\u00e1r jelenlegi csukl\u00f3t\u00e1masza \u00e9s billenty\u0171zete s\u00e9r\u00fclt, elhaszn\u00e1l\u00f3dott, vagy egyszer\u0171en csak friss\u00edt\u00e9sre szorul, ez az OEM-cserealkatr\u00e9sz az ide\u00e1lis megold\u00e1s. A probl\u00e9mamentes telep\u00edt\u00e9si folyamatnak \u00e9s az eredeti HP min\u0151s\u00e9gbiztos\u00edt\u00e1snak k\u00f6sz\u00f6nhet\u0151en k\u00f6nnyed\u00e9n vissza\u00e1ll\u00edthatja laptopja funkcionalit\u00e1s\u00e1t \u00e9s eszt\u00e9tik\u00e1j\u00e1t.<\/p>\n<p>A kiv\u00e1l\u00f3 min\u0151s\u00e9g\u0171 anyagokb\u00f3l k\u00e9sz\u00fclt \u00e9s a hossz\u00fa \u00e9lettartamra tervezett csukl\u00f3t\u00e1masz \u00e9s billenty\u0171zet kombin\u00e1ci\u00f3 tart\u00f3ss\u00e1got \u00e9s megb\u00edzhat\u00f3s\u00e1got k\u00edn\u00e1l, amelyben megb\u00edzhat. Mondjon b\u00facs\u00fat a frusztr\u00e1l\u00f3 g\u00e9pel\u00e9si \u00e9lm\u00e9nyeknek \u00e9s a cs\u00fanya csukl\u00f3t\u00e1masz-k\u00e1rosod\u00e1snak, \u00e9s \u00fcdv\u00f6z\u00f6lje a felfriss\u00edtett \u00e9s teljesen m\u0171k\u00f6d\u0151k\u00e9pes HP Chromebook 11 G8 EE laptopot.<\/p>\n<p>Tapasztalja meg az eredeti HP cserealkatr\u00e9szek \u00e1ltal ny\u00fajtott k\u00fcl\u00f6nbs\u00e9get, \u00e9s keltse \u00fajra \u00e9letre laptopj\u00e1t az OEM HP Chromebook 11 G8 EE laptop csukl\u00f3t\u00e1masz-billenty\u0171zet cserealkatr\u00e9szeivel. Rendelje meg most, \u00e9s \u00e9lvezze a z\u00f6kken\u0151mentes g\u00e9pel\u00e9si \u00e9lm\u00e9nyt \u00e9s k\u00e9sz\u00fcl\u00e9ke t\u00f6k\u00e9letes\u00edtett eszt\u00e9tik\u00e1j\u00e1t.<\/p>\n","protected":false},"excerpt":{"rendered":"<p>Cser\u00e9lje ki HP Chromebook 11 G8 EE laptopja s\u00e9r\u00fclt vagy elhaszn\u00e1l\u00f3dott csukl\u00f3t\u00e1masz\u00e1t \u00e9s billenty\u0171zet\u00e9t ezzel az OEM cserealkatr\u00e9szrel. Az egyszer\u0171 telep\u00edt\u00e9sre \u00e9s z\u00f6kken\u0151mentes kompatibilit\u00e1sra tervezett eredeti HP csukl\u00f3t\u00e1masz \u00e9s billenty\u0171zet kombin\u00e1ci\u00f3 optim\u00e1lis teljes\u00edtm\u00e9nyt \u00e9s funkcionalit\u00e1st biztos\u00edt eszk\u00f6ze sz\u00e1m\u00e1ra.<\/p>\n","protected":false},"featured_media":8923,"template":"","meta":[],"product_brand":[],"product_cat":[16],"product_tag":[25],"class_list":{"0":"post-8868","1":"product","2":"type-product","3":"status-publish","4":"has-post-thumbnail","6":"product_cat-laptop-housing","7":"product_tag-hp","9":"first","10":"instock","11":"taxable","12":"shipping-taxable","13":"purchasable","14":"product-type-simple"},"_links":{"self":[{"href":"https:\/\/boreait.com\/hu\/wp-json\/wp\/v2\/product\/8868","targetHints":{"allow":["GET"]}}],"collection":[{"href":"https:\/\/boreait.com\/hu\/wp-json\/wp\/v2\/product"}],"about":[{"href":"https:\/\/boreait.com\/hu\/wp-json\/wp\/v2\/types\/product"}],"wp:featuredmedia":[{"embeddable":true,"href":"https:\/\/boreait.com\/hu\/wp-json\/wp\/v2\/media\/8923"}],"wp:attachment":[{"href":"https:\/\/boreait.com\/hu\/wp-json\/wp\/v2\/media?parent=8868"}],"wp:term":[{"taxonomy":"product_brand","embeddable":true,"href":"https:\/\/boreait.com\/hu\/wp-json\/wp\/v2\/product_brand?post=8868"},{"taxonomy":"product_cat","embeddable":true,"href":"https:\/\/boreait.com\/hu\/wp-json\/wp\/v2\/product_cat?post=8868"},{"taxonomy":"product_tag","embeddable":true,"href":"https:\/\/boreait.com\/hu\/wp-json\/wp\/v2\/product_tag?post=8868"}],"curies":[{"name":"wp","href":"https:\/\/api.w.org\/{rel}","templated":true}]}}