{"id":8867,"date":"2025-09-17T12:16:27","date_gmt":"2025-09-17T10:16:27","guid":{"rendered":"https:\/\/boreait.com\/hu\/?post_type=product&#038;p=8867"},"modified":"2025-09-17T12:17:29","modified_gmt":"2025-09-17T10:17:29","slug":"eredeti-hp-chromebook-11-g8-ee-lcd-elolapfedel-cserealkatreszek-laptophoz","status":"publish","type":"product","link":"https:\/\/boreait.com\/hu\/termek\/eredeti-hp-chromebook-11-g8-ee-lcd-elolapfedel-cserealkatreszek-laptophoz\/","title":{"rendered":"Eredeti HP Chromebook 11 G8 EE LCD el\u0151lapfed\u00e9l cserealkatr\u00e9szek laptophoz"},"content":{"rendered":"<p>Adjon \u00faj k\u00fcls\u0151t HP Chromebook 11 G8 EE k\u00e9sz\u00fcl\u00e9k\u00e9nek az Eredeti HP Chromebook 11 G8 EE LCD el\u0151lap cser\u00e9j\u00e9vel. Ezt a prec\u00edzi\u00f3s kialak\u00edt\u00e1s\u00fa \u00e9s kompatibilit\u00e1sra tervezett el\u0151lapburkolatot \u00fagy tervezt\u00e9k, hogy z\u00f6kken\u0151mentesen illeszkedjen az eszk\u00f6zh\u00f6z, t\u00f6k\u00e9letes illeszked\u00e9st \u00e9s megb\u00edzhat\u00f3 teljes\u00edtm\u00e9nyt biztos\u00edtva.<\/p>\n<p>A tart\u00f3s anyagokb\u00f3l k\u00e9sz\u00fclt, eredeti cserealkatr\u00e9sz \u00fagy k\u00e9sz\u00fclt, hogy ellen\u00e1lljon a napi kop\u00e1snak, \u00e9s hosszan tart\u00f3 v\u00e9delmet ny\u00fajt laptopja LCD-k\u00e9perny\u0151j\u00e9nek. Ak\u00e1r egy s\u00e9r\u00fclt el\u0151lap burkolat\u00e1t cser\u00e9li ki, ak\u00e1r egyszer\u0171en csak felfriss\u00edteni szeretn\u00e9 k\u00e9sz\u00fcl\u00e9ke megjelen\u00e9s\u00e9t, ez az eredeti HP alkatr\u00e9sz az ide\u00e1lis megold\u00e1s.<\/p>\n<p>K\u00f6nnyen telep\u00edthet\u0151 \u00e9s probl\u00e9mamentesen cser\u00e9lhet\u0151, ez az LCD-el\u0151lap bor\u00edt\u00f3 seg\u00edts\u00e9g\u00e9vel gyorsan \u00e9s egyszer\u0171en vissza\u00e1ll\u00edthatja HP \u200b\u200bChromebook 11 G8 EE k\u00e9sz\u00fcl\u00e9k\u00e9t eredeti \u00e1llapot\u00e1ba. Eleg\u00e1ns kialak\u00edt\u00e1s\u00e1nak \u00e9s megb\u00edzhat\u00f3 teljes\u00edtm\u00e9ny\u00e9nek k\u00f6sz\u00f6nhet\u0151en biztos lehet benne, hogy laptopja \u00fagy fog kin\u00e9zni \u00e9s m\u0171k\u00f6dni, mint az \u00faj.<\/p>\n<p>Tapasztalja meg az eredeti HP-alkatr\u00e9szek min\u0151s\u00e9g\u00e9t \u00e9s megb\u00edzhat\u00f3s\u00e1g\u00e1t, \u00e9s gondoskodjon arr\u00f3l, hogy HP Chromebook 11 G8 EE k\u00e9sz\u00fcl\u00e9ke kiv\u00e1l\u00f3 \u00e1llapotban maradjon. Friss\u00edtse eszk\u00f6z\u00e9t m\u00e9g ma az Eredeti HP Chromebook 11 G8 EE LCD el\u0151lap cser\u00e9j\u00e9vel, \u00e9s \u00e9lvezze a felfriss\u00fclt \u00e9s meg\u00fajult laptop \u00e9lm\u00e9nyt.<\/p>\n","protected":false},"excerpt":{"rendered":"<p>\u00c1ll\u00edtsa vissza HP Chromebook 11 G8 EE eleg\u00e1ns megjelen\u00e9s\u00e9t ezzel az eredeti LCD-el\u0151lap-burkolat cser\u00e9vel. Tart\u00f3s anyagokb\u00f3l k\u00e9sz\u00fclt \u00e9s t\u00f6k\u00e9letes illeszked\u00e9sre tervezt\u00e9k, ez a burkolat meg\u0151rzi laptopja \u00fajszer\u0171 megjelen\u00e9s\u00e9t \u00e9s m\u0171k\u00f6d\u00e9s\u00e9t.<\/p>\n","protected":false},"featured_media":8921,"template":"","meta":[],"product_brand":[],"product_cat":[16],"product_tag":[25],"class_list":{"0":"post-8867","1":"product","2":"type-product","3":"status-publish","4":"has-post-thumbnail","6":"product_cat-laptop-housing","7":"product_tag-hp","9":"first","10":"instock","11":"taxable","12":"shipping-taxable","13":"purchasable","14":"product-type-simple"},"_links":{"self":[{"href":"https:\/\/boreait.com\/hu\/wp-json\/wp\/v2\/product\/8867","targetHints":{"allow":["GET"]}}],"collection":[{"href":"https:\/\/boreait.com\/hu\/wp-json\/wp\/v2\/product"}],"about":[{"href":"https:\/\/boreait.com\/hu\/wp-json\/wp\/v2\/types\/product"}],"wp:featuredmedia":[{"embeddable":true,"href":"https:\/\/boreait.com\/hu\/wp-json\/wp\/v2\/media\/8921"}],"wp:attachment":[{"href":"https:\/\/boreait.com\/hu\/wp-json\/wp\/v2\/media?parent=8867"}],"wp:term":[{"taxonomy":"product_brand","embeddable":true,"href":"https:\/\/boreait.com\/hu\/wp-json\/wp\/v2\/product_brand?post=8867"},{"taxonomy":"product_cat","embeddable":true,"href":"https:\/\/boreait.com\/hu\/wp-json\/wp\/v2\/product_cat?post=8867"},{"taxonomy":"product_tag","embeddable":true,"href":"https:\/\/boreait.com\/hu\/wp-json\/wp\/v2\/product_tag?post=8867"}],"curies":[{"name":"wp","href":"https:\/\/api.w.org\/{rel}","templated":true}]}}