{"id":8865,"date":"2025-09-17T12:16:27","date_gmt":"2025-09-17T10:16:27","guid":{"rendered":"https:\/\/boreait.com\/hu\/?post_type=product&#038;p=8865"},"modified":"2025-09-17T12:17:24","modified_gmt":"2025-09-17T10:17:24","slug":"eredeti-hp-chromebook-11-g8-ee-n140bga-ea3-felso-burkolat-cserealkatreszek-laptophoz","status":"publish","type":"product","link":"https:\/\/boreait.com\/hu\/termek\/eredeti-hp-chromebook-11-g8-ee-n140bga-ea3-felso-burkolat-cserealkatreszek-laptophoz\/","title":{"rendered":"Eredeti HP Chromebook 11 G8 EE N140BGA-EA3 fels\u0151 burkolat cserealkatr\u00e9szek laptophoz"},"content":{"rendered":"<p>Revitaliz\u00e1lja HP \u200b\u200bChromebook 11 G8 EE k\u00e9sz\u00fcl\u00e9k\u00e9t az Eredeti HP Chromebook 11 G8 EE N140BGA-EA3 fels\u0151 burkolat cser\u00e9j\u00e9vel. Az OEM specifik\u00e1ci\u00f3i szerint kialak\u00edtott fels\u0151 burkolat z\u00f6kken\u0151mentes illeszked\u00e9st garant\u00e1l, \u00e9s visszaadja Chromebookja eleg\u00e1ns megjelen\u00e9s\u00e9t.<\/p>\n<p>A tart\u00f3s anyagokb\u00f3l k\u00e9sz\u00fclt, eredeti HP fels\u0151 burkolat-csere \u00fagy k\u00e9sz\u00fclt, hogy ellen\u00e1lljon a mindennapi haszn\u00e1latnak, \u00e9s hosszan tart\u00f3 teljes\u00edtm\u00e9nyt ny\u00fajtson. Ak\u00e1r s\u00e9r\u00fclt, ak\u00e1r megrepedt, vagy egyszer\u0171en csak a kop\u00e1s jeleit mutatja a jelenlegi fels\u0151 burkolat, ez az eredeti cserealkatr\u00e9sz t\u00f6k\u00e9letes megold\u00e1st k\u00edn\u00e1l k\u00e9sz\u00fcl\u00e9ke felfriss\u00edt\u00e9s\u00e9re.<\/p>\n<p>A telep\u00edt\u00e9s gyerekj\u00e1t\u00e9k, lehet\u0151v\u00e9 teszi, hogy gyorsan \u00e9s egyszer\u0171en cser\u00e9lje ki r\u00e9gi fels\u0151 burkolat\u00e1t erre az eredeti HP cserealkatr\u00e9szre. Egyszer\u0171en t\u00e1vol\u00edtsa el a r\u00e9gi fedelet, \u00e9s pattintsa a hely\u00e9re az \u00fajat a probl\u00e9mamentes friss\u00edt\u00e9s \u00e9rdek\u00e9ben.<\/p>\n<p>Gy\u0151z\u0151dj\u00f6n meg arr\u00f3l, hogy HP Chromebook 11 G8 EE k\u00e9sz\u00fcl\u00e9ke tov\u00e1bbra is kin\u00e9z, \u00e9s a legjobb teljes\u00edtm\u00e9nyt ny\u00fajtja az Eredeti HP Chromebook 11 G8 EE N140BGA-EA3 fels\u0151 burkolat cser\u00e9j\u00e9vel. Rendelje meg saj\u00e1tj\u00e1t m\u00e9g ma, \u00e9s \u00e9lvezze a meg\u00fajult bizalom k\u00e9sz\u00fcl\u00e9ke megjelen\u00e9s\u00e9ben \u00e9s m\u0171k\u00f6d\u00e9s\u00e9ben.<\/p>\n","protected":false},"excerpt":{"rendered":"<p>Cser\u00e9lje ki s\u00e9r\u00fclt vagy elhaszn\u00e1l\u00f3dott HP Chromebook 11 G8 EE N140BGA-EA3 fels\u0151 fedel\u00e9t erre az eredeti cserealkatr\u00e9szre. Az egyszer\u0171 telep\u00edt\u00e9sre tervezett kiv\u00e1l\u00f3 min\u0151s\u00e9g\u0171 fels\u0151 burkolat t\u00f6k\u00e9letes illeszked\u00e9st biztos\u00edt, \u00e9s visszaadja Chromebookj\u00e1nak eleg\u00e1ns megjelen\u00e9s\u00e9t.<\/p>\n","protected":false},"featured_media":8918,"template":"","meta":[],"product_brand":[],"product_cat":[16],"product_tag":[25],"class_list":{"0":"post-8865","1":"product","2":"type-product","3":"status-publish","4":"has-post-thumbnail","6":"product_cat-laptop-housing","7":"product_tag-hp","9":"first","10":"instock","11":"taxable","12":"shipping-taxable","13":"purchasable","14":"product-type-simple"},"_links":{"self":[{"href":"https:\/\/boreait.com\/hu\/wp-json\/wp\/v2\/product\/8865","targetHints":{"allow":["GET"]}}],"collection":[{"href":"https:\/\/boreait.com\/hu\/wp-json\/wp\/v2\/product"}],"about":[{"href":"https:\/\/boreait.com\/hu\/wp-json\/wp\/v2\/types\/product"}],"wp:featuredmedia":[{"embeddable":true,"href":"https:\/\/boreait.com\/hu\/wp-json\/wp\/v2\/media\/8918"}],"wp:attachment":[{"href":"https:\/\/boreait.com\/hu\/wp-json\/wp\/v2\/media?parent=8865"}],"wp:term":[{"taxonomy":"product_brand","embeddable":true,"href":"https:\/\/boreait.com\/hu\/wp-json\/wp\/v2\/product_brand?post=8865"},{"taxonomy":"product_cat","embeddable":true,"href":"https:\/\/boreait.com\/hu\/wp-json\/wp\/v2\/product_cat?post=8865"},{"taxonomy":"product_tag","embeddable":true,"href":"https:\/\/boreait.com\/hu\/wp-json\/wp\/v2\/product_tag?post=8865"}],"curies":[{"name":"wp","href":"https:\/\/api.w.org\/{rel}","templated":true}]}}