{"id":8864,"date":"2025-09-17T12:16:27","date_gmt":"2025-09-17T10:16:27","guid":{"rendered":"https:\/\/boreait.com\/hu\/?post_type=product&#038;p=8864"},"modified":"2026-01-31T07:04:41","modified_gmt":"2026-01-31T06:04:41","slug":"hp-chromebook-11-g8-ee-wlan-vezetek-nelkuli-modul-eredeti-laptop-alkatreszek","status":"publish","type":"product","link":"https:\/\/boreait.com\/hu\/termek\/hp-chromebook-11-g8-ee-wlan-vezetek-nelkuli-modul-eredeti-laptop-alkatreszek\/","title":{"rendered":"HP Chromebook 11 G8 EE WLAN vezet\u00e9k n\u00e9lk\u00fcli modul, eredeti laptop-alkatr\u00e9szek"},"content":{"rendered":"<p>Revitaliz\u00e1lja HP \u200b\u200bChromebook 11 G8 EE k\u00e9sz\u00fcl\u00e9k\u00e9t az Eredeti HP Chromebook 11 G8 EE WLAN vezet\u00e9k n\u00e9lk\u00fcli modul cser\u00e9j\u00e9vel. A kompatibilit\u00e1sra \u00e9s megb\u00edzhat\u00f3s\u00e1gra tervezett WLAN vezet\u00e9k n\u00e9lk\u00fcli modult \u00fagy tervezt\u00e9k, hogy z\u00f6kken\u0151mentesen integr\u00e1l\u00f3djon az eszk\u00f6zzel, vissza\u00e1ll\u00edtva a vezet\u00e9k n\u00e9lk\u00fcli kapcsolatot az optim\u00e1lis \u00e1llapotba.<\/p>\n<p>Eredeti HP min\u0151s\u00e9ggel k\u00e9sz\u00fclt, ez a vezet\u00e9k n\u00e9lk\u00fcli modulcsere t\u00f6k\u00e9letes megold\u00e1st k\u00edn\u00e1l a csatlakoz\u00e1si probl\u00e9m\u00e1k megold\u00e1s\u00e1ra vagy az eszk\u00f6z friss\u00edt\u00e9s\u00e9re. Ak\u00e1r Wi-Fi-probl\u00e9m\u00e1kkal k\u00fczd, ak\u00e1r laptopja teljes\u00edtm\u00e9ny\u00e9t szeretn\u00e9 jav\u00edtani, ez az eredeti cserealkatr\u00e9sz megfelel a legmagasabb min\u0151s\u00e9gi \u00e9s kompatibilit\u00e1si k\u00f6vetelm\u00e9nyeknek.<\/p>\n<p>A telep\u00edt\u00e9s gyerekj\u00e1t\u00e9k, lehet\u0151v\u00e9 teszi a megl\u00e9v\u0151 vezet\u00e9k n\u00e9lk\u00fcli modul k\u00f6nny\u0171 cser\u00e9j\u00e9t, \u00e9s visszat\u00e9rhet a z\u00f6kken\u0151mentes vezet\u00e9k n\u00e9lk\u00fcli kapcsolat \u00e9lvezet\u00e9hez. Strapab\u00edr\u00f3 fel\u00e9p\u00edt\u00e9s\u00e9nek \u00e9s megb\u00edzhat\u00f3 teljes\u00edtm\u00e9ny\u00e9nek k\u00f6sz\u00f6nhet\u0151en b\u00edzhat abban, hogy HP Chromebook 11 G8 EE k\u00e9sz\u00fcl\u00e9ke ism\u00e9t z\u00f6kken\u0151mentesen fog m\u0171k\u00f6dni.<\/p>\n<p>Az eredeti HP Chromebook 11 G8 EE WLAN vezet\u00e9k n\u00e9lk\u00fcli modul cser\u00e9j\u00e9vel tapasztalja meg az eredeti HP alkatr\u00e9szek \u00e1ltal ny\u00fajtott k\u00fcl\u00f6nbs\u00e9get, \u00e9s gondoskodjon arr\u00f3l, hogy laptopja tov\u00e1bbra is megfeleljen az \u00d6n ig\u00e9nyeinek. Rendeljen most, \u00e9s magabiztosan \u00e1ll\u00edtsa vissza k\u00e9sz\u00fcl\u00e9ke vezet\u00e9k n\u00e9lk\u00fcli funkci\u00f3it.<\/p>\n","protected":false},"excerpt":{"rendered":"<p>\u00c1ll\u00edtsa vissza a vezet\u00e9k n\u00e9lk\u00fcli kapcsolatot HP Chromebook 11 G8 EE k\u00e9sz\u00fcl\u00e9k\u00e9hez ezzel az eredeti WLAN vezet\u00e9k n\u00e9lk\u00fcli modullal. A z\u00f6kken\u0151mentes integr\u00e1ci\u00f3ra \u00e9s az egyszer\u0171 telep\u00edt\u00e9sre tervezett kiv\u00e1l\u00f3 min\u0151s\u00e9g\u0171 alkatr\u00e9sz megb\u00edzhat\u00f3 teljes\u00edtm\u00e9nyt biztos\u00edt, \u00edgy ide\u00e1lis megold\u00e1s laptopjav\u00edt\u00e1si ig\u00e9nyeire.<\/p>\n","protected":false},"featured_media":8917,"template":"","meta":[],"product_brand":[],"product_cat":[27],"product_tag":[25],"class_list":{"0":"post-8864","1":"product","2":"type-product","3":"status-publish","4":"has-post-thumbnail","6":"product_cat-motherboards-board-parts","7":"product_tag-hp","9":"first","10":"instock","11":"taxable","12":"shipping-taxable","13":"purchasable","14":"product-type-simple"},"_links":{"self":[{"href":"https:\/\/boreait.com\/hu\/wp-json\/wp\/v2\/product\/8864","targetHints":{"allow":["GET"]}}],"collection":[{"href":"https:\/\/boreait.com\/hu\/wp-json\/wp\/v2\/product"}],"about":[{"href":"https:\/\/boreait.com\/hu\/wp-json\/wp\/v2\/types\/product"}],"wp:featuredmedia":[{"embeddable":true,"href":"https:\/\/boreait.com\/hu\/wp-json\/wp\/v2\/media\/8917"}],"wp:attachment":[{"href":"https:\/\/boreait.com\/hu\/wp-json\/wp\/v2\/media?parent=8864"}],"wp:term":[{"taxonomy":"product_brand","embeddable":true,"href":"https:\/\/boreait.com\/hu\/wp-json\/wp\/v2\/product_brand?post=8864"},{"taxonomy":"product_cat","embeddable":true,"href":"https:\/\/boreait.com\/hu\/wp-json\/wp\/v2\/product_cat?post=8864"},{"taxonomy":"product_tag","embeddable":true,"href":"https:\/\/boreait.com\/hu\/wp-json\/wp\/v2\/product_tag?post=8864"}],"curies":[{"name":"wp","href":"https:\/\/api.w.org\/{rel}","templated":true}]}}