{"id":8863,"date":"2025-09-17T12:16:27","date_gmt":"2025-09-17T10:16:27","guid":{"rendered":"https:\/\/boreait.com\/hu\/?post_type=product&#038;p=8863"},"modified":"2026-01-31T07:04:26","modified_gmt":"2026-01-31T06:04:26","slug":"eredeti-hp-chromebook-11-g8-ee-tpn-q232-11a-kamerakabel-webkamera-vezetek-dd0gahcm020-laptop-alkatreszek","status":"publish","type":"product","link":"https:\/\/boreait.com\/hu\/termek\/eredeti-hp-chromebook-11-g8-ee-tpn-q232-11a-kamerakabel-webkamera-vezetek-dd0gahcm020-laptop-alkatreszek\/","title":{"rendered":"Eredeti HP Chromebook 11 G8 EE TPN-Q232 11a kamerak\u00e1bel webkamera vezet\u00e9k DD0GAHCM020 laptop alkatr\u00e9szek"},"content":{"rendered":"<p>Revitaliz\u00e1lja HP \u200b\u200bChromebook 11 G8 EE TPN-Q232 11a k\u00e9sz\u00fcl\u00e9k\u00e9t az Eredeti HP Chromebook 11 G8 EE TPN-Q232 11a kamerak\u00e1bel webkamera DD0GAHCM020 vezet\u00e9k\u00e9vel. A pontoss\u00e1got \u00e9s a kompatibilit\u00e1st szem el\u0151tt tartva megtervezve ezt a kamerak\u00e1bel-cser\u00e9t \u00fagy tervezt\u00e9k, hogy z\u00f6kken\u0151mentesen integr\u00e1l\u00f3djon az eszk\u00f6z\u00e9be, vissza\u00e1ll\u00edtva a kamera m\u0171k\u00f6d\u00e9s\u00e9t az eredeti \u00e1llapot\u00e1ba.<\/p>\n<p>Az eredeti HP min\u0151s\u00e9ggel k\u00e9sz\u00fclt kamerak\u00e1bel megb\u00edzhat\u00f3 megold\u00e1st k\u00edn\u00e1l laptopja jav\u00edt\u00e1si ig\u00e9nyeire. Ak\u00e1r probl\u00e9m\u00e1kat tapasztal a jelenlegi k\u00e1bel\u00e9vel, ak\u00e1r friss\u00edt\u00e9sre v\u00e1gyik, ez az eredeti cserealkatr\u00e9sz megfelel a legmagasabb min\u0151s\u00e9gi \u00e9s kompatibilit\u00e1si k\u00f6vetelm\u00e9nyeknek.<\/p>\n<p>Egyszer\u0171 telep\u00edt\u00e9si folyamat\u00e1val ez a kamerak\u00e1bel probl\u00e9mamentes jav\u00edt\u00e1si \u00e9lm\u00e9nyt biztos\u00edt. Egyszer\u0171en telep\u00edtse a k\u00e1belt, \u00e9s HP Chromebook 11 G8 EE TPN-Q232 11a k\u00e9sz\u00fcl\u00e9ke ism\u00e9t k\u00e9szen \u00e1ll az eml\u00e9kek r\u00f6gz\u00edt\u00e9s\u00e9re \u00e9s a m\u00e1sokkal val\u00f3 kapcsolatfelv\u00e9telre videoh\u00edv\u00e1sokon kereszt\u00fcl.<\/p>\n<p>Tapasztalja meg az eredeti HP-alkatr\u00e9szek \u00e1ltal ny\u00fajtott k\u00fcl\u00f6nbs\u00e9get, \u00e9s gondoskodjon arr\u00f3l, hogy laptopja tov\u00e1bbra is a legjobb teljes\u00edtm\u00e9nyt ny\u00fajtsa az Eredeti HP Chromebook 11 G8 EE TPN-Q232 11a kamerak\u00e1bel DD0GAHCM020 webkamera-vezet\u00e9kkel. Rendelje meg saj\u00e1tj\u00e1t m\u00e9g ma, \u00e9s magabiztosan \u00e1ll\u00edtsa vissza laptopja funkcionalit\u00e1s\u00e1t.<\/p>\n","protected":false},"excerpt":{"rendered":"<p>Ezzel az eredeti kamerak\u00e1bellel \u00e1ll\u00edtsa vissza HP Chromebook 11 G8 EE TPN-Q232 11a f\u00e9nyk\u00e9pez\u0151g\u00e9p\u00e9nek funkci\u00f3it. A z\u00f6kken\u0151mentes integr\u00e1ci\u00f3ra \u00e9s az egyszer\u0171 telep\u00edt\u00e9sre tervezett kiv\u00e1l\u00f3 min\u0151s\u00e9g\u0171 cserek\u00e1bel megb\u00edzhat\u00f3 teljes\u00edtm\u00e9nyt biztos\u00edt, \u00edgy t\u00f6k\u00e9letes megold\u00e1st jelent laptopja jav\u00edt\u00e1si ig\u00e9nyeire.<\/p>\n","protected":false},"featured_media":8916,"template":"","meta":[],"product_brand":[],"product_cat":[20],"product_tag":[25],"class_list":{"0":"post-8863","1":"product","2":"type-product","3":"status-publish","4":"has-post-thumbnail","6":"product_cat-cables","7":"product_tag-hp","9":"first","10":"instock","11":"taxable","12":"shipping-taxable","13":"purchasable","14":"product-type-simple"},"_links":{"self":[{"href":"https:\/\/boreait.com\/hu\/wp-json\/wp\/v2\/product\/8863","targetHints":{"allow":["GET"]}}],"collection":[{"href":"https:\/\/boreait.com\/hu\/wp-json\/wp\/v2\/product"}],"about":[{"href":"https:\/\/boreait.com\/hu\/wp-json\/wp\/v2\/types\/product"}],"wp:featuredmedia":[{"embeddable":true,"href":"https:\/\/boreait.com\/hu\/wp-json\/wp\/v2\/media\/8916"}],"wp:attachment":[{"href":"https:\/\/boreait.com\/hu\/wp-json\/wp\/v2\/media?parent=8863"}],"wp:term":[{"taxonomy":"product_brand","embeddable":true,"href":"https:\/\/boreait.com\/hu\/wp-json\/wp\/v2\/product_brand?post=8863"},{"taxonomy":"product_cat","embeddable":true,"href":"https:\/\/boreait.com\/hu\/wp-json\/wp\/v2\/product_cat?post=8863"},{"taxonomy":"product_tag","embeddable":true,"href":"https:\/\/boreait.com\/hu\/wp-json\/wp\/v2\/product_tag?post=8863"}],"curies":[{"name":"wp","href":"https:\/\/api.w.org\/{rel}","templated":true}]}}