{"id":8862,"date":"2025-09-17T12:16:26","date_gmt":"2025-09-17T10:16:26","guid":{"rendered":"https:\/\/boreait.com\/hu\/?post_type=product&#038;p=8862"},"modified":"2026-01-31T07:04:11","modified_gmt":"2026-01-31T06:04:11","slug":"eredeti-hp-chromebook-11-g8-ee-webkamera-kamera-cserealkatreszek-laptop-alkatreszek","status":"publish","type":"product","link":"https:\/\/boreait.com\/hu\/termek\/eredeti-hp-chromebook-11-g8-ee-webkamera-kamera-cserealkatreszek-laptop-alkatreszek\/","title":{"rendered":"Eredeti HP Chromebook 11 G8 EE webkamera kamera cserealkatr\u00e9szek laptop alkatr\u00e9szek"},"content":{"rendered":"<p>Revitaliz\u00e1lja HP \u200b\u200bChromebook 11 G8 EE k\u00e9sz\u00fcl\u00e9k\u00e9t az eredeti HP Chromebook 11 G8 EE webkamera cserealkatr\u00e9sz\u00e9vel. A HP szigor\u00fa min\u0151s\u00e9gi el\u0151\u00edr\u00e1sainak megfelel\u0151en tervezett eredeti cserekamera \u00e9les \u00e9s tiszta videoh\u00edv\u00e1sokat, konferenci\u00e1kat \u00e9s online tal\u00e1lkoz\u00f3kat biztos\u00edt.<\/p>\n<p>Ak\u00e1r jelenlegi f\u00e9nyk\u00e9pez\u0151g\u00e9pe hib\u00e1san m\u0171k\u00f6dik, ak\u00e1r csak friss\u00edt\u00e9st szeretne, ez az eredeti HP cserealkatr\u00e9sz t\u00f6k\u00e9letes megold\u00e1st k\u00edn\u00e1l. A kompatibilit\u00e1sra \u00e9s az egyszer\u0171 telep\u00edt\u00e9sre tervezve gyorsan, gond n\u00e9lk\u00fcl vissza\u00e1ll\u00edthatja Chromebookja webkamer\u00e1ja funkci\u00f3it.<\/p>\n<p>Tart\u00f3s fel\u00e9p\u00edt\u00e9s\u00e9nek \u00e9s megb\u00edzhat\u00f3 teljes\u00edtm\u00e9ny\u00e9nek k\u00f6sz\u00f6nhet\u0151en ez a cserekamera nyugalmat biztos\u00edt, tudv\u00e1n, hogy HP Chromebook 11 G8 EE k\u00e9sz\u00fcl\u00e9ke kiv\u00e1l\u00f3 min\u0151s\u00e9g\u0171, megb\u00edzhat\u00f3 webkamer\u00e1val van felszerelve. Maradjon kapcsolatban bar\u00e1taival, csal\u00e1dj\u00e1val \u00e9s koll\u00e9g\u00e1ival, \u00e9s tapasztalja meg a z\u00f6kken\u0151mentes videokommunik\u00e1ci\u00f3t az eredeti HP Chromebook 11 G8 EE webkamera kamera cserealkatr\u00e9sz\u00e9vel.<\/p>\n<p>Ne hagyja, hogy egy hib\u00e1s webkamera akad\u00e1lyozza a termel\u00e9kenys\u00e9get \u00e9s a kommunik\u00e1ci\u00f3t. Fektessen be ebbe az eredeti HP cserealkatr\u00e9szbe m\u00e9g ma, \u00e9s gy\u0151z\u0151dj\u00f6n meg arr\u00f3l, hogy HP Chromebook 11 G8 EE k\u00e9sz\u00fcl\u00e9ke k\u00e9szen \u00e1ll minden videokonferencia-sz\u00fcks\u00e9glet\u00e9re.<\/p>\n","protected":false},"excerpt":{"rendered":"<p>Ezzel az eredeti cserekamer\u00e1val \u00e1ll\u00edtsa vissza HP Chromebook 11 G8 EE webkamera funkci\u00f3it. Az egyszer\u0171 telep\u00edt\u00e9sre tervezett kiv\u00e1l\u00f3 min\u0151s\u00e9g\u0171 alkatr\u00e9sz z\u00f6kken\u0151mentes videoh\u00edv\u00e1sokat \u00e9s konferenci\u00e1kat biztos\u00edt, \u00edgy elengedhetetlen laptopjav\u00edt\u00e1si megold\u00e1s.<\/p>\n","protected":false},"featured_media":8915,"template":"","meta":[],"product_brand":[],"product_cat":[23],"product_tag":[25],"class_list":{"0":"post-8862","1":"product","2":"type-product","3":"status-publish","4":"has-post-thumbnail","6":"product_cat-laptop-camera","7":"product_tag-hp","9":"first","10":"instock","11":"taxable","12":"shipping-taxable","13":"purchasable","14":"product-type-simple"},"_links":{"self":[{"href":"https:\/\/boreait.com\/hu\/wp-json\/wp\/v2\/product\/8862","targetHints":{"allow":["GET"]}}],"collection":[{"href":"https:\/\/boreait.com\/hu\/wp-json\/wp\/v2\/product"}],"about":[{"href":"https:\/\/boreait.com\/hu\/wp-json\/wp\/v2\/types\/product"}],"wp:featuredmedia":[{"embeddable":true,"href":"https:\/\/boreait.com\/hu\/wp-json\/wp\/v2\/media\/8915"}],"wp:attachment":[{"href":"https:\/\/boreait.com\/hu\/wp-json\/wp\/v2\/media?parent=8862"}],"wp:term":[{"taxonomy":"product_brand","embeddable":true,"href":"https:\/\/boreait.com\/hu\/wp-json\/wp\/v2\/product_brand?post=8862"},{"taxonomy":"product_cat","embeddable":true,"href":"https:\/\/boreait.com\/hu\/wp-json\/wp\/v2\/product_cat?post=8862"},{"taxonomy":"product_tag","embeddable":true,"href":"https:\/\/boreait.com\/hu\/wp-json\/wp\/v2\/product_tag?post=8862"}],"curies":[{"name":"wp","href":"https:\/\/api.w.org\/{rel}","templated":true}]}}