{"id":8847,"date":"2025-09-17T12:16:04","date_gmt":"2025-09-17T10:16:04","guid":{"rendered":"https:\/\/boreait.com\/hu\/?post_type=product&#038;p=8847"},"modified":"2026-01-31T07:03:54","modified_gmt":"2026-01-31T06:03:54","slug":"hp-11-g8-ee-chromebook-bal-es-amp-jobb-oldali-hangszorokeszlet-dnpb184c003-vandnpb184c","status":"publish","type":"product","link":"https:\/\/boreait.com\/hu\/termek\/hp-11-g8-ee-chromebook-bal-es-amp-jobb-oldali-hangszorokeszlet-dnpb184c003-vandnpb184c\/","title":{"rendered":"HP 11 G8 EE Chromebook bal \u00e9s amp; Jobb oldali hangsz\u00f3r\u00f3k\u00e9szlet DNPB184C003 VANDNPB184C"},"content":{"rendered":"<p>Fokozza HP Chromebook 11 G8 EE csatlakoztathat\u00f3s\u00e1g\u00e1t az Eredeti HP Chromebook 11 G8 EE USB-k\u00e1rtyamodul cser\u00e9j\u00e9vel. A pontos specifik\u00e1ci\u00f3k szerint kialak\u00edtott USB k\u00e1rtyamodul csere garant\u00e1lja a z\u00f6kken\u0151mentes integr\u00e1ci\u00f3t az eszk\u00f6zzel, megb\u00edzhat\u00f3 teljes\u00edtm\u00e9nyt \u00e9s kompatibilit\u00e1st biztos\u00edtva.<\/p>\n<p>Eredeti HP-min\u0151s\u00e9ggel rendelkez\u0151 USB-k\u00e1rtyamodul t\u00f6k\u00e9letes megold\u00e1s laptopja USB-funkci\u00f3inak vissza\u00e1ll\u00edt\u00e1s\u00e1ra vagy friss\u00edt\u00e9s\u00e9re. Ak\u00e1r csatlakoz\u00e1si probl\u00e9m\u00e1kkal k\u00fczd, ak\u00e1r egyszer\u0171en csak jav\u00edtani szeretn\u00e9 eszk\u00f6z\u00e9t, ezt az eredeti cserealkatr\u00e9szt \u00fagy tervezt\u00e9k, hogy megfeleljen a legmagasabb min\u0151s\u00e9gi \u00e9s megb\u00edzhat\u00f3s\u00e1gi k\u00f6vetelm\u00e9nyeknek.<\/p>\n<p>K\u00f6nnyen telep\u00edthet\u0151 \u00e9s tart\u00f3s, ez az USB-k\u00e1rtyamodul csere probl\u00e9mamentes megold\u00e1st k\u00edn\u00e1l laptopja jav\u00edt\u00e1si ig\u00e9nyeire. Strapab\u00edr\u00f3 fel\u00e9p\u00edt\u00e9s\u00e9nek \u00e9s megb\u00edzhat\u00f3 teljes\u00edtm\u00e9ny\u00e9nek k\u00f6sz\u00f6nhet\u0151en b\u00edzhat benne, hogy HP Chromebook 11 G8 EE k\u00e9sz\u00fcl\u00e9ke pillanatok alatt \u00fajra \u00fczemk\u00e9pes lesz.<\/p>\n<p>Az Eredeti HP Chromebook 11 G8 EE USB-k\u00e1rtyamodul cser\u00e9j\u00e9vel tapasztalja meg az eredeti HP-alkatr\u00e9szek \u00e1ltal ny\u00fajtott k\u00fcl\u00f6nbs\u00e9get, \u00e9s gondoskodjon arr\u00f3l, hogy laptopja tov\u00e1bbra is a legjobb teljes\u00edtm\u00e9nyt ny\u00fajtsa. Rendelje meg saj\u00e1tj\u00e1t m\u00e9g ma, \u00e9s b\u00e1tran friss\u00edtse k\u00e9sz\u00fcl\u00e9k\u00e9t.<\/p>\n","protected":false},"excerpt":{"rendered":"<p>Cser\u00e9lje ki HP Chromebook 11 G8 EE USB-k\u00e1rtyamodulj\u00e1t erre az eredeti cserealkatr\u00e9szre. A z\u00f6kken\u0151mentes kompatibilit\u00e1sra \u00e9s az egyszer\u0171 telep\u00edt\u00e9sre tervezett kiv\u00e1l\u00f3 min\u0151s\u00e9g\u0171 modul optim\u00e1lis csatlakoz\u00e1st \u00e9s funkcionalit\u00e1st biztos\u00edt laptopja sz\u00e1m\u00e1ra.<\/p>\n","protected":false},"featured_media":8914,"template":"","meta":[],"product_brand":[],"product_cat":[18],"product_tag":[25],"class_list":{"0":"post-8847","1":"product","2":"type-product","3":"status-publish","4":"has-post-thumbnail","6":"product_cat-laptop-speakers","7":"product_tag-hp","9":"first","10":"instock","11":"taxable","12":"shipping-taxable","13":"purchasable","14":"product-type-simple"},"_links":{"self":[{"href":"https:\/\/boreait.com\/hu\/wp-json\/wp\/v2\/product\/8847","targetHints":{"allow":["GET"]}}],"collection":[{"href":"https:\/\/boreait.com\/hu\/wp-json\/wp\/v2\/product"}],"about":[{"href":"https:\/\/boreait.com\/hu\/wp-json\/wp\/v2\/types\/product"}],"wp:featuredmedia":[{"embeddable":true,"href":"https:\/\/boreait.com\/hu\/wp-json\/wp\/v2\/media\/8914"}],"wp:attachment":[{"href":"https:\/\/boreait.com\/hu\/wp-json\/wp\/v2\/media?parent=8847"}],"wp:term":[{"taxonomy":"product_brand","embeddable":true,"href":"https:\/\/boreait.com\/hu\/wp-json\/wp\/v2\/product_brand?post=8847"},{"taxonomy":"product_cat","embeddable":true,"href":"https:\/\/boreait.com\/hu\/wp-json\/wp\/v2\/product_cat?post=8847"},{"taxonomy":"product_tag","embeddable":true,"href":"https:\/\/boreait.com\/hu\/wp-json\/wp\/v2\/product_tag?post=8847"}],"curies":[{"name":"wp","href":"https:\/\/api.w.org\/{rel}","templated":true}]}}