{"id":8844,"date":"2025-09-17T12:16:03","date_gmt":"2025-09-17T10:16:03","guid":{"rendered":"https:\/\/boreait.com\/hu\/?post_type=product&#038;p=8844"},"modified":"2025-09-17T12:17:10","modified_gmt":"2025-09-17T10:17:10","slug":"hp-chromebook-11a-g8-ee-alaplap-hutoborda-l92813-001-l98485-001-laptop-alkatreszek","status":"publish","type":"product","link":"https:\/\/boreait.com\/hu\/termek\/hp-chromebook-11a-g8-ee-alaplap-hutoborda-l92813-001-l98485-001-laptop-alkatreszek\/","title":{"rendered":"HP Chromebook 11A G8 EE alaplap h\u0171t\u0151borda L92813-001 L98485-001 laptop alkatr\u00e9szek"},"content":{"rendered":"<p>Friss\u00edtse HP Chromebook 11A G8 EE k\u00e9sz\u00fcl\u00e9k\u00e9t a HP Chromebook 11A G8 EE alaplapi h\u0171t\u0151bord\u00e1val L92813-001 L98485-001, \u00e9s tartsa h\u0171v\u00f6sen az eszk\u00f6zt nagy terhel\u00e9s mellett is. A pontoss\u00e1g \u00e9s a tart\u00f3ss\u00e1g szem el\u0151tt tart\u00e1s\u00e1val k\u00e9sz\u00fclt, eredeti alaplapi h\u0171t\u0151borda-csere \u00fagy lett kialak\u00edtva, hogy hat\u00e9konyan elvezesse a h\u0151t, optim\u00e1lis teljes\u00edtm\u00e9nyt \u00e9s hossz\u00fa \u00e9lettartamot biztos\u00edtva laptopja sz\u00e1m\u00e1ra.<\/p>\n<p>Eredeti HP min\u0151s\u00e9ggel rendelkez\u0151 alaplapi h\u0171t\u0151borda t\u00f6k\u00e9letes megold\u00e1s a t\u00falmeleged\u00e9si probl\u00e9m\u00e1k megold\u00e1s\u00e1ra vagy a megl\u00e9v\u0151 h\u0171t\u0151rendszer friss\u00edt\u00e9s\u00e9re. Legyen sz\u00f3 tanul\u00f3r\u00f3l, professzion\u00e1lis vagy alkalmi felhaszn\u00e1l\u00f3r\u00f3l, az optim\u00e1lis h\u0151m\u00e9rs\u00e9klet fenntart\u00e1sa elengedhetetlen eszk\u00f6ze \u00e9lettartam\u00e1nak meghosszabb\u00edt\u00e1s\u00e1hoz \u00e9s a teljes\u00edtm\u00e9nyfokoz\u00e1s megel\u0151z\u00e9s\u00e9hez.<\/p>\n<p>K\u00f6nnyen telep\u00edthet\u0151 \u00e9s tart\u00f3san fel\u00e9p\u00edtett, ez az alaplapi h\u0171t\u0151borda-csere probl\u00e9mamentes megold\u00e1st k\u00edn\u00e1l laptopja jav\u00edt\u00e1si ig\u00e9nyeire. Strapab\u00edr\u00f3 fel\u00e9p\u00edt\u00e9s\u00e9nek \u00e9s megb\u00edzhat\u00f3 teljes\u00edtm\u00e9ny\u00e9nek k\u00f6sz\u00f6nhet\u0151en b\u00edzhat benne, hogy HP Chromebook 11A G8 EE h\u0171v\u00f6s \u00e9s \u00e9rz\u00e9keny marad m\u00e9g intenz\u00edv haszn\u00e1lat k\u00f6zben is.<\/p>\n<p>A HP Chromebook 11A G8 EE alaplapi h\u0171t\u0151bord\u00e1val L92813-001 L98485-001 tapasztalja meg az eredeti HP-alkatr\u00e9szek k\u00fcl\u00f6nbs\u00e9g\u00e9t, \u00e9s gondoskodjon arr\u00f3l, hogy laptopja tov\u00e1bbra is a legjobb teljes\u00edtm\u00e9nyt ny\u00fajtsa. Rendelje meg saj\u00e1tj\u00e1t m\u00e9g ma, \u00e9s \u00e9lvezze a nyugalmat, tudva, hogy k\u00e9sz\u00fcl\u00e9ke v\u00e9dett a t\u00falmeleged\u00e9s ellen.<\/p>\n","protected":false},"excerpt":{"rendered":"<p>\u00c1ll\u00edtsa vissza HP Chromebook 11A G8 EE k\u00e9sz\u00fcl\u00e9k\u00e9nek optim\u00e1lis teljes\u00edtm\u00e9ny\u00e9t ezzel az eredeti alaplapi h\u0171t\u0151bord\u00e1val. A hat\u00e9kony h\u0151elvezet\u00e9sre tervezett kiv\u00e1l\u00f3 min\u0151s\u00e9g\u0171 h\u0171t\u0151borda-csere biztos\u00edtja a laptop z\u00f6kken\u0151mentes m\u0171k\u00f6d\u00e9s\u00e9t \u00e9s hossz\u00fa \u00e9lettartam\u00e1t.<\/p>\n","protected":false},"featured_media":8903,"template":"","meta":[],"product_brand":[],"product_cat":[33],"product_tag":[25],"class_list":{"0":"post-8844","1":"product","2":"type-product","3":"status-publish","4":"has-post-thumbnail","6":"product_cat-cpu-fans-heatsinks","7":"product_tag-hp","9":"first","10":"instock","11":"taxable","12":"shipping-taxable","13":"purchasable","14":"product-type-simple"},"_links":{"self":[{"href":"https:\/\/boreait.com\/hu\/wp-json\/wp\/v2\/product\/8844","targetHints":{"allow":["GET"]}}],"collection":[{"href":"https:\/\/boreait.com\/hu\/wp-json\/wp\/v2\/product"}],"about":[{"href":"https:\/\/boreait.com\/hu\/wp-json\/wp\/v2\/types\/product"}],"wp:featuredmedia":[{"embeddable":true,"href":"https:\/\/boreait.com\/hu\/wp-json\/wp\/v2\/media\/8903"}],"wp:attachment":[{"href":"https:\/\/boreait.com\/hu\/wp-json\/wp\/v2\/media?parent=8844"}],"wp:term":[{"taxonomy":"product_brand","embeddable":true,"href":"https:\/\/boreait.com\/hu\/wp-json\/wp\/v2\/product_brand?post=8844"},{"taxonomy":"product_cat","embeddable":true,"href":"https:\/\/boreait.com\/hu\/wp-json\/wp\/v2\/product_cat?post=8844"},{"taxonomy":"product_tag","embeddable":true,"href":"https:\/\/boreait.com\/hu\/wp-json\/wp\/v2\/product_tag?post=8844"}],"curies":[{"name":"wp","href":"https:\/\/api.w.org\/{rel}","templated":true}]}}