{"id":8843,"date":"2025-09-17T12:16:03","date_gmt":"2025-09-17T10:16:03","guid":{"rendered":"https:\/\/boreait.com\/hu\/?post_type=product&#038;p=8843"},"modified":"2025-09-17T12:17:08","modified_gmt":"2025-09-17T10:17:08","slug":"hp-chromebook-11a-g8-ee-alaplap-l92813-001-eredeti-laptop-alkatreszek","status":"publish","type":"product","link":"https:\/\/boreait.com\/hu\/termek\/hp-chromebook-11a-g8-ee-alaplap-l92813-001-eredeti-laptop-alkatreszek\/","title":{"rendered":"HP Chromebook 11A G8 EE alaplap L92813-001 eredeti laptop-alkatr\u00e9szek"},"content":{"rendered":"<p>Revitaliz\u00e1lja HP \u200b\u200bChromebook 11A G8 EE k\u00e9sz\u00fcl\u00e9k\u00e9t az eredeti HP Chromebook 11A G8 EE L92813-001 alaplappal. A prec\u00edzi\u00f3s tervez\u00e9s \u00e9s a kompatibilit\u00e1s szem el\u0151tt tart\u00e1s\u00e1val k\u00e9sz\u00fclt, ezt az alaplapcser\u00e9t \u00fagy tervezt\u00e9k, hogy z\u00f6kken\u0151mentesen illeszkedjen az eszk\u00f6zh\u00f6z, megb\u00edzhat\u00f3 teljes\u00edtm\u00e9nyt \u00e9s funkcionalit\u00e1st biztos\u00edtva.<\/p>\n<p>Ez az alaplap <strong>AMD A4-9120C<\/strong> CPU-val van felszerelve, amely hat\u00e9kony feldolgoz\u00e1si teljes\u00edtm\u00e9nyt biztos\u00edt a napi feladatok egyszer\u0171 elv\u00e9gz\u00e9s\u00e9hez. Ezenk\u00edv\u00fcl <strong>4 GB RAM-mal<\/strong> is rendelkezik, amely z\u00f6kken\u0151mentes t\u00f6bbfeladatos munk\u00e1t \u00e9s fokozott teljes\u00edtm\u00e9nyt tesz lehet\u0151v\u00e9. Ezenk\u00edv\u00fcl az alaplap tartalmaz egy <strong>32 GB eMMC<\/strong> t\u00e1rol\u00f3meghajt\u00f3t, amely b\u0151s\u00e9ges helyet k\u00edn\u00e1l az alapvet\u0151 alkalmaz\u00e1soknak \u00e9s f\u00e1jloknak.<\/p>\n<p>Eredeti HP-min\u0151s\u00e9ggel rendelkez\u0151 alaplapcsere ide\u00e1lis megold\u00e1s a Chromebook eredeti \u00e1llapot\u00e1nak vissza\u00e1ll\u00edt\u00e1s\u00e1ra. Ak\u00e1r probl\u00e9m\u00e1kat tapasztal jelenlegi alaplapj\u00e1val, ak\u00e1r friss\u00edt\u00e9st szeretne, ez az eredeti cserealkatr\u00e9sz megfelel a legmagasabb min\u0151s\u00e9gi \u00e9s kompatibilit\u00e1si k\u00f6vetelm\u00e9nyeknek.<\/p>\n<p>Egyszer\u0171en telep\u00edthet\u0151 \u00e9s tart\u00f3san meg\u00e9p\u00edtett alaplapcsere probl\u00e9mamentes megold\u00e1st k\u00edn\u00e1l laptopja jav\u00edt\u00e1si ig\u00e9nyeire. Strapab\u00edr\u00f3 fel\u00e9p\u00edt\u00e9s\u00e9nek \u00e9s megb\u00edzhat\u00f3 teljes\u00edtm\u00e9ny\u00e9nek k\u00f6sz\u00f6nhet\u0151en b\u00edzhat abban, hogy HP Chromebook 11A G8 EE k\u00e9sz\u00fcl\u00e9ke pillanatok alatt \u00fajra \u00fczemk\u00e9pes lesz.<\/p>\n<p>Az eredeti HP Chromebook 11A G8 EE L92813-001 alaplappal tapasztalja meg az eredeti HP-alkatr\u00e9szek \u00e1ltal ny\u00fajtott k\u00fcl\u00f6nbs\u00e9get, \u00e9s gondoskodjon arr\u00f3l, hogy laptopja tov\u00e1bbra is a legjobb teljes\u00edtm\u00e9nyt ny\u00fajtsa. Rendelje meg saj\u00e1tj\u00e1t m\u00e9g ma, \u00e9s magabiztosan \u00e1ll\u00edtsa vissza laptopja funkcionalit\u00e1s\u00e1t.<\/p>\n","protected":false},"excerpt":{"rendered":"<p>\u00c1ll\u00edtsa vissza HP Chromebook 11A G8 EE k\u00e9sz\u00fcl\u00e9k\u00e9nek optim\u00e1lis teljes\u00edtm\u00e9ny\u00e9t ezzel az eredeti alaplapcser\u00e9vel. A kompatibilit\u00e1sra \u00e9s megb\u00edzhat\u00f3s\u00e1gra tervezett kiv\u00e1l\u00f3 min\u0151s\u00e9g\u0171 alkatr\u00e9sz z\u00f6kken\u0151mentes funkcionalit\u00e1st biztos\u00edt, \u00edgy t\u00f6k\u00e9letes megold\u00e1s a laptopjav\u00edt\u00e1si ig\u00e9nyekhez.<\/p>\n","protected":false},"featured_media":8902,"template":"","meta":[],"product_brand":[],"product_cat":[27],"product_tag":[25],"class_list":{"0":"post-8843","1":"product","2":"type-product","3":"status-publish","4":"has-post-thumbnail","6":"product_cat-motherboards-board-parts","7":"product_tag-hp","9":"first","10":"instock","11":"taxable","12":"shipping-taxable","13":"purchasable","14":"product-type-simple"},"_links":{"self":[{"href":"https:\/\/boreait.com\/hu\/wp-json\/wp\/v2\/product\/8843","targetHints":{"allow":["GET"]}}],"collection":[{"href":"https:\/\/boreait.com\/hu\/wp-json\/wp\/v2\/product"}],"about":[{"href":"https:\/\/boreait.com\/hu\/wp-json\/wp\/v2\/types\/product"}],"wp:featuredmedia":[{"embeddable":true,"href":"https:\/\/boreait.com\/hu\/wp-json\/wp\/v2\/media\/8902"}],"wp:attachment":[{"href":"https:\/\/boreait.com\/hu\/wp-json\/wp\/v2\/media?parent=8843"}],"wp:term":[{"taxonomy":"product_brand","embeddable":true,"href":"https:\/\/boreait.com\/hu\/wp-json\/wp\/v2\/product_brand?post=8843"},{"taxonomy":"product_cat","embeddable":true,"href":"https:\/\/boreait.com\/hu\/wp-json\/wp\/v2\/product_cat?post=8843"},{"taxonomy":"product_tag","embeddable":true,"href":"https:\/\/boreait.com\/hu\/wp-json\/wp\/v2\/product_tag?post=8843"}],"curies":[{"name":"wp","href":"https:\/\/api.w.org\/{rel}","templated":true}]}}