{"id":8841,"date":"2025-09-17T12:16:02","date_gmt":"2025-09-17T10:16:02","guid":{"rendered":"https:\/\/boreait.com\/hu\/?post_type=product&#038;p=8841"},"modified":"2025-09-17T12:17:02","modified_gmt":"2025-09-17T10:17:02","slug":"hp-chromebook-11a-g8-ee-lcd-elolapfedel-laptop-alkatreszeinek-csereje","status":"publish","type":"product","link":"https:\/\/boreait.com\/hu\/termek\/hp-chromebook-11a-g8-ee-lcd-elolapfedel-laptop-alkatreszeinek-csereje\/","title":{"rendered":"HP Chromebook 11A G8 EE LCD el\u0151lapfed\u00e9l laptop alkatr\u00e9szeinek cser\u00e9je"},"content":{"rendered":"<p>Fokozza HP Chromebook 11A G8 EE megjelen\u00e9s\u00e9t \u00e9s v\u00e9delm\u00e9t ezzel a HP Chromebook 11A G8 EE LCD el\u0151lappal. A pontoss\u00e1g \u00e9s a tart\u00f3ss\u00e1g szem el\u0151tt tart\u00e1s\u00e1val k\u00e9sz\u00fclt, ez az el\u0151lapburkolat-csere z\u00f6kken\u0151mentes illeszked\u00e9st \u00e9s megb\u00edzhat\u00f3 teljes\u00edtm\u00e9nyt k\u00edn\u00e1l.<\/p>\n<p>Azt tervezt\u00e9k, hogy t\u00f6k\u00e9letesen kieg\u00e9sz\u00edtse Chromebookja k\u00e9perny\u0151j\u00e9t, \u00e9s ez az el\u0151lapi burkolat nemcsak az eszk\u00f6z eszt\u00e9tikai megjelen\u00e9s\u00e9t er\u0151s\u00edti, hanem alapvet\u0151 v\u00e9delmet is ny\u00fajt az LCD-kijelz\u0151 sz\u00e1m\u00e1ra. Ak\u00e1r a jelenlegi el\u0151lapi fedelet friss\u00edti, ak\u00e1r egy s\u00e9r\u00fcltet cser\u00e9l, ez a r\u00e9sz biztos\u00edtja, hogy laptopja k\u00e9perny\u0151je biztons\u00e1gos \u00e9s v\u00e9dett maradjon.<\/p>\n<p>Kiv\u00e1l\u00f3 min\u0151s\u00e9g\u0171 anyagokb\u00f3l k\u00e9sz\u00fclt, ez az el\u0151lapburkolat-csere \u00fagy k\u00e9sz\u00fclt, hogy ellen\u00e1lljon a napi kop\u00e1snak, \u00edgy biztos\u00edtva a hossz\u00fa t\u00e1v\u00fa tart\u00f3ss\u00e1got \u00e9s megb\u00edzhat\u00f3s\u00e1got. Az egyszer\u0171 telep\u00edt\u00e9si folyamat azt jelenti, hogy gyorsan \u00e9s k\u00f6nnyed\u00e9n friss\u00edtheti vagy cser\u00e9lheti az el\u0151lap fedel\u00e9t, gond n\u00e9lk\u00fcl.<\/p>\n<p>Helyezze vissza a HP Chromebook 11A G8 EE k\u00e9sz\u00fcl\u00e9ket az eredeti \u00e1llapot\u00e1ba, \u00e9s gondoskodjon arr\u00f3l, hogy k\u00e9perny\u0151je biztons\u00e1gban maradjon ezzel a HP Chromebook 11A G8 EE LCD el\u0151lappal. Rendelje meg saj\u00e1tj\u00e1t m\u00e9g ma, \u00e9s \u00e9lvezze a nyugalmat, tudv\u00e1n, hogy laptopja k\u00e9perny\u0151j\u00e9t min\u0151s\u00e9gi cserealkatr\u00e9sz v\u00e9di.<\/p>\n","protected":false},"excerpt":{"rendered":"<p>Friss\u00edtse vagy cser\u00e9lje ki HP Chromebook 11A G8 EE LCD el\u0151lapj\u00e1nak fedel\u00e9t ezzel a cserealkatr\u00e9szrel. A tart\u00f3s anyagokb\u00f3l k\u00e9sz\u00fclt, \u00e9s a t\u00f6k\u00e9letes illeszked\u00e9sre tervezt\u00e9k, ez az el\u0151lapfed\u00e9l biztos\u00edtja, hogy laptopja k\u00e9perny\u0151je v\u00e9dett \u00e9s biztons\u00e1gos maradjon.<\/p>\n","protected":false},"featured_media":8898,"template":"","meta":[],"product_brand":[],"product_cat":[16],"product_tag":[25],"class_list":{"0":"post-8841","1":"product","2":"type-product","3":"status-publish","4":"has-post-thumbnail","6":"product_cat-laptop-housing","7":"product_tag-hp","9":"first","10":"instock","11":"taxable","12":"shipping-taxable","13":"purchasable","14":"product-type-simple"},"_links":{"self":[{"href":"https:\/\/boreait.com\/hu\/wp-json\/wp\/v2\/product\/8841","targetHints":{"allow":["GET"]}}],"collection":[{"href":"https:\/\/boreait.com\/hu\/wp-json\/wp\/v2\/product"}],"about":[{"href":"https:\/\/boreait.com\/hu\/wp-json\/wp\/v2\/types\/product"}],"wp:featuredmedia":[{"embeddable":true,"href":"https:\/\/boreait.com\/hu\/wp-json\/wp\/v2\/media\/8898"}],"wp:attachment":[{"href":"https:\/\/boreait.com\/hu\/wp-json\/wp\/v2\/media?parent=8841"}],"wp:term":[{"taxonomy":"product_brand","embeddable":true,"href":"https:\/\/boreait.com\/hu\/wp-json\/wp\/v2\/product_brand?post=8841"},{"taxonomy":"product_cat","embeddable":true,"href":"https:\/\/boreait.com\/hu\/wp-json\/wp\/v2\/product_cat?post=8841"},{"taxonomy":"product_tag","embeddable":true,"href":"https:\/\/boreait.com\/hu\/wp-json\/wp\/v2\/product_tag?post=8841"}],"curies":[{"name":"wp","href":"https:\/\/api.w.org\/{rel}","templated":true}]}}