{"id":8840,"date":"2025-09-17T12:16:01","date_gmt":"2025-09-17T10:16:01","guid":{"rendered":"https:\/\/boreait.com\/hu\/?post_type=product&#038;p=8840"},"modified":"2026-01-31T07:03:40","modified_gmt":"2026-01-31T06:03:40","slug":"eredeti-hp-chromebook-11a-g8-ee-l98587-001-sps-akkumulatorvedo-keret-eredeti-alkatresz","status":"publish","type":"product","link":"https:\/\/boreait.com\/hu\/termek\/eredeti-hp-chromebook-11a-g8-ee-l98587-001-sps-akkumulatorvedo-keret-eredeti-alkatresz\/","title":{"rendered":"Eredeti HP Chromebook 11A G8 EE L98587-001 SPS-AKKUMUL\u00c1TORV\u00c9D\u0150 KERET Eredeti alkatr\u00e9sz"},"content":{"rendered":"<p>V\u00e9dje meg \u00e9s hosszabb\u00edtsa meg HP Chromebook 11A G8 EE k\u00e9sz\u00fcl\u00e9k\u00e9nek \u00e9lettartam\u00e1t az eredeti HP Chromebook 11A G8 EE L98587-001 SPS-AKKUMUL\u00c1TORV\u00c9DELMI KERETTEL. Ezt az eredeti alkatr\u00e9szt az OEM szabv\u00e1nyoknak megfelel\u0151en tervezt\u00e9k, hogy alapvet\u0151 v\u00e9delmet ny\u00fajtson eszk\u00f6ze akkumul\u00e1tor\u00e1nak, meg\u00f3vja azt a s\u00e9r\u00fcl\u00e9sekt\u0151l \u00e9s megb\u00edzhat\u00f3 teljes\u00edtm\u00e9nyt biztos\u00edtson.<\/p>\n<p>A tart\u00f3ss\u00e1gra \u00e9s kompatibilit\u00e1sra tervezett akkumul\u00e1torv\u00e9d\u0151 konzol t\u00f6k\u00e9letes megold\u00e1s a HP Chromebook 11A G8 EE s\u00e9rtetlens\u00e9g\u00e9nek meg\u0151rz\u00e9s\u00e9re. Ak\u00e1r egy s\u00e9r\u00fclt konzolt cser\u00e9l, ak\u00e1r egyszer\u0171en friss\u00edti az optim\u00e1lis v\u00e9delem \u00e9rdek\u00e9ben, ez az eredeti alkatr\u00e9sz nyugalmat \u00e9s megb\u00edzhat\u00f3s\u00e1got k\u00edn\u00e1l.<\/p>\n<p>K\u00f6nnyen telep\u00edthet\u0151 \u00e9s tart\u00f3san fel\u00e9p\u00edtett, ez az akkumul\u00e1torv\u00e9d\u0151 tart\u00f3 biztos\u00edtja, hogy HP Chromebook 11A G8 EE k\u00e9sz\u00fcl\u00e9ke kiv\u00e1l\u00f3 \u00e1llapotban maradjon, \u00e9s k\u00e9szen \u00e1lljon minden sz\u00e1m\u00edt\u00e1stechnikai ig\u00e9ny\u00e9re. B\u00edzzon az eredeti HP-alkatr\u00e9szek min\u0151s\u00e9g\u00e9ben \u00e9s megb\u00edzhat\u00f3s\u00e1g\u00e1ban, \u00e9s \u00f3vja befektet\u00e9s\u00e9t az Eredeti HP Chromebook 11A G8 EE L98587-001 SPS-AKKUMUL\u00c1TORV\u00c9DELMI KERETTEL.<\/p>\n","protected":false},"excerpt":{"rendered":"<p>Gondoskodjon HP Chromebook 11A G8 EE biztons\u00e1g\u00e1r\u00f3l \u00e9s hossz\u00fa \u00e9lettartam\u00e1r\u00f3l ezzel az eredeti akkumul\u00e1torv\u00e9d\u0151 konzollal. A pontos specifik\u00e1ci\u00f3k szerint k\u00e9sz\u00fclt eredeti alkatr\u00e9sz alapvet\u0151 v\u00e9delmet ny\u00fajt k\u00e9sz\u00fcl\u00e9ke akkumul\u00e1tor\u00e1nak, \u00edgy nyugalmat \u00e9s megb\u00edzhat\u00f3s\u00e1got biztos\u00edt.<\/p>\n","protected":false},"featured_media":8897,"template":"","meta":[],"product_brand":[],"product_cat":[16],"product_tag":[25],"class_list":{"0":"post-8840","1":"product","2":"type-product","3":"status-publish","4":"has-post-thumbnail","6":"product_cat-laptop-housing","7":"product_tag-hp","9":"first","10":"instock","11":"taxable","12":"shipping-taxable","13":"purchasable","14":"product-type-simple"},"_links":{"self":[{"href":"https:\/\/boreait.com\/hu\/wp-json\/wp\/v2\/product\/8840","targetHints":{"allow":["GET"]}}],"collection":[{"href":"https:\/\/boreait.com\/hu\/wp-json\/wp\/v2\/product"}],"about":[{"href":"https:\/\/boreait.com\/hu\/wp-json\/wp\/v2\/types\/product"}],"wp:featuredmedia":[{"embeddable":true,"href":"https:\/\/boreait.com\/hu\/wp-json\/wp\/v2\/media\/8897"}],"wp:attachment":[{"href":"https:\/\/boreait.com\/hu\/wp-json\/wp\/v2\/media?parent=8840"}],"wp:term":[{"taxonomy":"product_brand","embeddable":true,"href":"https:\/\/boreait.com\/hu\/wp-json\/wp\/v2\/product_brand?post=8840"},{"taxonomy":"product_cat","embeddable":true,"href":"https:\/\/boreait.com\/hu\/wp-json\/wp\/v2\/product_cat?post=8840"},{"taxonomy":"product_tag","embeddable":true,"href":"https:\/\/boreait.com\/hu\/wp-json\/wp\/v2\/product_tag?post=8840"}],"curies":[{"name":"wp","href":"https:\/\/api.w.org\/{rel}","templated":true}]}}