{"id":8839,"date":"2025-09-17T12:16:01","date_gmt":"2025-09-17T10:16:01","guid":{"rendered":"https:\/\/boreait.com\/hu\/?post_type=product&#038;p=8839"},"modified":"2025-09-17T12:16:55","modified_gmt":"2025-09-17T10:16:55","slug":"hp-chromebook-11a-g8-ee-11-g8-ee-l89768-001-bal-jobb-lcd-tarto-csuklos-laptop-alkatreszek","status":"publish","type":"product","link":"https:\/\/boreait.com\/hu\/termek\/hp-chromebook-11a-g8-ee-11-g8-ee-l89768-001-bal-jobb-lcd-tarto-csuklos-laptop-alkatreszek\/","title":{"rendered":"HP Chromebook 11A G8 EE 11 G8 EE L89768-001 Bal &amp; Jobb LCD tart\u00f3 &amp; Csukl\u00f3s laptop alkatr\u00e9szek"},"content":{"rendered":"<p>N\u00f6velje HP Chromebook 11A G8 EE teljes\u00edtm\u00e9ny\u00e9t \u00e9s \u00e9lettartam\u00e1t ezzel a HP Chromebook 11A G8 EE 11 G8 EE L89768-001 Bal &amp; Jobb LCD tart\u00f3 &amp; Zsan\u00e9r. A prec\u00edzi\u00f3s tervez\u00e9ssel \u00e9s eredeti HP-min\u0151s\u00e9ggel k\u00e9sz\u00fclt konzolok \u00e9s zsan\u00e9rok megb\u00edzhat\u00f3 megold\u00e1st jelentenek laptopja kijelz\u0151j\u00e9nek r\u00f6gz\u00edt\u00e9s\u00e9re.<\/p>\n<p>Kifejezetten a HP Chromebook 11A G8 EE sz\u00e1m\u00e1ra tervezett k\u00e9szlet a bal \u00e9s a jobb oldali tart\u00f3t \u00e9s zsan\u00e9rokat egyar\u00e1nt tartalmazza, \u00edgy t\u00f6k\u00e9letes illeszked\u00e9st \u00e9s z\u00f6kken\u0151mentes integr\u00e1ci\u00f3t biztos\u00edt az eszk\u00f6zzel. Ak\u00e1r s\u00e9r\u00fclt alkatr\u00e9szeket cser\u00e9l, ak\u00e1r laptopj\u00e1t friss\u00edti, ezek az eredeti HP alkatr\u00e9szek p\u00e1ratlan tart\u00f3ss\u00e1got \u00e9s stabilit\u00e1st k\u00edn\u00e1lnak.<\/p>\n<p>Az egyszer\u0171 telep\u00edt\u00e9snek \u00e9s a robusztus fel\u00e9p\u00edt\u00e9snek k\u00f6sz\u00f6nhet\u0151en ezek a konzolok \u00e9s zsan\u00e9rok \u00fagy k\u00e9sz\u00fcltek, hogy ellen\u00e1lljanak a mindennapi haszn\u00e1lat megterhel\u00e9s\u00e9nek, \u00edgy hosszan tart\u00f3 teljes\u00edtm\u00e9nyt \u00e9s nyugalmat biztos\u00edtanak. Mondjon b\u00facs\u00fat az ingatag kijelz\u0151knek \u00e9s az instabil zsan\u00e9roknak, \u00e9s \u00e9lvezze a biztons\u00e1gos \u00e9s stabil megtekint\u00e9si \u00e9lm\u00e9nyt ezekkel az eredeti HP alkatr\u00e9szekkel.<\/p>\n<p>Fekessen be HP Chromebook 11A G8 EE j\u00f6v\u0151j\u00e9be, \u00e9s biztos\u00edtson megb\u00edzhat\u00f3 kijelz\u0151t ezzel a HP Chromebook 11A G8 EE 11 G8 EE L89768-001 Bal &amp; Jobb LCD tart\u00f3 &amp; Zsan\u00e9r. Rendelje meg saj\u00e1tj\u00e1t m\u00e9g ma, \u00e9s tapasztalja meg az eredeti HP min\u0151s\u00e9g k\u00fcl\u00f6nbs\u00e9g\u00e9t.<\/p>\n","protected":false},"excerpt":{"rendered":"<p>Friss\u00edtse HP Chromebook 11A G8 EE k\u00e9sz\u00fcl\u00e9k\u00e9t ezzel a bal \u00e9s jobb oldali LCD tart\u00f3- \u00e9s zsan\u00e9rk\u00e9szlettel. Az egyszer\u0171 telep\u00edt\u00e9sre \u00e9s tart\u00f3ss\u00e1gra tervezett eredeti alkatr\u00e9szek biztons\u00e1gos \u00e9s stabil kijelz\u0151t biztos\u00edtanak laptopja sz\u00e1m\u00e1ra.<\/p>\n","protected":false},"featured_media":8896,"template":"","meta":[],"product_brand":[],"product_cat":[19],"product_tag":[25],"class_list":{"0":"post-8839","1":"product","2":"type-product","3":"status-publish","4":"has-post-thumbnail","6":"product_cat-screen-hinge","7":"product_tag-hp","9":"first","10":"instock","11":"taxable","12":"shipping-taxable","13":"purchasable","14":"product-type-simple"},"_links":{"self":[{"href":"https:\/\/boreait.com\/hu\/wp-json\/wp\/v2\/product\/8839","targetHints":{"allow":["GET"]}}],"collection":[{"href":"https:\/\/boreait.com\/hu\/wp-json\/wp\/v2\/product"}],"about":[{"href":"https:\/\/boreait.com\/hu\/wp-json\/wp\/v2\/types\/product"}],"wp:featuredmedia":[{"embeddable":true,"href":"https:\/\/boreait.com\/hu\/wp-json\/wp\/v2\/media\/8896"}],"wp:attachment":[{"href":"https:\/\/boreait.com\/hu\/wp-json\/wp\/v2\/media?parent=8839"}],"wp:term":[{"taxonomy":"product_brand","embeddable":true,"href":"https:\/\/boreait.com\/hu\/wp-json\/wp\/v2\/product_brand?post=8839"},{"taxonomy":"product_cat","embeddable":true,"href":"https:\/\/boreait.com\/hu\/wp-json\/wp\/v2\/product_cat?post=8839"},{"taxonomy":"product_tag","embeddable":true,"href":"https:\/\/boreait.com\/hu\/wp-json\/wp\/v2\/product_tag?post=8839"}],"curies":[{"name":"wp","href":"https:\/\/api.w.org\/{rel}","templated":true}]}}