{"id":8838,"date":"2025-09-17T12:16:00","date_gmt":"2025-09-17T10:16:00","guid":{"rendered":"https:\/\/boreait.com\/hu\/?post_type=product&#038;p=8838"},"modified":"2026-01-30T08:31:33","modified_gmt":"2026-01-30T07:31:33","slug":"csuklopant-burkolat-fits-hp-chromebook-11-g8-ee-11a-g8-ee-11mk-g9-ee-11-g9-11mk-g9-laptop-alkatreszek","status":"publish","type":"product","link":"https:\/\/boreait.com\/hu\/termek\/csuklopant-burkolat-fits-hp-chromebook-11-g8-ee-11a-g8-ee-11mk-g9-ee-11-g9-11mk-g9-laptop-alkatreszek\/","title":{"rendered":"Csukl\u00f3p\u00e1nt burkolat FITS HP Chromebook 11 G8 EE 11A G8 EE 11MK G9 EE 11 G9 11MK G9 laptop alkatr\u00e9szek"},"content":{"rendered":"<p>N\u00f6velje HP Chromebook 11 sorozat\u00fa laptopjai megjelen\u00e9s\u00e9t \u00e9s \u00e9lettartam\u00e1t ezzel a k\u00e9nyelmes, 5 darab zsan\u00e9rburkolattal. A G8 EE, 11A G8 EE, 11MK G9 EE \u00e9s m\u00e1s modellekhez illeszked\u0151 zsan\u00e9rburkolatok st\u00edlusos \u00e9s v\u00e9delmet ny\u00fajtanak k\u00e9sz\u00fcl\u00e9k\u00e9nek.<\/p>\n<p>A tart\u00f3s anyagokb\u00f3l k\u00e9sz\u00fclt zsan\u00e9rburkolatok \u00fagy lettek kialak\u00edtva, hogy ellen\u00e1lljanak a napi kop\u00e1snak, \u00edgy biztos\u00edtva a hossz\u00fa \u00e9lettartamot. Az eleg\u00e1ns kialak\u00edt\u00e1s egy csipetnyi eleganci\u00e1t k\u00f6lcs\u00f6n\u00f6z laptopj\u00e1nak, mik\u00f6zben extra v\u00e9delmet ny\u00fajt a zsan\u00e9roknak.<\/p>\n<p>K\u00f6nnyen felszerelhet\u0151 \u00e9s elt\u00e1vol\u00edthat\u00f3 zsan\u00e9rburkolatok probl\u00e9mamentes megold\u00e1st k\u00edn\u00e1lnak a HP Chromebook 11 sorozat\u00fa laptopok eszt\u00e9tik\u00e1j\u00e1nak \u00e9s funkcionalit\u00e1s\u00e1nak fokoz\u00e1s\u00e1ra. Ak\u00e1r ki akarja cser\u00e9lni a s\u00e9r\u00fclt zsan\u00e9rburkolatokat, ak\u00e1r egyszer\u0171en csak \u00faj k\u00fcls\u0151t szeretne adni k\u00e9sz\u00fcl\u00e9k\u00e9nek, ez az 5 burkolatot tartalmaz\u00f3 csomag biztosan megtal\u00e1lja a fedezetet.<\/p>\n<p>Bizonytalanul \u00e9rezheti mag\u00e1t, ha tudja, hogy HP Chromebook 11 sorozat\u00fa laptopjai j\u00f3l v\u00e9dettek ezekkel a kiv\u00e1l\u00f3 min\u0151s\u00e9g\u0171 csukl\u00f3p\u00e1ntokkal. Friss\u00edtse eszk\u00f6z\u00e9t m\u00e9g ma, \u00e9s \u00e9lvezze a megn\u00f6velt tart\u00f3ss\u00e1got \u00e9s st\u00edlust ezzel az 5 darab zsan\u00e9rburkolattal.<\/p>\n","protected":false},"excerpt":{"rendered":"<p>N\u00f6velje HP Chromebook 11 sorozat\u00fa laptopjainak tart\u00f3ss\u00e1g\u00e1t \u00e9s eszt\u00e9tik\u00e1j\u00e1t ezzel az 5 darab zsan\u00e9rburkolattal. A G8 EE, 11A G8 EE, 11MK G9 EE \u00e9s m\u00e1s modellekhez tervezett zsan\u00e9rburkolatok v\u00e9delmet \u00e9s eleg\u00e1ns megjelen\u00e9st biztos\u00edtanak eszk\u00f6z\u00e9nek.<\/p>\n","protected":false},"featured_media":8895,"template":"","meta":[],"product_brand":[],"product_cat":[16],"product_tag":[25],"class_list":{"0":"post-8838","1":"product","2":"type-product","3":"status-publish","4":"has-post-thumbnail","6":"product_cat-laptop-housing","7":"product_tag-hp","9":"first","10":"instock","11":"taxable","12":"shipping-taxable","13":"purchasable","14":"product-type-simple"},"_links":{"self":[{"href":"https:\/\/boreait.com\/hu\/wp-json\/wp\/v2\/product\/8838","targetHints":{"allow":["GET"]}}],"collection":[{"href":"https:\/\/boreait.com\/hu\/wp-json\/wp\/v2\/product"}],"about":[{"href":"https:\/\/boreait.com\/hu\/wp-json\/wp\/v2\/types\/product"}],"wp:featuredmedia":[{"embeddable":true,"href":"https:\/\/boreait.com\/hu\/wp-json\/wp\/v2\/media\/8895"}],"wp:attachment":[{"href":"https:\/\/boreait.com\/hu\/wp-json\/wp\/v2\/media?parent=8838"}],"wp:term":[{"taxonomy":"product_brand","embeddable":true,"href":"https:\/\/boreait.com\/hu\/wp-json\/wp\/v2\/product_brand?post=8838"},{"taxonomy":"product_cat","embeddable":true,"href":"https:\/\/boreait.com\/hu\/wp-json\/wp\/v2\/product_cat?post=8838"},{"taxonomy":"product_tag","embeddable":true,"href":"https:\/\/boreait.com\/hu\/wp-json\/wp\/v2\/product_tag?post=8838"}],"curies":[{"name":"wp","href":"https:\/\/api.w.org\/{rel}","templated":true}]}}