{"id":8824,"date":"2025-09-17T12:15:35","date_gmt":"2025-09-17T10:15:35","guid":{"rendered":"https:\/\/boreait.com\/hu\/?post_type=product&#038;p=8824"},"modified":"2025-09-17T12:16:49","modified_gmt":"2025-09-17T10:16:49","slug":"eredeti-hp-11-g8-ee-chromebook-felso-burkolat-eredeti-laptop-alkatreszek","status":"publish","type":"product","link":"https:\/\/boreait.com\/hu\/termek\/eredeti-hp-11-g8-ee-chromebook-felso-burkolat-eredeti-laptop-alkatreszek\/","title":{"rendered":"Eredeti HP 11 G8 EE Chromebook fels\u0151 burkolat, eredeti laptop-alkatr\u00e9szek"},"content":{"rendered":"<p>\u00dajra\u00e9lesztheti HP 11 G8 EE Chromebookja megjelen\u00e9s\u00e9t \u00e9s biztons\u00e1g\u00e1t az eredeti HP 11 G8 EE Chromebook fels\u0151 burkolat cser\u00e9j\u00e9vel. A pontoss\u00e1g \u00e9s a tart\u00f3ss\u00e1g szem el\u0151tt tart\u00e1s\u00e1val k\u00e9sz\u00fclt, ez az eredeti fels\u0151 burkolat csere \u00fagy lett kialak\u00edtva, hogy z\u00f6kken\u0151mentesen illeszkedjen az \u00d6n k\u00e9sz\u00fcl\u00e9k\u00e9hez, eszt\u00e9tikai megjelen\u00e9st \u00e9s v\u00e9delmet ny\u00fajtva.<\/p>\n<p>A HP-term\u00e9kek szinonim\u00e1ja min\u0151s\u00e9g\u00e9vel \u00e9s megb\u00edzhat\u00f3s\u00e1g\u00e1val ez a fels\u0151 bor\u00edt\u00e1s ide\u00e1lis megold\u00e1s Chromebookja eredeti megjelen\u00e9s\u00e9nek vissza\u00e1ll\u00edt\u00e1s\u00e1ra. Ak\u00e1r s\u00e9r\u00fclt, ak\u00e1r elhaszn\u00e1l\u00f3dott, vagy egyszer\u0171en csak friss\u00edt\u00e9sre szorul, ez az eredeti cserealkatr\u00e9sz t\u00f6k\u00e9letes illeszked\u00e9st \u00e9s probl\u00e9mamentes telep\u00edt\u00e9st biztos\u00edt.<\/p>\n<p>A tart\u00f3s anyagokb\u00f3l k\u00e9sz\u00fclt fels\u0151 burkolat csere hosszan tart\u00f3 teljes\u00edtm\u00e9nyt \u00e9s nyugalmat k\u00edn\u00e1l. V\u00e9dje HP 11 G8 EE Chromebookj\u00e1t a karcol\u00e1sokt\u00f3l, karcol\u00e1sokt\u00f3l \u00e9s egy\u00e9b s\u00e9r\u00fcl\u00e9sekt\u0151l, mik\u00f6zben meg\u0151rzi karcs\u00fa \u00e9s professzion\u00e1lis megjelen\u00e9s\u00e9t.<\/p>\n<p>Tapasztalja meg az eredeti HP-alkatr\u00e9szek \u00e1ltal ny\u00fajtott k\u00fcl\u00f6nbs\u00e9get, \u00e9s gondoskodjon arr\u00f3l, hogy Chromebookja tov\u00e1bbra is a legjobb megjelen\u00e9st \u00e9s teljes\u00edtm\u00e9nyt ny\u00fajtsa az eredeti HP 11 G8 EE Chromebook fels\u0151 burkolat cser\u00e9j\u00e9vel. Rendelje meg saj\u00e1tj\u00e1t m\u00e9g ma, \u00e9s magabiztosan \u00e1ll\u00edtsa vissza Chromebookja megjelen\u00e9s\u00e9t.<\/p>\n","protected":false},"excerpt":{"rendered":"<p>\u00c1ll\u00edtsa vissza HP 11 G8 EE Chromebookj\u00e1nak eleg\u00e1ns megjelen\u00e9s\u00e9t \u00e9s v\u00e9delm\u00e9t ezzel az eredeti fed\u0151lapcser\u00e9vel. Min\u0151s\u00e9gi anyagokkal \u00e9s prec\u00edzi\u00f3s tervez\u00e9ssel k\u00e9sz\u00fclt, ez a burkolat t\u00f6k\u00e9letes illeszked\u00e9st \u00e9s egyszer\u0171 felszerel\u00e9st biztos\u00edt.<\/p>\n","protected":false},"featured_media":8885,"template":"","meta":[],"product_brand":[],"product_cat":[16],"product_tag":[25],"class_list":{"0":"post-8824","1":"product","2":"type-product","3":"status-publish","4":"has-post-thumbnail","6":"product_cat-laptop-housing","7":"product_tag-hp","9":"first","10":"instock","11":"taxable","12":"shipping-taxable","13":"purchasable","14":"product-type-simple"},"_links":{"self":[{"href":"https:\/\/boreait.com\/hu\/wp-json\/wp\/v2\/product\/8824","targetHints":{"allow":["GET"]}}],"collection":[{"href":"https:\/\/boreait.com\/hu\/wp-json\/wp\/v2\/product"}],"about":[{"href":"https:\/\/boreait.com\/hu\/wp-json\/wp\/v2\/types\/product"}],"wp:featuredmedia":[{"embeddable":true,"href":"https:\/\/boreait.com\/hu\/wp-json\/wp\/v2\/media\/8885"}],"wp:attachment":[{"href":"https:\/\/boreait.com\/hu\/wp-json\/wp\/v2\/media?parent=8824"}],"wp:term":[{"taxonomy":"product_brand","embeddable":true,"href":"https:\/\/boreait.com\/hu\/wp-json\/wp\/v2\/product_brand?post=8824"},{"taxonomy":"product_cat","embeddable":true,"href":"https:\/\/boreait.com\/hu\/wp-json\/wp\/v2\/product_cat?post=8824"},{"taxonomy":"product_tag","embeddable":true,"href":"https:\/\/boreait.com\/hu\/wp-json\/wp\/v2\/product_tag?post=8824"}],"curies":[{"name":"wp","href":"https:\/\/api.w.org\/{rel}","templated":true}]}}