{"id":8823,"date":"2025-09-17T12:15:35","date_gmt":"2025-09-17T10:15:35","guid":{"rendered":"https:\/\/boreait.com\/hu\/?post_type=product&#038;p=8823"},"modified":"2025-09-17T12:16:45","modified_gmt":"2025-09-17T10:16:45","slug":"eredeti-hp-11-g8-ee-chromebook-also-burkolatanak-cserealkatreszei","status":"publish","type":"product","link":"https:\/\/boreait.com\/hu\/termek\/eredeti-hp-11-g8-ee-chromebook-also-burkolatanak-cserealkatreszei\/","title":{"rendered":"Eredeti HP 11 G8 EE Chromebook als\u00f3 burkolat\u00e1nak cserealkatr\u00e9szei"},"content":{"rendered":"<p>V\u00e9dje meg \u00e9s fokozza HP 11 G8 EE Chromebookja teljes\u00edtm\u00e9ny\u00e9t az eredeti HP 11 G8 EE Chromebook als\u00f3 burkolat\u00e1nak cser\u00e9j\u00e9vel. A pontoss\u00e1g \u00e9s a tart\u00f3ss\u00e1g szem el\u0151tt tart\u00e1s\u00e1val k\u00e9sz\u00fclt ez az als\u00f3 burkolatcsere, amelyet \u00fagy terveztek, hogy z\u00f6kken\u0151mentesen integr\u00e1l\u00f3djon a Chromebookba, \u00edgy biztos\u00edtva a szoros illeszked\u00e9st \u00e9s a bels\u0151 alkatr\u00e9szek optim\u00e1lis v\u00e9delm\u00e9t.<\/p>\n<p>Kiv\u00e1l\u00f3 min\u0151s\u00e9g\u0171 anyagokb\u00f3l k\u00e9sz\u00fclt, ez az als\u00f3 burkolatcsere ugyanolyan szint\u0171 megb\u00edzhat\u00f3s\u00e1got \u00e9s tart\u00f3ss\u00e1got k\u00edn\u00e1l, mint az eredeti alkatr\u00e9sz. Ak\u00e1r s\u00e9r\u00fclt, ak\u00e1r elhaszn\u00e1l\u00f3dott a jelenlegi als\u00f3 burkolat, ez az eredeti csere t\u00f6k\u00e9letes megold\u00e1st k\u00edn\u00e1l Chromebookj\u00e1nak eredeti \u00e1llapot\u00e1nak vissza\u00e1ll\u00edt\u00e1s\u00e1ra.<\/p>\n<p>A telep\u00edt\u00e9s gyors \u00e9s probl\u00e9mamentes, \u00edgy pillanatok alatt \u00fajra \u00fczembe helyezheti HP 11 G8 EE Chromebookj\u00e1t. Egyszer\u0171en t\u00e1vol\u00edtsa el a r\u00e9gi als\u00f3 fedelet, \u00e9s cser\u00e9lje ki erre az eredeti cser\u00e9re a t\u00f6k\u00e9letes illeszked\u00e9s \u00e9s a megb\u00edzhat\u00f3 teljes\u00edtm\u00e9ny \u00e9rdek\u00e9ben.<\/p>\n<p>Ne k\u00f6ss\u00f6n kompromisszumot a min\u0151s\u00e9g ter\u00e9n, amikor HP 11 G8 EE Chromebookja v\u00e9delm\u00e9r\u0151l van sz\u00f3. B\u00edzzon az eredeti HP 11 G8 EE Chromebook als\u00f3 burkolat\u00e1nak cser\u00e9j\u00e9ben, hogy k\u00e9sz\u00fcl\u00e9ke biztons\u00e1gban \u00e9s m\u0171k\u00f6d\u0151k\u00e9pes maradjon az elk\u00f6vetkez\u0151 \u00e9vekben. Rendeljen most, \u00e9s \u00e9lvezze a nyugalmat, tudva, hogy Chromebookja megfelel\u0151en v\u00e9dett.<\/p>\n","protected":false},"excerpt":{"rendered":"<p>\u00c1ll\u00edtsa vissza HP 11 G8 EE Chromebookja s\u00e9rtetlens\u00e9g\u00e9t ezzel az eredeti als\u00f3 bor\u00edt\u00e1ssal. A t\u00f6k\u00e9letes illeszked\u00e9sre \u00e9s az egyszer\u0171 telep\u00edt\u00e9sre kialak\u00edtott eredeti alkatr\u00e9sz biztos\u00edtja, hogy laptopja v\u00e9dett \u00e9s m\u0171k\u00f6d\u0151k\u00e9pes maradjon.<\/p>\n","protected":false},"featured_media":8883,"template":"","meta":[],"product_brand":[],"product_cat":[16],"product_tag":[25],"class_list":{"0":"post-8823","1":"product","2":"type-product","3":"status-publish","4":"has-post-thumbnail","6":"product_cat-laptop-housing","7":"product_tag-hp","9":"first","10":"instock","11":"taxable","12":"shipping-taxable","13":"purchasable","14":"product-type-simple"},"_links":{"self":[{"href":"https:\/\/boreait.com\/hu\/wp-json\/wp\/v2\/product\/8823","targetHints":{"allow":["GET"]}}],"collection":[{"href":"https:\/\/boreait.com\/hu\/wp-json\/wp\/v2\/product"}],"about":[{"href":"https:\/\/boreait.com\/hu\/wp-json\/wp\/v2\/types\/product"}],"wp:featuredmedia":[{"embeddable":true,"href":"https:\/\/boreait.com\/hu\/wp-json\/wp\/v2\/media\/8883"}],"wp:attachment":[{"href":"https:\/\/boreait.com\/hu\/wp-json\/wp\/v2\/media?parent=8823"}],"wp:term":[{"taxonomy":"product_brand","embeddable":true,"href":"https:\/\/boreait.com\/hu\/wp-json\/wp\/v2\/product_brand?post=8823"},{"taxonomy":"product_cat","embeddable":true,"href":"https:\/\/boreait.com\/hu\/wp-json\/wp\/v2\/product_cat?post=8823"},{"taxonomy":"product_tag","embeddable":true,"href":"https:\/\/boreait.com\/hu\/wp-json\/wp\/v2\/product_tag?post=8823"}],"curies":[{"name":"wp","href":"https:\/\/api.w.org\/{rel}","templated":true}]}}