{"id":8822,"date":"2025-09-17T12:15:35","date_gmt":"2025-09-17T10:15:35","guid":{"rendered":"https:\/\/boreait.com\/hu\/?post_type=product&#038;p=8822"},"modified":"2025-09-17T12:16:41","modified_gmt":"2025-09-17T10:16:41","slug":"hp-11-g8-ee-chromebook-b116xan06-3-lcd-kepernyos-kijelzo-cserealkatreszek-laptop-alkatreszek","status":"publish","type":"product","link":"https:\/\/boreait.com\/hu\/termek\/hp-11-g8-ee-chromebook-b116xan06-3-lcd-kepernyos-kijelzo-cserealkatreszek-laptop-alkatreszek\/","title":{"rendered":"HP 11 G8 EE Chromebook B116XAN06.3 LCD k\u00e9perny\u0151s kijelz\u0151 cserealkatr\u00e9szek laptop alkatr\u00e9szek"},"content":{"rendered":"<p>Fokozza a megtekint\u00e9si \u00e9lm\u00e9nyt, \u00e9s \u00e1ll\u00edtsa vissza HP 11 G8 EE Chromebook B116XAN06.3 funkcionalit\u00e1s\u00e1t ezzel a HP 11 G8 EE Chromebook B116XAN06.3 LCD-k\u00e9perny\u0151s kijelz\u0151 cserealkatr\u00e9sz\u00e9vel. Ak\u00e1r jelenlegi kijelz\u0151j\u00e9t szeretn\u00e9 friss\u00edteni, ak\u00e1r s\u00e9r\u00fclt vagy rosszul m\u0171k\u00f6d\u0151 k\u00e9perny\u0151t szeretne cser\u00e9lni, ez a kiv\u00e1l\u00f3 min\u0151s\u00e9g\u0171 cserealkatr\u00e9sz t\u00f6k\u00e9letes megold\u00e1st k\u00edn\u00e1l.<\/p>\n<p>A B116XAN06.3 k\u00e9perny\u0151 f\u0151bb jellemz\u0151i a k\u00f6vetkez\u0151k:<\/p>\n<p>&#8211; **HD felbont\u00e1s:** \u00c9lvezze a leny\u0171g\u00f6z\u0151 tisztas\u00e1got az 1366&#215;768-as felbont\u00e1ssal, \u00edgy minden r\u00e9szlet \u00e9les \u00e9s tiszta lesz.<\/p>\n<p>&#8211; **IPS technol\u00f3gia:** Tapasztalja meg a sz\u00e9les betekint\u00e9si sz\u00f6geket \u00e9s az egyenletes sz\u00ednvisszaad\u00e1st az In-Plane Switching (IPS) technol\u00f3gi\u00e1val.<\/p>\n<p>&#8211; **30 t\u0171s EDP-csatlakoz\u00f3:** Z\u00f6kken\u0151mentes kompatibilit\u00e1st biztos\u00edt HP 11 G8 EE Chromebook laptopj\u00e1val.<\/p>\n<p>&#8211; **LED h\u00e1tt\u00e9rvil\u00e1g\u00edt\u00e1s:** Energiatakar\u00e9kos megvil\u00e1g\u00edt\u00e1st biztos\u00edt, cs\u00f6kkenti az energiafogyaszt\u00e1st, mik\u00f6zben f\u00e9nyes \u00e9s \u00e9l\u00e9nk k\u00e9peket biztos\u00edt.<\/p>\n<p>A pontoss\u00e1g \u00e9s a tart\u00f3ss\u00e1g szem el\u0151tt tart\u00e1s\u00e1val k\u00e9sz\u00fclt ez az LCD-k\u00e9perny\u0151, amely \u00e9les, tiszta k\u00e9pet \u00e9s \u00e9l\u00e9nk sz\u00edneket biztos\u00edt, lehet\u0151v\u00e9 t\u00e9ve, hogy a lehet\u0151 legteljesebb m\u00e9rt\u00e9kben \u00e9lvezhesse Chromebookja tartalm\u00e1t. Z\u00f6kken\u0151mentes kompatibilit\u00e1sa \u00e9s egyszer\u0171 telep\u00edt\u00e9si folyamata r\u00e9v\u00e9n a kijelz\u0151 friss\u00edt\u00e9se vagy cser\u00e9je m\u00e9g soha nem volt ilyen egyszer\u0171.<\/p>\n<p>A legmagasabb min\u0151s\u00e9gi \u00e9s teljes\u00edtm\u00e9nyi k\u00f6vetelm\u00e9nyeknek megfelel\u0151en kialak\u00edtott LCD-kijelz\u0151 megb\u00edzhat\u00f3 m\u0171k\u00f6d\u00e9st \u00e9s hossz\u00fa \u00e9lettartamot biztos\u00edt. Ak\u00e1r munk\u00e1ra, ak\u00e1r iskol\u00e1ba, ak\u00e1r sz\u00f3rakoz\u00e1sra haszn\u00e1lja Chromebookj\u00e1t, b\u00edzhat benne, hogy ez a kijelz\u0151 nap mint nap kiv\u00e9teles teljes\u00edtm\u00e9nyt ny\u00fajt.<\/p>\n<p>Helyezze vissza HP 11 G8 EE Chromebook B116XAN06.3 eszk\u00f6z\u00e9t teljes potenci\u00e1lj\u00e1hoz, \u00e9s \u00e9lvezze a mag\u00e1val ragad\u00f3 megtekint\u00e9si \u00e9lm\u00e9nyt ezzel a HP 11 G8 EE Chromebook B116XAN06.3 LCD-k\u00e9perny\u0151s kijelz\u0151 cserealkatr\u00e9sz\u00e9vel. Friss\u00edtse vagy cser\u00e9lje ki kijelz\u0151j\u00e9t m\u00e9g ma, \u00e9s magabiztosan jav\u00edtja Chromebookja \u00e9lm\u00e9ny\u00e9t.<\/p>\n<p>&nbsp;<\/p>\n","protected":false},"excerpt":{"rendered":"<p>Friss\u00edtse vagy cser\u00e9lje ki HP 11 G8 EE Chromebook B116XAN06.3 LCD k\u00e9perny\u0151j\u00e9t ezzel a cserealkatr\u00e9szrel. \u00c9lvezze az \u00e9les, tiszta l\u00e1tv\u00e1nyt \u00e9s a z\u00f6kken\u0151mentes teljes\u00edtm\u00e9nyt ezzel a kiv\u00e1l\u00f3 min\u0151s\u00e9g\u0171 kijelz\u0151vel, amelyet az egyszer\u0171 telep\u00edt\u00e9sre terveztek.<\/p>\n","protected":false},"featured_media":8881,"template":"","meta":[],"product_brand":[],"product_cat":[75,21],"product_tag":[25],"class_list":{"0":"post-8822","1":"product","2":"type-product","3":"status-publish","4":"has-post-thumbnail","6":"product_cat-11-6","7":"product_cat-laptop-screens-lcd-panels","8":"product_tag-hp","10":"first","11":"instock","12":"taxable","13":"shipping-taxable","14":"purchasable","15":"product-type-simple"},"_links":{"self":[{"href":"https:\/\/boreait.com\/hu\/wp-json\/wp\/v2\/product\/8822","targetHints":{"allow":["GET"]}}],"collection":[{"href":"https:\/\/boreait.com\/hu\/wp-json\/wp\/v2\/product"}],"about":[{"href":"https:\/\/boreait.com\/hu\/wp-json\/wp\/v2\/types\/product"}],"wp:featuredmedia":[{"embeddable":true,"href":"https:\/\/boreait.com\/hu\/wp-json\/wp\/v2\/media\/8881"}],"wp:attachment":[{"href":"https:\/\/boreait.com\/hu\/wp-json\/wp\/v2\/media?parent=8822"}],"wp:term":[{"taxonomy":"product_brand","embeddable":true,"href":"https:\/\/boreait.com\/hu\/wp-json\/wp\/v2\/product_brand?post=8822"},{"taxonomy":"product_cat","embeddable":true,"href":"https:\/\/boreait.com\/hu\/wp-json\/wp\/v2\/product_cat?post=8822"},{"taxonomy":"product_tag","embeddable":true,"href":"https:\/\/boreait.com\/hu\/wp-json\/wp\/v2\/product_tag?post=8822"}],"curies":[{"name":"wp","href":"https:\/\/api.w.org\/{rel}","templated":true}]}}