{"id":8821,"date":"2025-09-17T12:15:35","date_gmt":"2025-09-17T10:15:35","guid":{"rendered":"https:\/\/boreait.com\/hu\/?post_type=product&#038;p=8821"},"modified":"2026-01-30T08:31:17","modified_gmt":"2026-01-30T07:31:17","slug":"ibm-lenovo-thinkpad-t430s-t420s-laptop-ram-4-gb-1rx8-pc3l-12800s-11-12-b4-memoriamodul","status":"publish","type":"product","link":"https:\/\/boreait.com\/hu\/termek\/ibm-lenovo-thinkpad-t430s-t420s-laptop-ram-4-gb-1rx8-pc3l-12800s-11-12-b4-memoriamodul\/","title":{"rendered":"IBM Lenovo Thinkpad T430S T420S laptop RAM 4 GB 1Rx8 PC3L-12800S-11-12-B4 mem\u00f3riamodul"},"content":{"rendered":"<p>N\u00f6velje IBM Lenovo Thinkpad T430S vagy T420S laptopja sebess\u00e9g\u00e9t \u00e9s hat\u00e9konys\u00e1g\u00e1t az IBM Lenovo Thinkpad T430S T420S laptop RAM 4 GB 1Rx8 PC3L-12800S-11-12-B4 mem\u00f3riamodullal. A fokozott teljes\u00edtm\u00e9ny \u00e9s megb\u00edzhat\u00f3s\u00e1g biztos\u00edt\u00e1s\u00e1ra tervezett mem\u00f3riamodul t\u00f6k\u00e9letes friss\u00edt\u00e9s laptopj\u00e1hoz.<\/p>\n<p>4 GB kapacit\u00e1s\u00e1val \u00e9s PC3L-12800S-11-12-B4 sebess\u00e9g\u00e9vel ez a RAM-modul t\u00f6bbfeladatos munkav\u00e9gz\u00e9sre van optimaliz\u00e1lva, \u00edgy lehet\u0151v\u00e9 teszi t\u00f6bb alkalmaz\u00e1s egyidej\u0171 futtat\u00e1s\u00e1t a rendszer lelass\u00edt\u00e1sa n\u00e9lk\u00fcl. Legyen sz\u00f3 \u00fczleti szakemberr\u0151l, di\u00e1kr\u00f3l vagy alkalmi felhaszn\u00e1l\u00f3r\u00f3l, ez a mem\u00f3riab\u0151v\u00edt\u00e9s jelent\u0151sen jav\u00edtja a sz\u00e1m\u00edt\u00e1stechnikai \u00e9lm\u00e9nyt.<\/p>\n<p>A telep\u00edt\u00e9s gyors \u00e9s egyszer\u0171, \u00edgy k\u00e9nyelmesen b\u0151v\u00edtheti laptopja mem\u00f3ri\u00e1j\u00e1t an\u00e9lk\u00fcl, hogy professzion\u00e1lis seg\u00edts\u00e9gre lenne sz\u00fcks\u00e9ge. Egyszer\u0171en helyezze be a modult a megfelel\u0151 ny\u00edl\u00e1sba, \u00e9s \u00e9lvezze az azonnali teljes\u00edtm\u00e9nyn\u00f6veked\u00e9st.<\/p>\n<p>Az IBM Lenovo min\u0151s\u00e9gi \u00e9s megb\u00edzhat\u00f3s\u00e1gi h\u00edrnev\u00e9nek k\u00f6sz\u00f6nhet\u0151en b\u00edzhat abban, hogy ez a mem\u00f3riamodul \u00e9vekig megb\u00edzhat\u00f3 szolg\u00e1ltat\u00e1st ny\u00fajt. Friss\u00edtse IBM Lenovo Thinkpad T430S vagy T420S laptopj\u00e1t m\u00e9g ma, \u00e9s tapasztalja meg a gyorsabb, g\u00f6rd\u00fcl\u00e9kenyebb teljes\u00edtm\u00e9nyt minden sz\u00e1m\u00edt\u00e1stechnikai ig\u00e9ny\u00e9nek kiel\u00e9g\u00edt\u00e9s\u00e9re.<\/p>\n","protected":false},"excerpt":{"rendered":"<p>N\u00f6velje IBM Lenovo Thinkpad T430S vagy T420S laptopja teljes\u00edtm\u00e9ny\u00e9t ezzel a 4 GB RAM modullal. A z\u00f6kken\u0151mentes kompatibilit\u00e1sra \u00e9s megb\u00edzhat\u00f3 teljes\u00edtm\u00e9nyre tervezett mem\u00f3riamodul jav\u00edtja a t\u00f6bbfeladatos k\u00e9pess\u00e9geket \u00e9s a rendszer \u00e1ltal\u00e1nos v\u00e1laszk\u00e9szs\u00e9g\u00e9t.<\/p>\n","protected":false},"featured_media":8880,"template":"","meta":[],"product_brand":[],"product_cat":[37,36],"product_tag":[],"class_list":{"0":"post-8821","1":"product","2":"type-product","3":"status-publish","4":"has-post-thumbnail","6":"product_cat-ddr3-ddr3l","7":"product_cat-ram-memory","9":"first","10":"instock","11":"taxable","12":"shipping-taxable","13":"purchasable","14":"product-type-simple"},"_links":{"self":[{"href":"https:\/\/boreait.com\/hu\/wp-json\/wp\/v2\/product\/8821","targetHints":{"allow":["GET"]}}],"collection":[{"href":"https:\/\/boreait.com\/hu\/wp-json\/wp\/v2\/product"}],"about":[{"href":"https:\/\/boreait.com\/hu\/wp-json\/wp\/v2\/types\/product"}],"wp:featuredmedia":[{"embeddable":true,"href":"https:\/\/boreait.com\/hu\/wp-json\/wp\/v2\/media\/8880"}],"wp:attachment":[{"href":"https:\/\/boreait.com\/hu\/wp-json\/wp\/v2\/media?parent=8821"}],"wp:term":[{"taxonomy":"product_brand","embeddable":true,"href":"https:\/\/boreait.com\/hu\/wp-json\/wp\/v2\/product_brand?post=8821"},{"taxonomy":"product_cat","embeddable":true,"href":"https:\/\/boreait.com\/hu\/wp-json\/wp\/v2\/product_cat?post=8821"},{"taxonomy":"product_tag","embeddable":true,"href":"https:\/\/boreait.com\/hu\/wp-json\/wp\/v2\/product_tag?post=8821"}],"curies":[{"name":"wp","href":"https:\/\/api.w.org\/{rel}","templated":true}]}}