{"id":8820,"date":"2025-09-17T12:15:35","date_gmt":"2025-09-17T10:15:35","guid":{"rendered":"https:\/\/boreait.com\/hu\/?post_type=product&#038;p=8820"},"modified":"2026-01-30T08:31:01","modified_gmt":"2026-01-30T07:31:01","slug":"eredeti-lenovo-thinkpad-t430s-hazfedel-ajto-60-4qz20-001-laptop-alkatreszek","status":"publish","type":"product","link":"https:\/\/boreait.com\/hu\/termek\/eredeti-lenovo-thinkpad-t430s-hazfedel-ajto-60-4qz20-001-laptop-alkatreszek\/","title":{"rendered":"Eredeti Lenovo ThinkPad T430s h\u00e1zfed\u00e9l ajt\u00f3 60.4QZ20.001 laptop alkatr\u00e9szek"},"content":{"rendered":"<p>Adjon friss megjelen\u00e9st \u00e9s \u00e9rzetet Lenovo ThinkPad T430s k\u00e9sz\u00fcl\u00e9k\u00e9nek az Eredeti Lenovo ThinkPad T430s 60.4QZ20.001 h\u00e1zfed\u00e9lajt\u00f3val. A prec\u00edzi\u00f3s tervez\u00e9ssel, hogy illeszkedjen az eredeti kialak\u00edt\u00e1shoz, ez az alv\u00e1zfed\u00e9l ajt\u00f3csere z\u00f6kken\u0151mentes illeszked\u00e9st \u00e9s probl\u00e9mamentes telep\u00edt\u00e9si folyamatot k\u00edn\u00e1l.<\/p>\n<p>A tart\u00f3s anyagokb\u00f3l k\u00e9sz\u00fclt, \u00e9s a Lenovo min\u0151s\u00e9gi h\u00edrnev\u00e9t t\u00e1masztja al\u00e1, ez a h\u00e1zburkolat-ajt\u00f3 \u00fagy k\u00e9sz\u00fclt, hogy ellen\u00e1lljon a mindennapi kop\u00e1snak, \u00edgy biztos\u00edtva a hossz\u00fa t\u00e1v\u00fa teljes\u00edtm\u00e9nyt \u00e9s megb\u00edzhat\u00f3s\u00e1got. Legyen sz\u00f3 s\u00e9r\u00fclt burkolat cser\u00e9j\u00e9r\u0151l vagy egyszer\u0171en csak laptopja megjelen\u00e9s\u00e9nek jav\u00edt\u00e1s\u00e1r\u00f3l, ez az eredeti Lenovo alkatr\u00e9sz kiv\u00e9teles \u00e9rt\u00e9ket \u00e9s nyugalmat biztos\u00edt.<\/p>\n<p>K\u00f6nnyen vissza\u00e1ll\u00edthatja laptopja eleg\u00e1ns \u00e9s professzion\u00e1lis megjelen\u00e9s\u00e9t ennek az eredeti h\u00e1zfed\u00e9lajt\u00f3nak az egyszer\u0171 beszerel\u00e9si folyamat\u00e1nak k\u00f6sz\u00f6nhet\u0151en. Pontos illeszked\u00e9s\u00e9nek \u00e9s tart\u00f3s fel\u00e9p\u00edt\u00e9s\u00e9nek k\u00f6sz\u00f6nhet\u0151en b\u00edzhat abban, hogy Lenovo ThinkPad T430-asa \u00e9vekig a legjobban fog kin\u00e9zni \u00e9s a legjobb teljes\u00edtm\u00e9nyt ny\u00fajtani.<\/p>\n<p>Tapasztalja meg azt a k\u00fcl\u00f6nbs\u00e9get, hogy az eredeti Lenovo alkatr\u00e9szek jav\u00edthatj\u00e1k laptopja \u00e1ltal\u00e1nos eszt\u00e9tik\u00e1j\u00e1t az Eredeti Lenovo ThinkPad T430s h\u00e1zfed\u00e9l 60.4QZ20.001 ajt\u00f3val. Rendelje meg saj\u00e1tj\u00e1t m\u00e9g ma, \u00e9s \u00e9lvezze a z\u00f6kken\u0151mentes jav\u00edt\u00e1si \u00e9lm\u00e9nyt.<\/p>\n","protected":false},"excerpt":{"rendered":"<p>Ezzel az eredeti h\u00e1zfed\u00e9lajt\u00f3val \u00e1ll\u00edtsa vissza Lenovo ThinkPad T430s eleg\u00e1ns megjelen\u00e9s\u00e9t. A pontos specifik\u00e1ci\u00f3k szerint megalkotott kiv\u00e1l\u00f3 min\u0151s\u00e9g\u0171 cserealkatr\u00e9sz t\u00f6k\u00e9letes illeszked\u00e9st \u00e9s z\u00f6kken\u0151mentes integr\u00e1ci\u00f3t biztos\u00edt, \u00edgy ide\u00e1lis megold\u00e1s laptopjav\u00edt\u00e1si ig\u00e9nyeire.<\/p>\n","protected":false},"featured_media":8878,"template":"","meta":[],"product_brand":[],"product_cat":[16],"product_tag":[26],"class_list":{"0":"post-8820","1":"product","2":"type-product","3":"status-publish","4":"has-post-thumbnail","6":"product_cat-laptop-housing","7":"product_tag-lenovo","9":"first","10":"instock","11":"taxable","12":"shipping-taxable","13":"purchasable","14":"product-type-simple"},"_links":{"self":[{"href":"https:\/\/boreait.com\/hu\/wp-json\/wp\/v2\/product\/8820","targetHints":{"allow":["GET"]}}],"collection":[{"href":"https:\/\/boreait.com\/hu\/wp-json\/wp\/v2\/product"}],"about":[{"href":"https:\/\/boreait.com\/hu\/wp-json\/wp\/v2\/types\/product"}],"wp:featuredmedia":[{"embeddable":true,"href":"https:\/\/boreait.com\/hu\/wp-json\/wp\/v2\/media\/8878"}],"wp:attachment":[{"href":"https:\/\/boreait.com\/hu\/wp-json\/wp\/v2\/media?parent=8820"}],"wp:term":[{"taxonomy":"product_brand","embeddable":true,"href":"https:\/\/boreait.com\/hu\/wp-json\/wp\/v2\/product_brand?post=8820"},{"taxonomy":"product_cat","embeddable":true,"href":"https:\/\/boreait.com\/hu\/wp-json\/wp\/v2\/product_cat?post=8820"},{"taxonomy":"product_tag","embeddable":true,"href":"https:\/\/boreait.com\/hu\/wp-json\/wp\/v2\/product_tag?post=8820"}],"curies":[{"name":"wp","href":"https:\/\/api.w.org\/{rel}","templated":true}]}}