{"id":8819,"date":"2025-09-17T12:15:35","date_gmt":"2025-09-17T10:15:35","guid":{"rendered":"https:\/\/boreait.com\/hu\/?post_type=product&#038;p=8819"},"modified":"2026-01-30T08:30:46","modified_gmt":"2026-01-30T07:30:46","slug":"ibm-lenovo-thinkpad-t430s-t420s-laptop-merevlemez-csatlakozolap-eredeti-csere","status":"publish","type":"product","link":"https:\/\/boreait.com\/hu\/termek\/ibm-lenovo-thinkpad-t430s-t420s-laptop-merevlemez-csatlakozolap-eredeti-csere\/","title":{"rendered":"IBM Lenovo ThinkPad T430S T420S laptop merevlemez csatlakoz\u00f3lap eredeti csere"},"content":{"rendered":"<p>Friss\u00edtse IBM Lenovo ThinkPad T430S vagy T420S laptopj\u00e1t az eredeti IBM Lenovo ThinkPad T430S T420S laptop merevlemez-csatlakoz\u00f3k\u00e1rty\u00e1val. A prec\u00edzen megalkotott \u00e9s a kompatibilit\u00e1sra tervezett eredeti cserealkatr\u00e9szt \u00fagy tervezt\u00e9k, hogy z\u00f6kken\u0151mentesen integr\u00e1l\u00f3djon az \u00d6n k\u00e9sz\u00fcl\u00e9k\u00e9be, megb\u00edzhat\u00f3 teljes\u00edtm\u00e9nyt \u00e9s csatlakoz\u00e1st biztos\u00edtva.<\/p>\n<p>Ha probl\u00e9m\u00e1kat tapasztal jelenlegi merevlemez-csatlakoz\u00f3k\u00e1rty\u00e1j\u00e1val, vagy friss\u00edteni szeretn\u00e9, ez az eredeti cserealkatr\u00e9sz a t\u00f6k\u00e9letes megold\u00e1s. \u00dagy tervezt\u00e9k, hogy megfeleljen a legmagasabb min\u0151s\u00e9gi \u00e9s kompatibilit\u00e1si k\u00f6vetelm\u00e9nyeknek, ez az alaplap optim\u00e1lis csatlakoztathat\u00f3s\u00e1got \u00e9s funkcionalit\u00e1st biztos\u00edt laptopja sz\u00e1m\u00e1ra.<\/p>\n<p>Egyszer\u0171 telep\u00edt\u00e9si folyamat\u00e1val gyorsan cser\u00e9lheti megl\u00e9v\u0151 merevlemez-csatlakoz\u00f3k\u00e1rty\u00e1j\u00e1t, \u00e9s vissza\u00e1ll\u00edthatja laptopja teljes\u00edtm\u00e9ny\u00e9t. R\u00e1ad\u00e1sul az eredeti IBM Lenovo min\u0151s\u00e9gnek k\u00f6sz\u00f6nhet\u0151en b\u00edzhat abban, hogy ez a cserealkatr\u00e9sz hossz\u00fa \u00e9lettartamot \u00e9s megb\u00edzhat\u00f3s\u00e1got biztos\u00edt.<\/p>\n<p>Ne hagyja, hogy egy hib\u00e1s merevlemez-csatlakoz\u00f3k\u00e1rtya visszafogja laptopja teljes\u00edtm\u00e9ny\u00e9t. Friss\u00edtsen az eredeti IBM Lenovo ThinkPad T430S T420S laptop merevlemez-csatlakoz\u00f3k\u00e1rty\u00e1ra, \u00e9s tapasztalja meg a z\u00f6kken\u0151mentes csatlakoz\u00e1st \u00e9s funkcionalit\u00e1st. Rendelje meg saj\u00e1tj\u00e1t m\u00e9g ma, \u00e9s \u00e9lvezze a nyugalmat, tudv\u00e1n, hogy laptopja eredeti cserealkatr\u00e9szekkel van felszerelve.<\/p>\n","protected":false},"excerpt":{"rendered":"<p>Cser\u00e9lje ki IBM Lenovo ThinkPad T430S vagy T420S laptopj\u00e1nak merevlemez-csatlakoz\u00f3k\u00e1rty\u00e1j\u00e1t erre az eredeti cserealkatr\u00e9szre. Az egyszer\u0171 telep\u00edt\u00e9sre \u00e9s z\u00f6kken\u0151mentes kompatibilit\u00e1sra tervezett k\u00e1rtya optim\u00e1lis csatlakoztathat\u00f3s\u00e1got \u00e9s funkcionalit\u00e1st biztos\u00edt az eszk\u00f6z sz\u00e1m\u00e1ra.<\/p>\n","protected":false},"featured_media":8877,"template":"","meta":[],"product_brand":[],"product_cat":[27],"product_tag":[26],"class_list":{"0":"post-8819","1":"product","2":"type-product","3":"status-publish","4":"has-post-thumbnail","6":"product_cat-motherboards-board-parts","7":"product_tag-lenovo","9":"first","10":"instock","11":"taxable","12":"shipping-taxable","13":"purchasable","14":"product-type-simple"},"_links":{"self":[{"href":"https:\/\/boreait.com\/hu\/wp-json\/wp\/v2\/product\/8819","targetHints":{"allow":["GET"]}}],"collection":[{"href":"https:\/\/boreait.com\/hu\/wp-json\/wp\/v2\/product"}],"about":[{"href":"https:\/\/boreait.com\/hu\/wp-json\/wp\/v2\/types\/product"}],"wp:featuredmedia":[{"embeddable":true,"href":"https:\/\/boreait.com\/hu\/wp-json\/wp\/v2\/media\/8877"}],"wp:attachment":[{"href":"https:\/\/boreait.com\/hu\/wp-json\/wp\/v2\/media?parent=8819"}],"wp:term":[{"taxonomy":"product_brand","embeddable":true,"href":"https:\/\/boreait.com\/hu\/wp-json\/wp\/v2\/product_brand?post=8819"},{"taxonomy":"product_cat","embeddable":true,"href":"https:\/\/boreait.com\/hu\/wp-json\/wp\/v2\/product_cat?post=8819"},{"taxonomy":"product_tag","embeddable":true,"href":"https:\/\/boreait.com\/hu\/wp-json\/wp\/v2\/product_tag?post=8819"}],"curies":[{"name":"wp","href":"https:\/\/api.w.org\/{rel}","templated":true}]}}