{"id":8818,"date":"2025-09-17T12:15:34","date_gmt":"2025-09-17T10:15:34","guid":{"rendered":"https:\/\/boreait.com\/hu\/?post_type=product&#038;p=8818"},"modified":"2026-01-30T08:30:30","modified_gmt":"2026-01-30T07:30:30","slug":"intel-centrino-advanced-n-6205-vezetek-nelkuli-pci-express-62205anhmw-2-4-5ghz-0x9jdy-3","status":"publish","type":"product","link":"https:\/\/boreait.com\/hu\/termek\/intel-centrino-advanced-n-6205-vezetek-nelkuli-pci-express-62205anhmw-2-4-5ghz-0x9jdy-3\/","title":{"rendered":"INTEL CENTRINO ADVANCED-N 6205 VEZET\u00c9K N\u00c9LK\u00dcLI PCI EXPRESS 62205ANHMW 2.4\/5Ghz 0X9JDY"},"content":{"rendered":"<p>Fokozza laptopja vezet\u00e9k n\u00e9lk\u00fcli kapcsolat\u00e1t az INTEL CENTRINO ADVANCED-N 6205 vezet\u00e9k n\u00e9lk\u00fcli PCI Express k\u00e1rty\u00e1val. A 2,4 GHz-es \u00e9s 5 GHz-es frekvenci\u00e1k t\u00e1mogat\u00e1s\u00e1val ez a k\u00e1rtya megb\u00edzhat\u00f3 \u00e9s nagy sebess\u00e9g\u0171 internet-hozz\u00e1f\u00e9r\u00e9st k\u00edn\u00e1l. A 62205ANHMW cikksz\u00e1mmal \u00e9s a 0X9JDY Dell laptop modellel kompatibilis ez az eredeti INTEL csere z\u00f6kken\u0151mentes integr\u00e1ci\u00f3t \u00e9s optim\u00e1lis teljes\u00edtm\u00e9nyt biztos\u00edt.<\/p>\n<p>F\u0151bb jellemz\u0151k:<\/p>\n<p>&#8211; K\u00e9ts\u00e1vos t\u00e1mogat\u00e1s: \u00c9lvezze a nagy sebess\u00e9g\u0171 internet-hozz\u00e1f\u00e9r\u00e9st 2,4 GHz-es \u00e9s 5 GHz-es frekvenci\u00e1n is a tov\u00e1bbfejlesztett b\u00f6ng\u00e9sz\u00e9s \u00e9s streamel\u00e9s \u00e9rdek\u00e9ben.<\/p>\n<p>&#8211; K\u00f6nny\u0171 telep\u00edt\u00e9s: Egyszer\u0171 telep\u00edt\u00e9ssel k\u00f6nnyed\u00e9n friss\u00edtheti laptopja vezet\u00e9k n\u00e9lk\u00fcli kapcsolat\u00e1t.<\/p>\n<p>&#8211; Kompatibilis a Dell laptopokkal: Kifejezetten a 0X9JDY Dell laptopokhoz tervezt\u00e9k, biztos\u00edtva a kompatibilit\u00e1st \u00e9s a megb\u00edzhat\u00f3s\u00e1got.<\/p>\n<p>&#8211; Eredeti INTEL csere: B\u00edzzon az eredeti INTEL cserealkatr\u00e9szek min\u0151s\u00e9g\u00e9ben \u00e9s megb\u00edzhat\u00f3s\u00e1g\u00e1ban az optim\u00e1lis teljes\u00edtm\u00e9ny \u00e9rdek\u00e9ben.<\/p>\n<p>Friss\u00edtse laptopj\u00e1t m\u00e9g ma az INTEL CENTRINO ADVANCED-N 6205 vezet\u00e9k n\u00e9lk\u00fcli PCI Express k\u00e1rty\u00e1val. V\u00e1s\u00e1roljon bizalommal, tudva, hogy min\u0151s\u00e9gi cserealkatr\u00e9szekbe fektet be k\u00e9sz\u00fcl\u00e9k\u00e9hez. Ha k\u00e9rd\u00e9se van, vagy seg\u00edts\u00e9gre van sz\u00fcks\u00e9ge, ne habozzon kapcsolatba l\u00e9pni vel\u00fcnk. Az\u00e9rt vagyunk itt, hogy seg\u00edts\u00fcnk \u00d6nnek a b\u00f6ng\u00e9sz\u00e9si \u00e9lm\u00e9ny jav\u00edt\u00e1s\u00e1ban.<\/p>\n","protected":false},"excerpt":{"rendered":"<p>B\u0151v\u00edtse laptopja vezet\u00e9k n\u00e9lk\u00fcli kapcsolat\u00e1t az INTEL CENTRINO ADVANCED-N 6205 Wireless PCI Express seg\u00edts\u00e9g\u00e9vel. K\u00e9ts\u00e1vos t\u00e1mogat\u00e1s a 2,4 GHz-es \u00e9s 5 GHz-es frekvenci\u00e1khoz. Kompatibilis a 62205ANHMW cikksz\u00e1mmal \u00e9s a 0X9JDY Dell laptop modellel. N\u00f6velje b\u00f6ng\u00e9sz\u00e9si \u00e9lm\u00e9ny\u00e9t m\u00e9g ma!<\/p>\n","protected":false},"featured_media":8876,"template":"","meta":[],"product_brand":[],"product_cat":[27],"product_tag":[79],"class_list":{"0":"post-8818","1":"product","2":"type-product","3":"status-publish","4":"has-post-thumbnail","6":"product_cat-motherboards-board-parts","7":"product_tag-intel","9":"first","10":"instock","11":"taxable","12":"shipping-taxable","13":"purchasable","14":"product-type-simple"},"_links":{"self":[{"href":"https:\/\/boreait.com\/hu\/wp-json\/wp\/v2\/product\/8818","targetHints":{"allow":["GET"]}}],"collection":[{"href":"https:\/\/boreait.com\/hu\/wp-json\/wp\/v2\/product"}],"about":[{"href":"https:\/\/boreait.com\/hu\/wp-json\/wp\/v2\/types\/product"}],"wp:featuredmedia":[{"embeddable":true,"href":"https:\/\/boreait.com\/hu\/wp-json\/wp\/v2\/media\/8876"}],"wp:attachment":[{"href":"https:\/\/boreait.com\/hu\/wp-json\/wp\/v2\/media?parent=8818"}],"wp:term":[{"taxonomy":"product_brand","embeddable":true,"href":"https:\/\/boreait.com\/hu\/wp-json\/wp\/v2\/product_brand?post=8818"},{"taxonomy":"product_cat","embeddable":true,"href":"https:\/\/boreait.com\/hu\/wp-json\/wp\/v2\/product_cat?post=8818"},{"taxonomy":"product_tag","embeddable":true,"href":"https:\/\/boreait.com\/hu\/wp-json\/wp\/v2\/product_tag?post=8818"}],"curies":[{"name":"wp","href":"https:\/\/api.w.org\/{rel}","templated":true}]}}