{"id":8817,"date":"2025-09-17T12:15:33","date_gmt":"2025-09-17T10:15:33","guid":{"rendered":"https:\/\/boreait.com\/hu\/?post_type=product&#038;p=8817"},"modified":"2026-01-30T08:30:15","modified_gmt":"2026-01-30T07:30:15","slug":"eredeti-lenovo-thinkpad-t430s-t430si-laptop-led-alkartya-04w3934-cserealkatresz","status":"publish","type":"product","link":"https:\/\/boreait.com\/hu\/termek\/eredeti-lenovo-thinkpad-t430s-t430si-laptop-led-alkartya-04w3934-cserealkatresz\/","title":{"rendered":"Eredeti Lenovo ThinkPad T430S T430Si laptop LED alk\u00e1rtya 04W3934 &#8211; Cserealkatr\u00e9sz"},"content":{"rendered":"<p>\u00c9les\u00edtse fel Lenovo ThinkPad T430S vagy T430Si laptopja teljes\u00edtm\u00e9ny\u00e9t az Eredeti Lenovo ThinkPad T430S T430Si Laptop 04W3934 LED-alk\u00e1rty\u00e1val. A legmagasabb min\u0151s\u00e9gi \u00e9s kompatibilit\u00e1si szabv\u00e1nyok szerint k\u00e9sz\u00fclt, ezt az eredeti cserealkatr\u00e9szt \u00fagy tervezt\u00e9k, hogy z\u00f6kken\u0151mentesen illeszkedjen az \u00d6n k\u00e9sz\u00fcl\u00e9k\u00e9hez, biztos\u00edtva a megb\u00edzhat\u00f3 m\u0171k\u00f6d\u00e9st \u00e9s teljes\u00edtm\u00e9nyt.<\/p>\n<p>Az eredeti Lenovo min\u0151s\u00e9ggel rendelkez\u0151 LED-alk\u00e1rtya ide\u00e1lis megold\u00e1s a laptop LED-funkci\u00f3inak eredeti \u00e1llapot\u00e1nak vissza\u00e1ll\u00edt\u00e1s\u00e1ra. Ak\u00e1r probl\u00e9m\u00e1kat tapasztal a jelenlegi LED-alk\u00e1rty\u00e1j\u00e1val, ak\u00e1r egyszer\u0171en csak friss\u00edteni szeretne, ez az eredeti cserealkatr\u00e9sz probl\u00e9mamentes megold\u00e1st k\u00edn\u00e1l laptopja jav\u00edt\u00e1si ig\u00e9nyeire.<\/p>\n<p>Az egyszer\u0171 telep\u00edt\u00e9sre tervezett LED-alk\u00e1rtya-csere nem ig\u00e9nyel speci\u00e1lis eszk\u00f6z\u00f6ket vagy szak\u00e9rtelmet, \u00edgy gyorsan \u00e9s egyszer\u0171en vissza\u00e1ll\u00edthatja laptopja teljes funkcionalit\u00e1s\u00e1t. Strapab\u00edr\u00f3 fel\u00e9p\u00edt\u00e9s\u00e9nek \u00e9s megb\u00edzhat\u00f3 teljes\u00edtm\u00e9ny\u00e9nek k\u00f6sz\u00f6nhet\u0151en megb\u00edzhat abban, hogy Lenovo ThinkPad T430S vagy T430Si pillanatok alatt \u00fajra \u00fczemk\u00e9pes lesz.<\/p>\n<p>A 04W3934 eredeti Lenovo ThinkPad T430S T430Si laptop LED-alk\u00e1rty\u00e1val tapasztalja meg az eredeti Lenovo alkatr\u00e9szek \u00e1ltal ny\u00fajtott k\u00fcl\u00f6nbs\u00e9get, \u00e9s gondoskodjon arr\u00f3l, hogy laptopja tov\u00e1bbra is a legjobb teljes\u00edtm\u00e9nyt ny\u00fajtsa. Rendelje meg saj\u00e1tj\u00e1t m\u00e9g ma, \u00e9s magabiztosan \u00e1ll\u00edtsa vissza laptopja funkcionalit\u00e1s\u00e1t.<\/p>\n","protected":false},"excerpt":{"rendered":"<p>Ezzel az eredeti cserealkatr\u00e9szrel \u00e1ll\u00edtsa vissza Lenovo ThinkPad T430S vagy T430Si laptop LED-alk\u00e1rty\u00e1j\u00e1nak m\u0171k\u00f6d\u0151k\u00e9pess\u00e9g\u00e9t. Az egyszer\u0171 telep\u00edt\u00e9sre tervezett kiv\u00e1l\u00f3 min\u0151s\u00e9g\u0171 LED-es alk\u00e1rtya optim\u00e1lis teljes\u00edtm\u00e9nyt \u00e9s kompatibilit\u00e1st biztos\u00edt, \u00edgy t\u00f6k\u00e9letes megold\u00e1st jelent laptopja jav\u00edt\u00e1si ig\u00e9nyeire.<\/p>\n","protected":false},"featured_media":8874,"template":"","meta":[],"product_brand":[],"product_cat":[27],"product_tag":[26],"class_list":{"0":"post-8817","1":"product","2":"type-product","3":"status-publish","4":"has-post-thumbnail","6":"product_cat-motherboards-board-parts","7":"product_tag-lenovo","9":"first","10":"instock","11":"taxable","12":"shipping-taxable","13":"purchasable","14":"product-type-simple"},"_links":{"self":[{"href":"https:\/\/boreait.com\/hu\/wp-json\/wp\/v2\/product\/8817","targetHints":{"allow":["GET"]}}],"collection":[{"href":"https:\/\/boreait.com\/hu\/wp-json\/wp\/v2\/product"}],"about":[{"href":"https:\/\/boreait.com\/hu\/wp-json\/wp\/v2\/types\/product"}],"wp:featuredmedia":[{"embeddable":true,"href":"https:\/\/boreait.com\/hu\/wp-json\/wp\/v2\/media\/8874"}],"wp:attachment":[{"href":"https:\/\/boreait.com\/hu\/wp-json\/wp\/v2\/media?parent=8817"}],"wp:term":[{"taxonomy":"product_brand","embeddable":true,"href":"https:\/\/boreait.com\/hu\/wp-json\/wp\/v2\/product_brand?post=8817"},{"taxonomy":"product_cat","embeddable":true,"href":"https:\/\/boreait.com\/hu\/wp-json\/wp\/v2\/product_cat?post=8817"},{"taxonomy":"product_tag","embeddable":true,"href":"https:\/\/boreait.com\/hu\/wp-json\/wp\/v2\/product_tag?post=8817"}],"curies":[{"name":"wp","href":"https:\/\/api.w.org\/{rel}","templated":true}]}}