{"id":8816,"date":"2025-09-17T12:15:33","date_gmt":"2025-09-17T10:15:33","guid":{"rendered":"https:\/\/boreait.com\/hu\/?post_type=product&#038;p=8816"},"modified":"2025-09-17T12:16:25","modified_gmt":"2025-09-17T10:16:25","slug":"eredeti-lenovo-thinkpad-t430s-bluetooth-vezetek-nelkuli-kapcsolotabla-04w1700-laptop-alkatreszek","status":"publish","type":"product","link":"https:\/\/boreait.com\/hu\/termek\/eredeti-lenovo-thinkpad-t430s-bluetooth-vezetek-nelkuli-kapcsolotabla-04w1700-laptop-alkatreszek\/","title":{"rendered":"Eredeti Lenovo ThinkPad T430s Bluetooth vezet\u00e9k n\u00e9lk\u00fcli kapcsol\u00f3t\u00e1bla 04W1700 laptop alkatr\u00e9szek"},"content":{"rendered":"<p>Fokozza Lenovo ThinkPad T430s laptopja csatlakoztathat\u00f3s\u00e1g\u00e1t az Eredeti Lenovo ThinkPad T430s Bluetooth vezet\u00e9k n\u00e9lk\u00fcli 04W1700 kapcsol\u00f3t\u00e1bl\u00e1val. Ezt a kiv\u00e1l\u00f3 min\u0151s\u00e9g\u0171 cserealkatr\u00e9szt kifejezetten a ThinkPad T430-hoz tervezt\u00e9k, z\u00f6kken\u0151mentes integr\u00e1ci\u00f3t \u00e9s megb\u00edzhat\u00f3 teljes\u00edtm\u00e9nyt biztos\u00edtva.<\/p>\n<p>Ak\u00e1r probl\u00e9m\u00e1kba \u00fctk\u00f6zik jelenlegi vezet\u00e9k n\u00e9lk\u00fcli kapcsol\u00f3k\u00e1rty\u00e1j\u00e1val, ak\u00e1r egyszer\u0171en cser\u00e9re van sz\u00fcks\u00e9ge, ez az eredeti Lenovo alkatr\u00e9sz garant\u00e1lja a kompatibilit\u00e1st \u00e9s az optim\u00e1lis m\u0171k\u00f6d\u00e9st. A 04W1700 Bluetooth vezet\u00e9k n\u00e9lk\u00fcli kapcsol\u00f3t\u00e1bla lehet\u0151v\u00e9 teszi, hogy vissza\u00e1ll\u00edtsa laptopja Bluetooth- \u00e9s vezet\u00e9k n\u00e9lk\u00fcli k\u00e9pess\u00e9geit, \u00edgy k\u00f6nnyed\u00e9n csatlakozhat k\u00fcl\u00f6nf\u00e9le eszk\u00f6z\u00f6kh\u00f6z.<\/p>\n<p>A Lenovo szigor\u00fa szabv\u00e1nyainak megfelel\u0151en kialak\u00edtott kapcsol\u00f3t\u00e1bla tart\u00f3ss\u00e1got \u00e9s hossz\u00fa \u00e9lettartamot k\u00edn\u00e1l. Egyszer\u0171en telep\u00edthet\u0151, \u00edgy probl\u00e9mamentes megold\u00e1s laptopjav\u00edt\u00e1si ig\u00e9nyeire. Ezzel az eredeti alkatr\u00e9szrel biztos lehet benne, hogy Lenovo ThinkPad T430s gyorsan \u00e9s hat\u00e9konyan visszanyeri vezet\u00e9k n\u00e9lk\u00fcli funkci\u00f3it.<\/p>\n<p>A list\u00e1n szerepl\u0151 fot\u00f3k val\u00f3di fot\u00f3k a kapott alkatr\u00e9szekr\u0151l, \u00edgy pontosan tudod, mire sz\u00e1m\u00edthatsz. Ha tov\u00e1bbi seg\u00edts\u00e9gre van sz\u00fcks\u00e9ge, nyugodtan \u00edrjon nek\u00fcnk.<\/p>\n<p>Rendelje meg az eredeti Lenovo ThinkPad T430s Bluetooth Wireless Switch Board 04W1700 k\u00e1rty\u00e1t m\u00e9g ma, \u00e9s \u00e1ll\u00edtsa helyre laptopja vezet\u00e9k n\u00e9lk\u00fcli kapcsolat\u00e1t k\u00f6nnyed\u00e9n \u00e9s magabiztosan.<\/p>\n","protected":false},"excerpt":{"rendered":"<p>Gondoskodjon z\u00f6kken\u0151mentes kapcsolatr\u00f3l ezzel az eredeti Lenovo ThinkPad T430s Bluetooth vezet\u00e9k n\u00e9lk\u00fcli 04W1700 kapcsol\u00f3k\u00e1rty\u00e1val. K\u00f6nnyen telep\u00edthet\u0151 \u00e9s tart\u00f3san meg\u00e9p\u00edtett, t\u00f6k\u00e9letes megold\u00e1s laptopja vezet\u00e9k n\u00e9lk\u00fcli funkci\u00f3inak vissza\u00e1ll\u00edt\u00e1s\u00e1ra.<\/p>\n","protected":false},"featured_media":8861,"template":"","meta":[],"product_brand":[],"product_cat":[27],"product_tag":[26],"class_list":{"0":"post-8816","1":"product","2":"type-product","3":"status-publish","4":"has-post-thumbnail","6":"product_cat-motherboards-board-parts","7":"product_tag-lenovo","9":"first","10":"instock","11":"taxable","12":"shipping-taxable","13":"purchasable","14":"product-type-simple"},"_links":{"self":[{"href":"https:\/\/boreait.com\/hu\/wp-json\/wp\/v2\/product\/8816","targetHints":{"allow":["GET"]}}],"collection":[{"href":"https:\/\/boreait.com\/hu\/wp-json\/wp\/v2\/product"}],"about":[{"href":"https:\/\/boreait.com\/hu\/wp-json\/wp\/v2\/types\/product"}],"wp:featuredmedia":[{"embeddable":true,"href":"https:\/\/boreait.com\/hu\/wp-json\/wp\/v2\/media\/8861"}],"wp:attachment":[{"href":"https:\/\/boreait.com\/hu\/wp-json\/wp\/v2\/media?parent=8816"}],"wp:term":[{"taxonomy":"product_brand","embeddable":true,"href":"https:\/\/boreait.com\/hu\/wp-json\/wp\/v2\/product_brand?post=8816"},{"taxonomy":"product_cat","embeddable":true,"href":"https:\/\/boreait.com\/hu\/wp-json\/wp\/v2\/product_cat?post=8816"},{"taxonomy":"product_tag","embeddable":true,"href":"https:\/\/boreait.com\/hu\/wp-json\/wp\/v2\/product_tag?post=8816"}],"curies":[{"name":"wp","href":"https:\/\/api.w.org\/{rel}","templated":true}]}}