{"id":8804,"date":"2025-09-17T12:15:10","date_gmt":"2025-09-17T10:15:10","guid":{"rendered":"https:\/\/boreait.com\/hu\/?post_type=product&#038;p=8804"},"modified":"2026-01-30T08:29:55","modified_gmt":"2026-01-30T07:29:55","slug":"eredeti-lenovo-thinkpad-t420s-hangszoroegyseg-23-40846-001-laptop-alkatreszek","status":"publish","type":"product","link":"https:\/\/boreait.com\/hu\/termek\/eredeti-lenovo-thinkpad-t420s-hangszoroegyseg-23-40846-001-laptop-alkatreszek\/","title":{"rendered":"Eredeti Lenovo Thinkpad T420s hangsz\u00f3r\u00f3egys\u00e9g 23.40846.001 laptop alkatr\u00e9szek"},"content":{"rendered":"<p>N\u00f6velje Lenovo Thinkpad T420s hangteljes\u00edtm\u00e9ny\u00e9t az Eredeti Lenovo Thinkpad T420s 23.40846.001 hangsz\u00f3r\u00f3egys\u00e9ggel. Ez a prec\u00edz kompatibilit\u00e1sra \u00e9s kiv\u00e9teles hangmin\u0151s\u00e9gre tervezett hangsz\u00f3r\u00f3szerelv\u00e9ny t\u00f6k\u00e9letes megold\u00e1s a laptop hangj\u00e1nak eredeti tisztas\u00e1g\u00e1nak vissza\u00e1ll\u00edt\u00e1s\u00e1ra.<\/p>\n<p>A Lenovo szigor\u00fa min\u0151s\u00e9gi el\u0151\u00edr\u00e1sainak megfelel\u0151en gy\u00e1rtott hangsz\u00f3r\u00f3-szerelv\u00e9ny z\u00f6kken\u0151mentes integr\u00e1ci\u00f3t biztos\u00edt Thinkpad T420-as k\u00e9sz\u00fcl\u00e9keivel. Ak\u00e1r a jelenlegi hangsz\u00f3r\u00f3i hib\u00e1san m\u0171k\u00f6dnek, ak\u00e1r hangtorzul\u00e1st tapasztal, ez az eredeti cserealkatr\u00e9sz megb\u00edzhat\u00f3 \u00e9s kiv\u00e1l\u00f3 min\u0151s\u00e9g\u0171 megold\u00e1st k\u00edn\u00e1l.<\/p>\n<p>A hangsug\u00e1rz\u00f3-szerelv\u00e9ny felszerel\u00e9se egyszer\u0171, \u00edgy probl\u00e9mamentes megold\u00e1st k\u00edn\u00e1l laptopja jav\u00edt\u00e1s\u00e1hoz. A tart\u00f3ss\u00e1gra \u00e9s a kiv\u00e1l\u00f3 teljes\u00edtm\u00e9nyre tervezett Lenovo Thinkpad T420 ism\u00e9t tiszta \u00e9s er\u0151teljes hangz\u00e1st biztos\u00edt.<\/p>\n<p>Tapasztalja meg az eredeti Lenovo alkatr\u00e9szek kiv\u00e1l\u00f3 min\u0151s\u00e9g\u00e9t \u00e9s megb\u00edzhat\u00f3s\u00e1g\u00e1t a 23.40846.001 sz\u00e1m\u00fa Lenovo Thinkpad T420s hangsz\u00f3r\u00f3egys\u00e9g seg\u00edts\u00e9g\u00e9vel. Rendelje meg most, hogy megfiatal\u00edtsa laptopja audiorendszer\u00e9t, \u00e9s \u00faj tisztas\u00e1ggal \u00e9s hanger\u0151vel \u00e9lvezze kedvenc m\u00e9di\u00e1j\u00e1t.<\/p>\n","protected":false},"excerpt":{"rendered":"<p>\u00c1ll\u00edtsa vissza Lenovo Thinkpad T420s hang\u00e9lm\u00e9ny\u00e9t ezzel az eredeti 23.40846.001 hangsz\u00f3r\u00f3-szerelettel. A t\u00f6k\u00e9letes kompatibilit\u00e1sra \u00e9s kiv\u00e1l\u00f3 hangmin\u0151s\u00e9gre tervezett cserealkatr\u00e9sz biztos\u00edtja, hogy laptopja hangsz\u00f3r\u00f3i \u00fajszer\u0171 teljes\u00edtm\u00e9nyt ny\u00fajtsanak.<\/p>\n","protected":false},"featured_media":8860,"template":"","meta":[],"product_brand":[],"product_cat":[18],"product_tag":[26],"class_list":{"0":"post-8804","1":"product","2":"type-product","3":"status-publish","4":"has-post-thumbnail","6":"product_cat-laptop-speakers","7":"product_tag-lenovo","9":"first","10":"instock","11":"taxable","12":"shipping-taxable","13":"purchasable","14":"product-type-simple"},"_links":{"self":[{"href":"https:\/\/boreait.com\/hu\/wp-json\/wp\/v2\/product\/8804","targetHints":{"allow":["GET"]}}],"collection":[{"href":"https:\/\/boreait.com\/hu\/wp-json\/wp\/v2\/product"}],"about":[{"href":"https:\/\/boreait.com\/hu\/wp-json\/wp\/v2\/types\/product"}],"wp:featuredmedia":[{"embeddable":true,"href":"https:\/\/boreait.com\/hu\/wp-json\/wp\/v2\/media\/8860"}],"wp:attachment":[{"href":"https:\/\/boreait.com\/hu\/wp-json\/wp\/v2\/media?parent=8804"}],"wp:term":[{"taxonomy":"product_brand","embeddable":true,"href":"https:\/\/boreait.com\/hu\/wp-json\/wp\/v2\/product_brand?post=8804"},{"taxonomy":"product_cat","embeddable":true,"href":"https:\/\/boreait.com\/hu\/wp-json\/wp\/v2\/product_cat?post=8804"},{"taxonomy":"product_tag","embeddable":true,"href":"https:\/\/boreait.com\/hu\/wp-json\/wp\/v2\/product_tag?post=8804"}],"curies":[{"name":"wp","href":"https:\/\/api.w.org\/{rel}","templated":true}]}}