{"id":8803,"date":"2025-09-17T12:15:10","date_gmt":"2025-09-17T10:15:10","guid":{"rendered":"https:\/\/boreait.com\/hu\/?post_type=product&#038;p=8803"},"modified":"2025-09-17T12:16:21","modified_gmt":"2025-09-17T10:16:21","slug":"lcd-kepernyo-zsanerok-kepernyotengely-lenovo-thinkpad-ibm-t420s-t420si-t430si-t430s-laptop-alkatreszekhez","status":"publish","type":"product","link":"https:\/\/boreait.com\/hu\/termek\/lcd-kepernyo-zsanerok-kepernyotengely-lenovo-thinkpad-ibm-t420s-t420si-t430si-t430s-laptop-alkatreszekhez\/","title":{"rendered":"LCD k\u00e9perny\u0151 zsan\u00e9rok k\u00e9perny\u0151tengely Lenovo ThinkPad IBM T420S T420SI T430SI T430S laptop alkatr\u00e9szekhez"},"content":{"rendered":"<p>Gondoskodjon Lenovo ThinkPad IBM T420S, T420SI, T430SI vagy T430S hossz\u00fa \u00e9lettartam\u00e1r\u00f3l \u00e9s z\u00f6kken\u0151mentes m\u0171k\u00f6d\u00e9s\u00e9r\u0151l kiv\u00e1l\u00f3 min\u0151s\u00e9g\u0171 LCD-k\u00e9perny\u0151 csukl\u00f3p\u00e1ntjainkkal \u00e9s k\u00e9perny\u0151tengelyeinkkel. A kifejezetten ezekhez a modellekhez tervezett cserealkatr\u00e9szek z\u00f6kken\u0151mentes illeszked\u00e9st \u00e9s megb\u00edzhat\u00f3 teljes\u00edtm\u00e9nyt biztos\u00edtanak.<\/p>\n<p>Ak\u00e1r elhaszn\u00e1l\u00f3dtak, ak\u00e1r megs\u00e9r\u00fcltek laptopja k\u00e9perny\u0151p\u00e1ntjai, eredeti cserealkatr\u00e9szeink helyre\u00e1ll\u00edtj\u00e1k laptopja m\u0171k\u00f6d\u00e9s\u00e9t \u00e9s meg\u0151rzik szerkezeti integrit\u00e1s\u00e1t. A tart\u00f3s anyagokb\u00f3l k\u00e9sz\u00fclt zsan\u00e9rok \u00e9s tengelyek \u00fagy k\u00e9sz\u00fcltek, hogy ellen\u00e1lljanak a napi haszn\u00e1latnak, biztos\u00edtva a k\u00e9perny\u0151 z\u00f6kken\u0151mentes nyit\u00e1s\u00e1t \u00e9s z\u00e1r\u00e1s\u00e1t.<\/p>\n<p>F\u0151bb jellemz\u0151k:<\/p>\n<p>&#8211; Kompatibilis a Lenovo ThinkPad IBM T420S, T420SI, T430SI \u00e9s T430S k\u00e9sz\u00fcl\u00e9kekkel<\/p>\n<p>&#8211; Tart\u00f3s konstrukci\u00f3 a hossz\u00fa \u00e9lettartam \u00e9rdek\u00e9ben<\/p>\n<p>&#8211; K\u00f6nnyen telep\u00edthet\u0151, probl\u00e9mamentes jav\u00edt\u00e1si megold\u00e1st k\u00edn\u00e1lva<\/p>\n<p>&#8211; Biztos\u00edtja a k\u00e9perny\u0151 egyenletes \u00e9s stabil m\u0171k\u00f6d\u00e9s\u00e9t<\/p>\n<p>A Siggmon\u00e1l a min\u0151s\u00e9get \u00e9s az \u00fcgyfelek el\u00e9gedetts\u00e9g\u00e9t helyezz\u00fck el\u0151t\u00e9rbe. Minden zsan\u00e9r- \u00e9s tengelyk\u00e9szletet gondosan ellen\u0151riznek, hogy megfeleljenek szigor\u00fa szabv\u00e1nyainknak, garant\u00e1lva, hogy olyan term\u00e9ket kapjon, amelyben megb\u00edzhat. Ha tov\u00e1bbi seg\u00edts\u00e9gre van sz\u00fcks\u00e9ge, b\u00e1tran \u00edrjon nek\u00fcnk \u2013 elk\u00f6telezett \u00fcgyf\u00e9lszolg\u00e1lati csapatunk k\u00e9szs\u00e9ggel \u00e1ll rendelkez\u00e9s\u00e9re.<\/p>\n<p>Magabiztosan friss\u00edtheti laptopj\u00e1t, ha LCD k\u00e9perny\u0151p\u00e1ntjainkat \u00e9s k\u00e9perny\u0151sz\u00e1runkat v\u00e1lasztja Lenovo ThinkPad IBM T420S, T420SI, T430SI \u00e9s T430S k\u00e9sz\u00fcl\u00e9kekhez. Rendeljen most, \u00e9s tapasztalja meg azt a min\u0151s\u00e9gi \u00e9s teljes\u00edtm\u00e9nybeli k\u00fcl\u00f6nbs\u00e9get, amelyet az eredeti laptopalkatr\u00e9szek k\u00edn\u00e1lnak.<\/p>\n","protected":false},"excerpt":{"rendered":"<p>\u00c1ll\u00edtsa vissza Lenovo ThinkPad T420S, T420SI, T430SI vagy T430S funkcionalit\u00e1s\u00e1t ezekkel a tart\u00f3s LCD-k\u00e9perny\u0151 zsan\u00e9rokkal \u00e9s k\u00e9perny\u0151sz\u00e1rral. A t\u00f6k\u00e9letes illeszked\u00e9sre tervezett cserealkatr\u00e9szek z\u00f6kken\u0151mentes m\u0171k\u00f6d\u00e9st \u00e9s hossz\u00fa \u00e9lettartamot biztos\u00edtanak.<\/p>\n","protected":false},"featured_media":8859,"template":"","meta":[],"product_brand":[],"product_cat":[19],"product_tag":[26],"class_list":{"0":"post-8803","1":"product","2":"type-product","3":"status-publish","4":"has-post-thumbnail","6":"product_cat-screen-hinge","7":"product_tag-lenovo","9":"first","10":"instock","11":"taxable","12":"shipping-taxable","13":"purchasable","14":"product-type-simple"},"_links":{"self":[{"href":"https:\/\/boreait.com\/hu\/wp-json\/wp\/v2\/product\/8803","targetHints":{"allow":["GET"]}}],"collection":[{"href":"https:\/\/boreait.com\/hu\/wp-json\/wp\/v2\/product"}],"about":[{"href":"https:\/\/boreait.com\/hu\/wp-json\/wp\/v2\/types\/product"}],"wp:featuredmedia":[{"embeddable":true,"href":"https:\/\/boreait.com\/hu\/wp-json\/wp\/v2\/media\/8859"}],"wp:attachment":[{"href":"https:\/\/boreait.com\/hu\/wp-json\/wp\/v2\/media?parent=8803"}],"wp:term":[{"taxonomy":"product_brand","embeddable":true,"href":"https:\/\/boreait.com\/hu\/wp-json\/wp\/v2\/product_brand?post=8803"},{"taxonomy":"product_cat","embeddable":true,"href":"https:\/\/boreait.com\/hu\/wp-json\/wp\/v2\/product_cat?post=8803"},{"taxonomy":"product_tag","embeddable":true,"href":"https:\/\/boreait.com\/hu\/wp-json\/wp\/v2\/product_tag?post=8803"}],"curies":[{"name":"wp","href":"https:\/\/api.w.org\/{rel}","templated":true}]}}